{"id":1806323,"date":"2025-03-28T16:44:04","date_gmt":"2025-03-28T14:44:04","guid":{"rendered":"https:\/\/liquidmaster.pl\/adbl-magic-mist-mojito-cocktail-200ml-odswiezacz-powietrza\/"},"modified":"2026-04-18T04:37:24","modified_gmt":"2026-04-18T02:37:24","slug":"adbl-magic-mist-mojito-cocktail-200ml-odswiezacz-powietrza","status":"publish","type":"product","link":"https:\/\/liquidmaster.pl\/en\/adbl-magic-mist-mojito-cocktail-200ml-odswiezacz-powietrza\/","title":{"rendered":"ADBL Magic Mist Mojito Cocktail 200ml \u2013 air freshener"},"content":{"rendered":"<p>Youngtimer is juicy and dynamic fragrances inspired by the sun, holidays and good fun. Their refreshing aromas will take you to the world of unforgettable adventures and exotic places in the blink of an eye.<\/p>\n<p>Magic Mist Mojito Cocktail \u2013 a composition inspired by the iconic Cuban drink. Refreshing lime and mint combined with the soothing sweetness of sugar cane take you to a world of carefree moments of fun and relaxation.<\/p>\n<p>Capacity: 200 ml<\/p>","protected":false},"excerpt":{"rendered":"<p>Youngtimer to soczyste i dynamiczne zapachy inspirowane s\u0142o\u0144cem, wakacjami i dobr\u0105 zabaw\u0105. Ich orze\u017awiaj\u0105ce aromaty w mgnieniu oka zabieraj\u0105 w \u015bwiat niezapomnianych przyg\u00f3d i egzotycznych miejsc. Magic Mist Mojito Cocktail \u2013 kompozycja inspirowana kultowym, kuba\u0144skim drinkiem. Orze\u017awiaj\u0105ca limonka i mi\u0119ta po\u0142\u0105czona z \u0142agodz\u0105c\u0105 s\u0142odycz\u0105 trzciny cukrowej przenosz\u0105 w \u015bwiat beztroskich chwil zabawy i relaksu. Pojemno\u015b\u0107:&hellip;&nbsp;<a href=\"https:\/\/liquidmaster.pl\/en\/adbl-magic-mist-mojito-cocktail-200ml-odswiezacz-powietrza\/\" rel=\"bookmark\">Read More \u00bb<span class=\"screen-reader-text\">ADBL Magic Mist Mojito Cocktail 200ml \u2013 air freshener<\/span><\/a><\/p>","protected":false},"featured_media":1849123,"comment_status":"open","ping_status":"open","template":"","meta":{"neve_meta_sidebar":"","neve_meta_container":"","neve_meta_enable_content_width":"","neve_meta_content_width":0,"neve_meta_title_alignment":"","neve_meta_author_avatar":"","neve_post_elements_order":"","neve_meta_disable_header":"","neve_meta_disable_footer":"","neve_meta_disable_title":"","_themeisle_gutenberg_block_has_review":false},"product_brand":[],"product_cat":[801,802,768],"product_tag":[258],"class_list":{"0":"post-1806323","1":"product","2":"type-product","3":"status-publish","4":"has-post-thumbnail","6":"product_cat-odswiezacze-powietrza","7":"product_cat-perfumy-i-spraye","8":"product_cat-wnetrze-auta","9":"product_tag-adbl","11":"first","12":"instock","13":"taxable","14":"shipping-taxable","15":"purchasable","16":"product-type-simple"},"_links":{"self":[{"href":"https:\/\/liquidmaster.pl\/en\/wp-json\/wp\/v2\/product\/1806323","targetHints":{"allow":["GET"]}}],"collection":[{"href":"https:\/\/liquidmaster.pl\/en\/wp-json\/wp\/v2\/product"}],"about":[{"href":"https:\/\/liquidmaster.pl\/en\/wp-json\/wp\/v2\/types\/product"}],"replies":[{"embeddable":true,"href":"https:\/\/liquidmaster.pl\/en\/wp-json\/wp\/v2\/comments?post=1806323"}],"wp:featuredmedia":[{"embeddable":true,"href":"https:\/\/liquidmaster.pl\/en\/wp-json\/wp\/v2\/media\/1849123"}],"wp:attachment":[{"href":"https:\/\/liquidmaster.pl\/en\/wp-json\/wp\/v2\/media?parent=1806323"}],"wp:term":[{"taxonomy":"product_brand","embeddable":true,"href":"https:\/\/liquidmaster.pl\/en\/wp-json\/wp\/v2\/product_brand?post=1806323"},{"taxonomy":"product_cat","embeddable":true,"href":"https:\/\/liquidmaster.pl\/en\/wp-json\/wp\/v2\/product_cat?post=1806323"},{"taxonomy":"product_tag","embeddable":true,"href":"https:\/\/liquidmaster.pl\/en\/wp-json\/wp\/v2\/product_tag?post=1806323"}],"curies":[{"name":"wp","href":"https:\/\/api.w.org\/{rel}","templated":true}]}}