{"id":1806315,"date":"2025-03-28T16:42:48","date_gmt":"2025-03-28T14:42:48","guid":{"rendered":"https:\/\/liquidmaster.pl\/adbl-magic-mist-berries-fusion-200ml-odswiezacz-powietrza\/"},"modified":"2026-04-20T08:17:08","modified_gmt":"2026-04-20T06:17:08","slug":"adbl-magic-mist-berries-fusion-200ml-odswiezacz-powietrza","status":"publish","type":"product","link":"https:\/\/liquidmaster.pl\/en\/adbl-magic-mist-berries-fusion-200ml-odswiezacz-powietrza\/","title":{"rendered":"ADBL Magic Mist Berries Fusion 200ml \u2013 air freshener"},"content":{"rendered":"<p>Freshtimer is a generation of fragrances in fresh, crisp tones. It consists of original compositions of aromas that will appeal to anyone who is looking for energy, refreshment and lightness in a scent.<\/p>\n<p>Magic Mist Goji Berries Fusion - a unique scent of goji berries combining the aroma of wild rose and blackcurrant, takes us for a morning walk in the garden, where every breath is full of freshness.<\/p>\n<p>Capacity: 200 ml<\/p>","protected":false},"excerpt":{"rendered":"<p>Freshtimer to generacja zapach\u00f3w w \u015bwie\u017cej, rze\u015bkiej tonacji. Tworz\u0105 j\u0105 niebanalne kompozycje aromat\u00f3w, kt\u00f3re przypadn\u0105 do gustu ka\u017cdemu, kto poszukuje w zapachu energii, orze\u017awienia i lekko\u015bci. Magic Mist Goji Berries Fusion \u2013 unikalny zapach jag\u00f3d goji \u0142\u0105cz\u0105cy w sobie aromat dzikiej r\u00f3\u017cy i czarnej porzeczki, zabiera nas na poranny spacer po ogrodzie, gdzie ka\u017cdy oddech&hellip;&nbsp;<a href=\"https:\/\/liquidmaster.pl\/en\/adbl-magic-mist-berries-fusion-200ml-odswiezacz-powietrza\/\" rel=\"bookmark\">Read More \u00bb<span class=\"screen-reader-text\">ADBL Magic Mist Berries Fusion 200ml \u2013 air freshener<\/span><\/a><\/p>","protected":false},"featured_media":1849112,"comment_status":"open","ping_status":"open","template":"","meta":{"neve_meta_sidebar":"","neve_meta_container":"","neve_meta_enable_content_width":"","neve_meta_content_width":0,"neve_meta_title_alignment":"","neve_meta_author_avatar":"","neve_post_elements_order":"","neve_meta_disable_header":"","neve_meta_disable_footer":"","neve_meta_disable_title":"","_themeisle_gutenberg_block_has_review":false},"product_brand":[],"product_cat":[801,802,768],"product_tag":[258],"class_list":{"0":"post-1806315","1":"product","2":"type-product","3":"status-publish","4":"has-post-thumbnail","6":"product_cat-odswiezacze-powietrza","7":"product_cat-perfumy-i-spraye","8":"product_cat-wnetrze-auta","9":"product_tag-adbl","11":"first","12":"instock","13":"taxable","14":"shipping-taxable","15":"purchasable","16":"product-type-simple"},"_links":{"self":[{"href":"https:\/\/liquidmaster.pl\/en\/wp-json\/wp\/v2\/product\/1806315","targetHints":{"allow":["GET"]}}],"collection":[{"href":"https:\/\/liquidmaster.pl\/en\/wp-json\/wp\/v2\/product"}],"about":[{"href":"https:\/\/liquidmaster.pl\/en\/wp-json\/wp\/v2\/types\/product"}],"replies":[{"embeddable":true,"href":"https:\/\/liquidmaster.pl\/en\/wp-json\/wp\/v2\/comments?post=1806315"}],"wp:featuredmedia":[{"embeddable":true,"href":"https:\/\/liquidmaster.pl\/en\/wp-json\/wp\/v2\/media\/1849112"}],"wp:attachment":[{"href":"https:\/\/liquidmaster.pl\/en\/wp-json\/wp\/v2\/media?parent=1806315"}],"wp:term":[{"taxonomy":"product_brand","embeddable":true,"href":"https:\/\/liquidmaster.pl\/en\/wp-json\/wp\/v2\/product_brand?post=1806315"},{"taxonomy":"product_cat","embeddable":true,"href":"https:\/\/liquidmaster.pl\/en\/wp-json\/wp\/v2\/product_cat?post=1806315"},{"taxonomy":"product_tag","embeddable":true,"href":"https:\/\/liquidmaster.pl\/en\/wp-json\/wp\/v2\/product_tag?post=1806315"}],"curies":[{"name":"wp","href":"https:\/\/api.w.org\/{rel}","templated":true}]}}