{"id":1806309,"date":"2025-03-28T16:42:26","date_gmt":"2025-03-28T14:42:26","guid":{"rendered":"https:\/\/liquidmaster.pl\/detailing-house-wiadro-transparentne-20l-z-separatorem\/"},"modified":"2026-04-18T04:37:22","modified_gmt":"2026-04-18T02:37:22","slug":"detailing-house-wiadro-transparentne-20l-z-separatorem","status":"publish","type":"product","link":"https:\/\/liquidmaster.pl\/en\/detailing-house-wiadro-transparentne-20l-z-separatorem\/","title":{"rendered":"Detailing House Transparent Bucket 20L \u2013 with separator"},"content":{"rendered":"<p>Detailing bucket with a capacity of 20 liters. Durable construction made of high-quality transparent material, which allows easy observation of the contents. The dirt separator at the bottom effectively prevents scratches when washing the car. The capacity of 20 liters allows you to store all the necessary cleaning products. The perfect bucket for enthusiasts who care about the perfect condition of their vehicle.<\/p>\n<p>Color: transparent bucket + black separator<\/p>\n<p>Capacity: 20L<\/p>","protected":false},"excerpt":{"rendered":"<p>Wiadro detailingowe o pojemno\u015bci 20 litr\u00f3w. Wytrzyma\u0142a konstrukcja z wysokiej jako\u015bci przezroczystego tworzywa, co pozwala na \u0142atw\u0105 obserwacj\u0119 zawarto\u015bci. Separator brudu na dnie skutecznie zapobiega zarysowaniom podczas mycia samochodu. Pojemno\u015b\u0107 20 litr\u00f3w pozwala na przechowywanie wszystkich niezb\u0119dnych \u015brodk\u00f3w czysto\u015bci. Idealne wiadro dla pasjonat\u00f3w dbaj\u0105cych o perfekcyjny stan pojazdu. Kolor: transparentne wiadro + czarny separator Pojemno\u015b\u0107:&hellip;&nbsp;<a href=\"https:\/\/liquidmaster.pl\/en\/detailing-house-wiadro-transparentne-20l-z-separatorem\/\" rel=\"bookmark\">Read More \u00bb<span class=\"screen-reader-text\">Detailing House Transparent Bucket 20L \u2013 with separator<\/span><\/a><\/p>","protected":false},"featured_media":1849108,"comment_status":"open","ping_status":"open","template":"","meta":{"neve_meta_sidebar":"","neve_meta_container":"","neve_meta_enable_content_width":"","neve_meta_content_width":0,"neve_meta_title_alignment":"","neve_meta_author_avatar":"","neve_post_elements_order":"","neve_meta_disable_header":"","neve_meta_disable_footer":"","neve_meta_disable_title":"","_themeisle_gutenberg_block_has_review":false},"product_brand":[],"product_cat":[734,733,782],"product_tag":[286],"class_list":{"0":"post-1806309","1":"product","2":"type-product","3":"status-publish","4":"has-post-thumbnail","6":"product_cat-mycie-i-osuszanie","7":"product_cat-na-zewnatrz","8":"product_cat-wiadra-i-separatory","9":"product_tag-detailing-house","11":"first","12":"instock","13":"taxable","14":"shipping-taxable","15":"purchasable","16":"product-type-simple"},"_links":{"self":[{"href":"https:\/\/liquidmaster.pl\/en\/wp-json\/wp\/v2\/product\/1806309","targetHints":{"allow":["GET"]}}],"collection":[{"href":"https:\/\/liquidmaster.pl\/en\/wp-json\/wp\/v2\/product"}],"about":[{"href":"https:\/\/liquidmaster.pl\/en\/wp-json\/wp\/v2\/types\/product"}],"replies":[{"embeddable":true,"href":"https:\/\/liquidmaster.pl\/en\/wp-json\/wp\/v2\/comments?post=1806309"}],"wp:featuredmedia":[{"embeddable":true,"href":"https:\/\/liquidmaster.pl\/en\/wp-json\/wp\/v2\/media\/1849108"}],"wp:attachment":[{"href":"https:\/\/liquidmaster.pl\/en\/wp-json\/wp\/v2\/media?parent=1806309"}],"wp:term":[{"taxonomy":"product_brand","embeddable":true,"href":"https:\/\/liquidmaster.pl\/en\/wp-json\/wp\/v2\/product_brand?post=1806309"},{"taxonomy":"product_cat","embeddable":true,"href":"https:\/\/liquidmaster.pl\/en\/wp-json\/wp\/v2\/product_cat?post=1806309"},{"taxonomy":"product_tag","embeddable":true,"href":"https:\/\/liquidmaster.pl\/en\/wp-json\/wp\/v2\/product_tag?post=1806309"}],"curies":[{"name":"wp","href":"https:\/\/api.w.org\/{rel}","templated":true}]}}