{"id":1806297,"date":"2025-03-28T16:42:04","date_gmt":"2025-03-28T14:42:04","guid":{"rendered":"https:\/\/liquidmaster.pl\/blend-brothers-double-trouble-wheel-cleaner-5l-srodek-do-czyszczenia-felg\/"},"modified":"2026-04-18T04:37:20","modified_gmt":"2026-04-18T02:37:20","slug":"blend-brothers-double-trouble-wheel-cleaner-5l-srodek-do-czyszczenia-felg","status":"publish","type":"product","link":"https:\/\/liquidmaster.pl\/en\/blend-brothers-double-trouble-wheel-cleaner-5l-srodek-do-czyszczenia-felg\/","title":{"rendered":"Blend Brothers DOUBLE TROUBLE Wheel Cleaner 5L \u2013 rim cleaner"},"content":{"rendered":"<p>DOUBLE TROUBLE 2in1 Safe Wheel Cleaner &amp; Wheel Shampoo is a neutral product created especially for effective cleaning of rims. It is safe for all types of rims, whether they are protected with coatings or not. It can also be used as a shampoo, making it a versatile solution for car rim care. In addition, it can also be used to gently clean tires and plastic wheel arches.<\/p>\n<p>DOUBLE TROUBLE 2in1 Safe Wheel Cleaner &amp; Wheel Shampoo ensures effective cleaning of rims, removing dirt and deposits without damaging the surface. Thanks to its neutral pH, it does not cause corrosion or damage, ensuring safe and effective cleaning.<\/p>\n<p>DOUBLE TROUBLE 2in1 Safe Wheel Cleaner &amp; Wheel can be used with the included atomizer or as a rim cleaning shampoo by adding it to a bucket of water. Apply the product to the surface of the rim and then clean it mechanically using a brush or brush, focusing on hard-to-reach places and removing any dirt. Then rinse the rims thoroughly with a large stream of water to remove any product residue and dry them with a clean and soft cloth.<\/p>\n<p>Our product will make your rims look like new, while providing them with proper care and protection. Together with DOUBLE TROUBLE 2in1 Safe Wheel Cleaner &amp; Wheel Shampoo, all roads will be open to you!<\/p>\n<p>Usage:<\/p>\n<li>DOUBLE TROUBLE 2in1 Safe Wheel Cleaner &amp; Wheel can be used with the included atomizer or as a rim cleaning shampoo by adding it to a bucket of water.<\/li>\n<li>Apply the product to the rim surface.<\/li>\n<li>Clean the rims mechanically using a brush or brush, focusing on hard-to-reach places and removing any dirt.<\/li>\n<li>Rinse the rims thoroughly with a large stream of water to remove any product residue.<\/li>\n<li>Dry the rims with a clean and soft cloth.<\/li>\n<p>Capacity: 5L<\/p>\n<p>\u00a0<\/p>","protected":false},"excerpt":{"rendered":"<p>DOUBLE TROUBLE 2in1 Safe Wheel Cleaner &#038; Wheel Shampoo to neutralny produkt stworzony specjalnie do skutecznego czyszczenia felg. Jest bezpieczny dla wszystkich rodzaj\u00f3w felg, niezale\u017cnie od tego, czy s\u0105 one zabezpieczone pow\u0142okami, czy nie. Mo\u017cna go r\u00f3wnie\u017c u\u017cywa\u0107 jako szamponu, co sprawia, \u017ce jest wszechstronnym rozwi\u0105zaniem do piel\u0119gnacji felg samochodowych. Ponadto mo\u017ce by\u0107 r\u00f3wnie\u017c wykorzystany&hellip;&nbsp;<a href=\"https:\/\/liquidmaster.pl\/en\/blend-brothers-double-trouble-wheel-cleaner-5l-srodek-do-czyszczenia-felg\/\" rel=\"bookmark\">Read More \u00bb<span class=\"screen-reader-text\">Blend Brothers DOUBLE TROUBLE Wheel Cleaner 5L \u2013 rim cleaner<\/span><\/a><\/p>","protected":false},"featured_media":1849087,"comment_status":"open","ping_status":"open","template":"","meta":{"neve_meta_sidebar":"","neve_meta_container":"","neve_meta_enable_content_width":"","neve_meta_content_width":0,"neve_meta_title_alignment":"","neve_meta_author_avatar":"","neve_post_elements_order":"","neve_meta_disable_header":"","neve_meta_disable_footer":"","neve_meta_disable_title":"","_themeisle_gutenberg_block_has_review":false},"product_brand":[],"product_cat":[746,745,733],"product_tag":[936],"class_list":{"0":"post-1806297","1":"product","2":"type-product","3":"status-publish","4":"has-post-thumbnail","6":"product_cat-czyszczenie-felg","7":"product_cat-kola-i-opony","8":"product_cat-na-zewnatrz","9":"product_tag-blend-brothers","11":"first","12":"instock","13":"taxable","14":"shipping-taxable","15":"purchasable","16":"product-type-simple"},"_links":{"self":[{"href":"https:\/\/liquidmaster.pl\/en\/wp-json\/wp\/v2\/product\/1806297","targetHints":{"allow":["GET"]}}],"collection":[{"href":"https:\/\/liquidmaster.pl\/en\/wp-json\/wp\/v2\/product"}],"about":[{"href":"https:\/\/liquidmaster.pl\/en\/wp-json\/wp\/v2\/types\/product"}],"replies":[{"embeddable":true,"href":"https:\/\/liquidmaster.pl\/en\/wp-json\/wp\/v2\/comments?post=1806297"}],"wp:featuredmedia":[{"embeddable":true,"href":"https:\/\/liquidmaster.pl\/en\/wp-json\/wp\/v2\/media\/1849087"}],"wp:attachment":[{"href":"https:\/\/liquidmaster.pl\/en\/wp-json\/wp\/v2\/media?parent=1806297"}],"wp:term":[{"taxonomy":"product_brand","embeddable":true,"href":"https:\/\/liquidmaster.pl\/en\/wp-json\/wp\/v2\/product_brand?post=1806297"},{"taxonomy":"product_cat","embeddable":true,"href":"https:\/\/liquidmaster.pl\/en\/wp-json\/wp\/v2\/product_cat?post=1806297"},{"taxonomy":"product_tag","embeddable":true,"href":"https:\/\/liquidmaster.pl\/en\/wp-json\/wp\/v2\/product_tag?post=1806297"}],"curies":[{"name":"wp","href":"https:\/\/api.w.org\/{rel}","templated":true}]}}