{"id":1806281,"date":"2025-03-28T16:40:29","date_gmt":"2025-03-28T14:40:29","guid":{"rendered":"https:\/\/liquidmaster.pl\/blend-brothers-bloom-quick-detailer-500ml-srodek-do-nablyszczania-lakieru\/"},"modified":"2026-04-18T04:37:17","modified_gmt":"2026-04-18T02:37:17","slug":"blend-brothers-bloom-quick-detailer-500ml-srodek-do-nablyszczania-lakieru","status":"publish","type":"product","link":"https:\/\/liquidmaster.pl\/en\/blend-brothers-bloom-quick-detailer-500ml-srodek-do-nablyszczania-lakieru\/","title":{"rendered":"Blend Brothers BLOOM Quick Detailer 500ml \u2013 paint gloss agent"},"content":{"rendered":"<p>BLOOM Quick Detailer is a preparation for quickly polishing the paint. It not only refreshes the color and gives a beautiful shine, but also creates a protective hydrophobic barrier on the paint surface. Thanks to it, water and dirt will flow from the surface, making it easier to keep the car clean on a daily basis.<\/p>\n<p>BLOOM Quick Detailer is a quick and effective solution for people who want to maintain the stunning appearance of their car. Give it a chance and enjoy a great paint finish without unnecessary effort.<\/p>\n<p>Usage:<\/p>\n<li>Wash your car thoroughly using the two-bucket method to remove dirt and debris from the surfaces.<\/li>\n<li>Apply the preparation to clean and dried varnish. Do it directly, using 1-2 sprays on a single panel or by applying the preparation to the microfiber first.<\/li>\n<li>Work the product onto the paint surface using a microfiber cloth, using circular or straight motions. You will notice how the varnish becomes shiny and deep in color.<\/li>\n<li>If necessary, remove excess product with a clean and dry microfiber cloth for perfect results.<\/li>\n<p>Capacity: 500 ml<\/p>\n<p>\u00a0<\/p>","protected":false},"excerpt":{"rendered":"<p>BLOOM Quick Detailer to preparat do szybkiego nab\u0142yszczenia lakieru. Nie tylko od\u015bwie\u017ca kolor i nadaje pi\u0119kny po\u0142ysk, ale r\u00f3wnie\u017c tworzy ochronn\u0105 barier\u0119 hydrofobow\u0105 na powierzchni lakieru. Dzi\u0119ki niemu woda i zanieczyszczenia b\u0119d\u0105 sp\u0142ywa\u0107 z powierzchni, u\u0142atwiaj\u0105c codzienne utrzymanie samochodu w czysto\u015bci. BLOOM Quick Detailer to szybkie i efektywne rozwi\u0105zanie dla os\u00f3b, kt\u00f3re pragn\u0105 zachowa\u0107 zniewalaj\u0105cy&hellip;&nbsp;<a href=\"https:\/\/liquidmaster.pl\/en\/blend-brothers-bloom-quick-detailer-500ml-srodek-do-nablyszczania-lakieru\/\" rel=\"bookmark\">Read More \u00bb<span class=\"screen-reader-text\">Blend Brothers BLOOM Quick Detailer 500ml \u2013 paint gloss agent<\/span><\/a><\/p>","protected":false},"featured_media":1849061,"comment_status":"open","ping_status":"open","template":"","meta":{"neve_meta_sidebar":"","neve_meta_container":"","neve_meta_enable_content_width":"","neve_meta_content_width":0,"neve_meta_title_alignment":"","neve_meta_author_avatar":"","neve_post_elements_order":"","neve_meta_disable_header":"","neve_meta_disable_footer":"","neve_meta_disable_title":"","_themeisle_gutenberg_block_has_review":false},"product_brand":[],"product_cat":[733,766,767],"product_tag":[936],"class_list":{"0":"post-1806281","1":"product","2":"type-product","3":"status-publish","4":"has-post-thumbnail","6":"product_cat-na-zewnatrz","7":"product_cat-ochrona-lakieru","8":"product_cat-quick-detailery","9":"product_tag-blend-brothers","11":"first","12":"instock","13":"taxable","14":"shipping-taxable","15":"purchasable","16":"product-type-simple"},"_links":{"self":[{"href":"https:\/\/liquidmaster.pl\/en\/wp-json\/wp\/v2\/product\/1806281","targetHints":{"allow":["GET"]}}],"collection":[{"href":"https:\/\/liquidmaster.pl\/en\/wp-json\/wp\/v2\/product"}],"about":[{"href":"https:\/\/liquidmaster.pl\/en\/wp-json\/wp\/v2\/types\/product"}],"replies":[{"embeddable":true,"href":"https:\/\/liquidmaster.pl\/en\/wp-json\/wp\/v2\/comments?post=1806281"}],"wp:featuredmedia":[{"embeddable":true,"href":"https:\/\/liquidmaster.pl\/en\/wp-json\/wp\/v2\/media\/1849061"}],"wp:attachment":[{"href":"https:\/\/liquidmaster.pl\/en\/wp-json\/wp\/v2\/media?parent=1806281"}],"wp:term":[{"taxonomy":"product_brand","embeddable":true,"href":"https:\/\/liquidmaster.pl\/en\/wp-json\/wp\/v2\/product_brand?post=1806281"},{"taxonomy":"product_cat","embeddable":true,"href":"https:\/\/liquidmaster.pl\/en\/wp-json\/wp\/v2\/product_cat?post=1806281"},{"taxonomy":"product_tag","embeddable":true,"href":"https:\/\/liquidmaster.pl\/en\/wp-json\/wp\/v2\/product_tag?post=1806281"}],"curies":[{"name":"wp","href":"https:\/\/api.w.org\/{rel}","templated":true}]}}