{"id":1806267,"date":"2025-03-28T16:38:46","date_gmt":"2025-03-28T14:38:46","guid":{"rendered":"https:\/\/liquidmaster.pl\/blend-brothers-softie-leather-cleaner-5l-srodek-do-czyszczenia-skory\/"},"modified":"2026-04-18T04:37:15","modified_gmt":"2026-04-18T02:37:15","slug":"blend-brothers-softie-leather-cleaner-5l-srodek-do-czyszczenia-skory","status":"publish","type":"product","link":"https:\/\/liquidmaster.pl\/en\/blend-brothers-softie-leather-cleaner-5l-srodek-do-czyszczenia-skory\/","title":{"rendered":"Blend Brothers SOFTIE Leather Cleaner 5L \u2013 leather cleaner"},"content":{"rendered":"<p>SOFTIE Leather Cleaner Soft is a neutral, delicate agent for cleaning leather, eco-leather, nubuck and alcantara. It not only effectively cleans the surface, but also provides protection, leaving the surface moisturized and flexible.<\/p>\n<p>SOFTIE Leather Cleaner Soft was created for safe cleaning of the most delicate leather. Its neutral pH minimizes the risk of drying and cracking of the cleaned surface. So you can rest easy knowing that our product provides optimal care for the leather in your car.<\/p>\n<p>SOFTIE Leather Cleaner Soft can be easily applied using the included atomizer or using a foam applicator. Apply it to a delicate brush, brush or microfiber cloth. Do not use dyed cloths! Then carefully clean the leather in small sections. Be sure not to allow the product to dry out while cleaning. Remove the extracted dirt with a clean and dry microfiber cloth. Enjoy clean, soft and refreshed skin without spots!<\/p>\n<p>Discover the secret of perfect cleaning and care of car leather using SOFTIE Leather Cleaner Soft. Effectively removes dirt, stains and sediment from the cleaned surface, providing the best care and restoring the natural glow of the skin.<\/p>\n<p>Usage:<\/p>\n<li>Use the included atomizer or foamer to apply the product.<\/li>\n<li>Apply the product to a delicate brush, brush or cloth.<\/li>\n<li>Carefully clean the leather in small sections, not allowing the product to dry.<\/li>\n<li>Remove the extracted dirt with a clean and dry microfiber cloth.<\/li>\n<p>Capacity: 5L<\/p>\n<p>\u00a0<\/p>","protected":false},"excerpt":{"rendered":"<p>SOFTIE Leather Cleaner Soft to neutralny, delikatny \u015brodek do czyszczenia sk\u00f3ry, ekosk\u00f3ry, nubuku oraz alcantary. Nie tylko skutecznie czy\u015bci powierzchni\u0119, ale tak\u017ce zapewnia ochron\u0119, pozostawiaj\u0105c powierzchni\u0119 nawil\u017con\u0105 i elastyczn\u0105. SOFTIE Leather Cleaner Soft zosta\u0142 stworzony z my\u015bl\u0105 o bezpiecznym czyszczeniu najdelikatniejszych sk\u00f3r. Jego neutralne pH minimalizuje ryzyko wysuszania i p\u0119kania czyszczonej powierzchni. Mo\u017cesz wi\u0119c spa\u0107&hellip;&nbsp;<a href=\"https:\/\/liquidmaster.pl\/en\/blend-brothers-softie-leather-cleaner-5l-srodek-do-czyszczenia-skory\/\" rel=\"bookmark\">Read More \u00bb<span class=\"screen-reader-text\">Blend Brothers SOFTIE Leather Cleaner 5L \u2013 leather cleaner<\/span><\/a><\/p>","protected":false},"featured_media":1849047,"comment_status":"open","ping_status":"open","template":"","meta":{"neve_meta_sidebar":"","neve_meta_container":"","neve_meta_enable_content_width":"","neve_meta_content_width":0,"neve_meta_title_alignment":"","neve_meta_author_avatar":"","neve_post_elements_order":"","neve_meta_disable_header":"","neve_meta_disable_footer":"","neve_meta_disable_title":"","_themeisle_gutenberg_block_has_review":false},"product_brand":[],"product_cat":[834,816,768],"product_tag":[936],"class_list":{"0":"post-1806267","1":"product","2":"type-product","3":"status-publish","4":"has-post-thumbnail","6":"product_cat-czyszczenie-skory","7":"product_cat-tapicerka-skorzana","8":"product_cat-wnetrze-auta","9":"product_tag-blend-brothers","11":"first","12":"instock","13":"taxable","14":"shipping-taxable","15":"purchasable","16":"product-type-simple"},"_links":{"self":[{"href":"https:\/\/liquidmaster.pl\/en\/wp-json\/wp\/v2\/product\/1806267","targetHints":{"allow":["GET"]}}],"collection":[{"href":"https:\/\/liquidmaster.pl\/en\/wp-json\/wp\/v2\/product"}],"about":[{"href":"https:\/\/liquidmaster.pl\/en\/wp-json\/wp\/v2\/types\/product"}],"replies":[{"embeddable":true,"href":"https:\/\/liquidmaster.pl\/en\/wp-json\/wp\/v2\/comments?post=1806267"}],"wp:featuredmedia":[{"embeddable":true,"href":"https:\/\/liquidmaster.pl\/en\/wp-json\/wp\/v2\/media\/1849047"}],"wp:attachment":[{"href":"https:\/\/liquidmaster.pl\/en\/wp-json\/wp\/v2\/media?parent=1806267"}],"wp:term":[{"taxonomy":"product_brand","embeddable":true,"href":"https:\/\/liquidmaster.pl\/en\/wp-json\/wp\/v2\/product_brand?post=1806267"},{"taxonomy":"product_cat","embeddable":true,"href":"https:\/\/liquidmaster.pl\/en\/wp-json\/wp\/v2\/product_cat?post=1806267"},{"taxonomy":"product_tag","embeddable":true,"href":"https:\/\/liquidmaster.pl\/en\/wp-json\/wp\/v2\/product_tag?post=1806267"}],"curies":[{"name":"wp","href":"https:\/\/api.w.org\/{rel}","templated":true}]}}