{"id":1806255,"date":"2025-03-28T16:38:26","date_gmt":"2025-03-28T14:38:26","guid":{"rendered":"https:\/\/liquidmaster.pl\/blend-brothers-dark-force-graphene-qd-500ml-quick-detailer-z-grafenem\/"},"modified":"2026-04-18T04:37:12","modified_gmt":"2026-04-18T02:37:12","slug":"blend-brothers-dark-force-graphene-qd-500ml-quick-detailer-z-grafenem","status":"publish","type":"product","link":"https:\/\/liquidmaster.pl\/en\/blend-brothers-dark-force-graphene-qd-500ml-quick-detailer-z-grafenem\/","title":{"rendered":"Blend Brothers DARK FORCE Graphene QD 500ml \u2013 quick detailer with graphene"},"content":{"rendered":"<p>DARK FORCE Graphene Quick Detailer is an innovative product for protecting paint with the addition of graphene. It is intended for use on various surfaces, such as bodywork, windows, mirrors and plastics. It provides protection against UV radiation, deepens the color intensity of the varnish and gives it an amazing shine. It also creates a hydrophobic and antistatic barrier, which translates into self-cleaning properties of the surface. Additionally, the presence of graphene increases resistance to chemicals and unfavorable weather conditions.<\/p>\n<p>Before applying DARK FORCE Graphene Quick Detailer, wash and dry the car thoroughly. Spray the product evenly over the surface, working one item at a time. Spread and polish the product thoroughly with a clean microfiber cloth, not allowing it to dry. Remove excess product with a clean and dry microfiber cloth. Enjoy beautiful and protected varnish.<\/p>\n<p>Our innovative DARK FORCE Graphene Quick Detailer for protecting paint with the addition of graphene is a perfect solution for people who want not only to protect their paint, but also to add color depth, shine and resistance to external factors. Try this advanced product today and enjoy long-lasting protection and a flawless appearance of your vehicle.<\/p>\n<p>Usage:<\/p>\n<li>Make sure the car is clean and dry.<\/li>\n<li>Spray evenly over the surface, working one item at a time.<\/li>\n<li>Work out the product using a microfiber cloth, not allowing it to dry.<\/li>\n<li>Remove excess product with a clean and dry microfiber cloth.<\/li>\n<p>Capacity: 500 ml<\/p>\n<p>\u00a0<\/p>","protected":false},"excerpt":{"rendered":"<p>DARK FORCE Graphene Quick Detailer to innowacyjny produkt do zabezpieczenia lakieru z dodatkiem grafenu. Przeznaczony jest do u\u017cytku na r\u00f3\u017cnych powierzchniach, takich jak karoseria, szyby, lusterka czy plastiki. Zapewnia on ochron\u0119 przed promieniowaniem UV, pog\u0142\u0119bia intensywno\u015b\u0107 kolorystyczn\u0105 lakieru oraz nadaje niesamowitego b\u0142ysku. Tworzy r\u00f3wnie\u017c barier\u0119 hydrofobow\u0105 i antystatyczn\u0105, co przek\u0142ada si\u0119 na samoczyszcz\u0105ce w\u0142a\u015bciwo\u015bci powierzchni.&hellip;&nbsp;<a href=\"https:\/\/liquidmaster.pl\/en\/blend-brothers-dark-force-graphene-qd-500ml-quick-detailer-z-grafenem\/\" rel=\"bookmark\">Read More \u00bb<span class=\"screen-reader-text\">Blend Brothers DARK FORCE Graphene QD 500ml \u2013 quick detailer with graphene<\/span><\/a><\/p>","protected":false},"featured_media":1849032,"comment_status":"open","ping_status":"open","template":"","meta":{"neve_meta_sidebar":"","neve_meta_container":"","neve_meta_enable_content_width":"","neve_meta_content_width":0,"neve_meta_title_alignment":"","neve_meta_author_avatar":"","neve_post_elements_order":"","neve_meta_disable_header":"","neve_meta_disable_footer":"","neve_meta_disable_title":"","_themeisle_gutenberg_block_has_review":false},"product_brand":[],"product_cat":[733,766,767],"product_tag":[936],"class_list":{"0":"post-1806255","1":"product","2":"type-product","3":"status-publish","4":"has-post-thumbnail","6":"product_cat-na-zewnatrz","7":"product_cat-ochrona-lakieru","8":"product_cat-quick-detailery","9":"product_tag-blend-brothers","11":"first","12":"instock","13":"taxable","14":"shipping-taxable","15":"purchasable","16":"product-type-simple"},"_links":{"self":[{"href":"https:\/\/liquidmaster.pl\/en\/wp-json\/wp\/v2\/product\/1806255","targetHints":{"allow":["GET"]}}],"collection":[{"href":"https:\/\/liquidmaster.pl\/en\/wp-json\/wp\/v2\/product"}],"about":[{"href":"https:\/\/liquidmaster.pl\/en\/wp-json\/wp\/v2\/types\/product"}],"replies":[{"embeddable":true,"href":"https:\/\/liquidmaster.pl\/en\/wp-json\/wp\/v2\/comments?post=1806255"}],"wp:featuredmedia":[{"embeddable":true,"href":"https:\/\/liquidmaster.pl\/en\/wp-json\/wp\/v2\/media\/1849032"}],"wp:attachment":[{"href":"https:\/\/liquidmaster.pl\/en\/wp-json\/wp\/v2\/media?parent=1806255"}],"wp:term":[{"taxonomy":"product_brand","embeddable":true,"href":"https:\/\/liquidmaster.pl\/en\/wp-json\/wp\/v2\/product_brand?post=1806255"},{"taxonomy":"product_cat","embeddable":true,"href":"https:\/\/liquidmaster.pl\/en\/wp-json\/wp\/v2\/product_cat?post=1806255"},{"taxonomy":"product_tag","embeddable":true,"href":"https:\/\/liquidmaster.pl\/en\/wp-json\/wp\/v2\/product_tag?post=1806255"}],"curies":[{"name":"wp","href":"https:\/\/api.w.org\/{rel}","templated":true}]}}