{"id":1806249,"date":"2025-03-28T16:38:03","date_gmt":"2025-03-28T14:38:03","guid":{"rendered":"https:\/\/liquidmaster.pl\/blend-brothers-villain-exterior-dressing-500ml-do-plastikow-zewnetrznych\/"},"modified":"2026-04-18T04:37:11","modified_gmt":"2026-04-18T02:37:11","slug":"blend-brothers-villain-exterior-dressing-500ml-do-plastikow-zewnetrznych","status":"publish","type":"product","link":"https:\/\/liquidmaster.pl\/en\/blend-brothers-villain-exterior-dressing-500ml-do-plastikow-zewnetrznych\/","title":{"rendered":"Blend Brothers VILLAIN Exterior Dressing 500ml \u2013 for external plastics"},"content":{"rendered":"<p>VILLAIN Exterior Rubber and Plastic Dressing is a water-based dressing for external use for rubbers, plastics and tires. Refreshes and protects surfaces after application. The product is extremely easy to use and can be used at any time, regardless of the weather conditions. It perfectly adds color depth to the elements, while making them beautiful shiny and hydrophobic.<\/p>\n<p>The product is fast and easy to use. Simply apply VILLAIN Exterior Rubber and Plastic Dressing to the surface using a microfiber, applicator or sponge and wait a few minutes. During this time, the product will be able to penetrate deeper into the surface structures. If there is excess product left, you can remove it with a clean and dry microfiber cloth. Such a simple and quick procedure will greatly improve the appearance of our car!<\/p>\n<p>VILLAIN Exterior Rubber and Plastic Dressing for rubbers, plastics and tires, water-based, provides excellent protection and aesthetic appearance of these surfaces. Thanks to the ease of application and impressive effects, your car will look great, and rubbers, plastics and tires will look like new.<\/p>\n<p>Usage:<\/p>\n<li>Apply the preparation to the surface using a microfiber cloth, microfiber applicator or sponge.<\/li>\n<li>Allow the product to absorb into the surface structure for a few minutes.<\/li>\n<li>Remove excess product with a clean and dry microfiber cloth.<\/li>\n<p>Capacity: 500 ml<\/p>\n<p>\u00a0<\/p>","protected":false},"excerpt":{"rendered":"<p>VILLAIN Exterior Rubber and Plastic Dressing to dressing do zewn\u0119trznego u\u017cytku do gum, plastik\u00f3w i opon na bazie wody. Od\u015bwie\u017ca i chroni powierzchnie po aplikacji. Produkt jest niezwykle prosty w u\u017cyciu i mo\u017ce by\u0107 stosowany w ka\u017cdym momencie, niezale\u017cnie od panuj\u0105cych warunk\u00f3w atmosferycznych. Doskonale nadaje g\u0142\u0119bi kolorystycznej elementom, jednocze\u015bnie nadaj\u0105c im pi\u0119kny po\u0142ysk i hydrofobowo\u015b\u0107.&hellip;&nbsp;<a href=\"https:\/\/liquidmaster.pl\/en\/blend-brothers-villain-exterior-dressing-500ml-do-plastikow-zewnetrznych\/\" rel=\"bookmark\">Read More \u00bb<span class=\"screen-reader-text\">Blend Brothers VILLAIN Exterior Dressing 500ml \u2013 for external plastics<\/span><\/a><\/p>","protected":false},"featured_media":1849022,"comment_status":"open","ping_status":"open","template":"","meta":{"neve_meta_sidebar":"","neve_meta_container":"","neve_meta_enable_content_width":"","neve_meta_content_width":0,"neve_meta_title_alignment":"","neve_meta_author_avatar":"","neve_post_elements_order":"","neve_meta_disable_header":"","neve_meta_disable_footer":"","neve_meta_disable_title":"","_themeisle_gutenberg_block_has_review":false},"product_brand":[],"product_cat":[814,733,815],"product_tag":[936],"class_list":{"0":"post-1806249","1":"product","2":"type-product","3":"status-publish","4":"has-post-thumbnail","6":"product_cat-elementy-gumowe-i-plastikowe","7":"product_cat-na-zewnatrz","8":"product_cat-ochrona-gumy-i-plastikow","9":"product_tag-blend-brothers","11":"first","12":"instock","13":"taxable","14":"shipping-taxable","15":"purchasable","16":"product-type-simple"},"_links":{"self":[{"href":"https:\/\/liquidmaster.pl\/en\/wp-json\/wp\/v2\/product\/1806249","targetHints":{"allow":["GET"]}}],"collection":[{"href":"https:\/\/liquidmaster.pl\/en\/wp-json\/wp\/v2\/product"}],"about":[{"href":"https:\/\/liquidmaster.pl\/en\/wp-json\/wp\/v2\/types\/product"}],"replies":[{"embeddable":true,"href":"https:\/\/liquidmaster.pl\/en\/wp-json\/wp\/v2\/comments?post=1806249"}],"wp:featuredmedia":[{"embeddable":true,"href":"https:\/\/liquidmaster.pl\/en\/wp-json\/wp\/v2\/media\/1849022"}],"wp:attachment":[{"href":"https:\/\/liquidmaster.pl\/en\/wp-json\/wp\/v2\/media?parent=1806249"}],"wp:term":[{"taxonomy":"product_brand","embeddable":true,"href":"https:\/\/liquidmaster.pl\/en\/wp-json\/wp\/v2\/product_brand?post=1806249"},{"taxonomy":"product_cat","embeddable":true,"href":"https:\/\/liquidmaster.pl\/en\/wp-json\/wp\/v2\/product_cat?post=1806249"},{"taxonomy":"product_tag","embeddable":true,"href":"https:\/\/liquidmaster.pl\/en\/wp-json\/wp\/v2\/product_tag?post=1806249"}],"curies":[{"name":"wp","href":"https:\/\/api.w.org\/{rel}","templated":true}]}}