{"id":1806233,"date":"2025-03-28T16:36:24","date_gmt":"2025-03-28T14:36:24","guid":{"rendered":"https:\/\/liquidmaster.pl\/blend-brothers-ez-coating-easy-coating-200ml-powloka-polimerowa-na-lakier\/"},"modified":"2026-04-18T04:37:09","modified_gmt":"2026-04-18T02:37:09","slug":"blend-brothers-ez-coating-easy-coating-200ml-powloka-polimerowa-na-lakier","status":"publish","type":"product","link":"https:\/\/liquidmaster.pl\/en\/blend-brothers-ez-coating-easy-coating-200ml-powloka-polimerowa-na-lakier\/","title":{"rendered":"Blend Brothers EZ-COATING Easy Coating 200ml \u2013 polymer coating for varnish"},"content":{"rendered":"<p>EZ-COATING Easy Coating is a polymer protective coating. It provides paint protection for about 6 months and is incredibly easy to apply, just like Quick Detailer. This is an ideal solution for people starting their adventure with coatings. The product gives a beautiful shine, brings out the depth of color and creates a hydrophobic barrier. Thanks to these properties, keeping the paint clean becomes much easier. The coating protects the bodywork from dirt sticking, providing a self-cleaning effect. The product can be used on various surfaces, such as paint, mirrors, side windows and plastics.<\/p>\n<p>Before applying EZ-COATING Easy Coating, wash and dry the car thoroughly. Spray the product evenly over the paint surface, working one element at a time. Spread and polish the product thoroughly with a clean microfiber cloth, not allowing it to dry. Remove excess product with a clean and dry microfiber cloth. Enjoy beautiful and protected varnish.<\/p>\n<p>EZ-COATING Easy Coating is an effective way to protect your car paint for a long time. Thanks to easy application and excellent protective properties, your car will be properly protected and the paint will look beautiful and shiny for a long time. See for yourself the effectiveness of this product today!<\/p>\n<p>Usage:<\/p>\n<li>Make sure the surface you are applying the product to is clean and dry.<\/li>\n<li>Spray the product evenly onto the surface, working one item at a time.<\/li>\n<li>Work out the product using a microfiber cloth, not allowing it to dry.<\/li>\n<li>Remove excess product with a clean and dry microfiber cloth.<\/li>\n<p>Capacity: 200 ml<\/p>\n<p>\u00a0<\/p>","protected":false},"excerpt":{"rendered":"<p>EZ-COATING Easy Coating to polimerowa pow\u0142oka ochronna. Zapewnia ochron\u0119 lakieru przez oko\u0142o 6 miesi\u0119cy, jest jednocze\u015bnie niesamowicie \u0142atwa w aplikacji, niczym Quick Detailer. Jest to idealne rozwi\u0105zanie dla os\u00f3b rozpoczynaj\u0105cych swoj\u0105 przygod\u0119 z pow\u0142okami. Produkt nadaje przepi\u0119kny po\u0142ysk, wydobywa g\u0142\u0119bi\u0119 koloru i tworzy barier\u0119 hydrofobow\u0105. Dzi\u0119ki tym w\u0142a\u015bciwo\u015bciom, utrzymanie czysto\u015bci lakieru staje si\u0119 du\u017co prostsze.&hellip;&nbsp;<a href=\"https:\/\/liquidmaster.pl\/en\/blend-brothers-ez-coating-easy-coating-200ml-powloka-polimerowa-na-lakier\/\" rel=\"bookmark\">Read More \u00bb<span class=\"screen-reader-text\">Blend Brothers EZ-COATING Easy Coating 200ml \u2013 polymer coating for varnish<\/span><\/a><\/p>","protected":false},"featured_media":1849006,"comment_status":"open","ping_status":"open","template":"","meta":{"neve_meta_sidebar":"","neve_meta_container":"","neve_meta_enable_content_width":"","neve_meta_content_width":0,"neve_meta_title_alignment":"","neve_meta_author_avatar":"","neve_post_elements_order":"","neve_meta_disable_header":"","neve_meta_disable_footer":"","neve_meta_disable_title":"","_themeisle_gutenberg_block_has_review":false},"product_brand":[],"product_cat":[733,766,788],"product_tag":[936],"class_list":{"0":"post-1806233","1":"product","2":"type-product","3":"status-publish","4":"has-post-thumbnail","6":"product_cat-na-zewnatrz","7":"product_cat-ochrona-lakieru","8":"product_cat-woski","9":"product_tag-blend-brothers","11":"first","12":"instock","13":"taxable","14":"shipping-taxable","15":"purchasable","16":"product-type-simple"},"_links":{"self":[{"href":"https:\/\/liquidmaster.pl\/en\/wp-json\/wp\/v2\/product\/1806233","targetHints":{"allow":["GET"]}}],"collection":[{"href":"https:\/\/liquidmaster.pl\/en\/wp-json\/wp\/v2\/product"}],"about":[{"href":"https:\/\/liquidmaster.pl\/en\/wp-json\/wp\/v2\/types\/product"}],"replies":[{"embeddable":true,"href":"https:\/\/liquidmaster.pl\/en\/wp-json\/wp\/v2\/comments?post=1806233"}],"wp:featuredmedia":[{"embeddable":true,"href":"https:\/\/liquidmaster.pl\/en\/wp-json\/wp\/v2\/media\/1849006"}],"wp:attachment":[{"href":"https:\/\/liquidmaster.pl\/en\/wp-json\/wp\/v2\/media?parent=1806233"}],"wp:term":[{"taxonomy":"product_brand","embeddable":true,"href":"https:\/\/liquidmaster.pl\/en\/wp-json\/wp\/v2\/product_brand?post=1806233"},{"taxonomy":"product_cat","embeddable":true,"href":"https:\/\/liquidmaster.pl\/en\/wp-json\/wp\/v2\/product_cat?post=1806233"},{"taxonomy":"product_tag","embeddable":true,"href":"https:\/\/liquidmaster.pl\/en\/wp-json\/wp\/v2\/product_tag?post=1806233"}],"curies":[{"name":"wp","href":"https:\/\/api.w.org\/{rel}","templated":true}]}}