{"id":1806229,"date":"2025-03-28T16:36:24","date_gmt":"2025-03-28T14:36:24","guid":{"rendered":"https:\/\/liquidmaster.pl\/blend-brothers-slicky-clay-lube-500ml-lubrykant-do-glinki\/"},"modified":"2026-04-20T08:16:51","modified_gmt":"2026-04-20T06:16:51","slug":"blend-brothers-slicky-clay-lube-500ml-lubrykant-do-glinki","status":"publish","type":"product","link":"https:\/\/liquidmaster.pl\/en\/blend-brothers-slicky-clay-lube-500ml-lubrykant-do-glinki\/","title":{"rendered":"Blend Brothers SLICKY Clay Lube 500ml \u2013 clay lubricant"},"content":{"rendered":"<p>SLICKY Clay Lube is an irreplaceable tool when working with clay. The special formula of the lubricant ensures extraordinary slip and smoothness, minimizing the risk of scratches on the paint during decontamination. Importantly, our product does not contain solvents, which allows the clays to remain effective for longer. The product does not leave a greasy coating on the bodywork, which makes further work easier.<\/p>\n<p>Before working with clay, wash the surface thoroughly using active foam and shampoo to remove dirt and impurities. After finishing the washing process, spray the surface generously and evenly with SLICKY Clay Lube. Start working with the clay, work it in your hands, and then gently move it over the surface of the varnish. You will feel how the clay glides easily over the bodywork. Once claying is complete, wash the item with water to remove any remaining product residue or remove excess product using a clean microfiber cloth.<\/p>\n<p>Thanks to our SLICKY Clay Lube lubricant, the process of cleaning and removing dirt from the bodywork will become simpler and more effective. Try it today and see the difference!<\/p>\n<p>Usage:<\/p>\n<li>Wash the surface thoroughly using active foam and shampoo to remove dirt and impurities.<\/li>\n<li>Spray the surface generously and evenly with SLICKY Clay Lube.<\/li>\n<li>Start working with the clay, work it in your hands, and then gently move it over the surface of the varnish. You will feel how the clay glides easily over the bodywork.<\/li>\n<li>Once claying is complete, wash the item with water to remove any product residue or remove excess product using a clean microfiber cloth.<\/li>\n<p>Capacity: 500 ml<\/p>\n<p>\u00a0<\/p>","protected":false},"excerpt":{"rendered":"<p>SLICKY Clay Lube to niezast\u0105pione narz\u0119dzie podczas pracy z glink\u0105. Specjalna formu\u0142a lubrykantu zapewnia niezwyk\u0142y po\u015blizg i g\u0142adko\u015b\u0107, minimalizuj\u0105c ryzyko powstania zarysowa\u0144 na lakierze podczas dekontaminacji. Co wa\u017cne, nasz produkt nie zawiera rozpuszczalnik\u00f3w, co pozwala glinkom zachowa\u0107 swoj\u0105 skuteczno\u015b\u0107 na d\u0142u\u017cej. Produkt nie pozostawia t\u0142ustej pow\u0142oki na karoserii, co u\u0142atwia dalsz\u0105 prac\u0119. Przed przyst\u0105pieniem do&hellip;&nbsp;<a href=\"https:\/\/liquidmaster.pl\/en\/blend-brothers-slicky-clay-lube-500ml-lubrykant-do-glinki\/\" rel=\"bookmark\">Read More \u00bb<span class=\"screen-reader-text\">Blend Brothers SLICKY Clay Lube 500ml \u2013 clay lubricant<\/span><\/a><\/p>","protected":false},"featured_media":1848998,"comment_status":"open","ping_status":"open","template":"","meta":{"neve_meta_sidebar":"","neve_meta_container":"","neve_meta_enable_content_width":"","neve_meta_content_width":0,"neve_meta_title_alignment":"","neve_meta_author_avatar":"","neve_post_elements_order":"","neve_meta_disable_header":"","neve_meta_disable_footer":"","neve_meta_disable_title":"","_themeisle_gutenberg_block_has_review":false},"product_brand":[],"product_cat":[743,763,733],"product_tag":[936],"class_list":{"0":"post-1806229","1":"product","2":"type-product","3":"status-publish","4":"has-post-thumbnail","6":"product_cat-dekontaminacja","7":"product_cat-glinki-i-lubrykanty","8":"product_cat-na-zewnatrz","9":"product_tag-blend-brothers","11":"first","12":"instock","13":"taxable","14":"shipping-taxable","15":"purchasable","16":"product-type-simple"},"_links":{"self":[{"href":"https:\/\/liquidmaster.pl\/en\/wp-json\/wp\/v2\/product\/1806229","targetHints":{"allow":["GET"]}}],"collection":[{"href":"https:\/\/liquidmaster.pl\/en\/wp-json\/wp\/v2\/product"}],"about":[{"href":"https:\/\/liquidmaster.pl\/en\/wp-json\/wp\/v2\/types\/product"}],"replies":[{"embeddable":true,"href":"https:\/\/liquidmaster.pl\/en\/wp-json\/wp\/v2\/comments?post=1806229"}],"wp:featuredmedia":[{"embeddable":true,"href":"https:\/\/liquidmaster.pl\/en\/wp-json\/wp\/v2\/media\/1848998"}],"wp:attachment":[{"href":"https:\/\/liquidmaster.pl\/en\/wp-json\/wp\/v2\/media?parent=1806229"}],"wp:term":[{"taxonomy":"product_brand","embeddable":true,"href":"https:\/\/liquidmaster.pl\/en\/wp-json\/wp\/v2\/product_brand?post=1806229"},{"taxonomy":"product_cat","embeddable":true,"href":"https:\/\/liquidmaster.pl\/en\/wp-json\/wp\/v2\/product_cat?post=1806229"},{"taxonomy":"product_tag","embeddable":true,"href":"https:\/\/liquidmaster.pl\/en\/wp-json\/wp\/v2\/product_tag?post=1806229"}],"curies":[{"name":"wp","href":"https:\/\/api.w.org\/{rel}","templated":true}]}}