{"id":1806219,"date":"2025-03-28T16:36:04","date_gmt":"2025-03-28T14:36:04","guid":{"rendered":"https:\/\/liquidmaster.pl\/blend-brothers-infinite-carnauba-spray-wax-1l-quick-detailer-z-woskiem\/"},"modified":"2026-04-20T08:16:49","modified_gmt":"2026-04-20T06:16:49","slug":"blend-brothers-infinite-carnauba-spray-wax-1l-quick-detailer-z-woskiem","status":"publish","type":"product","link":"https:\/\/liquidmaster.pl\/en\/blend-brothers-infinite-carnauba-spray-wax-1l-quick-detailer-z-woskiem\/","title":{"rendered":"Blend Brothers INFINITE Carnauba Spray Wax 1L \u2013 quick detailer with wax"},"content":{"rendered":"<p>INFINITE Carnauba Quick Detailer based on carnauba wax is an ideal solution for people looking for a quick and effective way to improve the appearance of the paint. The formula of this product not only brings out the depth of color, but also gives incredible shine.<\/p>\n<p>INFINITE Carnauba Quick Detailer also provides a hydrophobic effect, creating a protective barrier on the paint surface. Thanks to this, water and dirt do not stick to the body, making it easier to keep the car clean.<\/p>\n<p>Before applying INFINITE Carnauba Quick Detailer, wash and dry your car thoroughly. Take INFINITE Carnauba Quick Detailer in your hand and shake well to mix the ingredients thoroughly. Spray the paint surface evenly, working one piece at a time. Spread and polish the product thoroughly with a clean microfiber cloth, using circular movements. In this way, the wax will be incorporated into the varnish, giving it depth of color and shine.<\/p>\n<p>Our Quick Detailer based on carnauba wax is an effective tool for quickly and effectively refreshing the car&#039;s paint. Restore your car&#039;s beautiful appearance and enjoy the depth of color and shine for a long time.<\/p>\n<p>Usage:<\/p>\n<li>Make sure the car is clean and dry.<\/li>\n<li>Before use, shake the bottle of INFINITE Carnauba Quick Detailer to thoroughly mix the ingredients.<\/li>\n<li>Spray the paint surface evenly, working one piece at a time.<\/li>\n<li>Using a clean microfiber, spread the product evenly in circular motions. In this way, the wax will be incorporated into the varnish, giving it depth of color and shine.<\/li>\n<p>Capacity: 1L<\/p>\n<p>\u00a0<\/p>","protected":false},"excerpt":{"rendered":"<p>INFINITE Carnauba Quick Detailer na bazie wosku carnauba to idealne rozwi\u0105zanie dla os\u00f3b poszukuj\u0105cych szybkiego i skutecznego sposobu na popraw\u0119 wygl\u0105du lakieru. Formu\u0142a tego produktu nie tylko wydobywa g\u0142\u0119bie koloru, ale tak\u017ce nadaje niesamowitego po\u0142ysku. INFINITE Carnauba Quick Detailer nadaje r\u00f3wnie\u017c efektu hydrofobowego, tworz\u0105c ochronn\u0105 barier\u0119 na powierzchni lakieru. Dzi\u0119ki temu woda i zanieczyszczenia nie&hellip;&nbsp;<a href=\"https:\/\/liquidmaster.pl\/en\/blend-brothers-infinite-carnauba-spray-wax-1l-quick-detailer-z-woskiem\/\" rel=\"bookmark\">Read More \u00bb<span class=\"screen-reader-text\">Blend Brothers INFINITE Carnauba Spray Wax 1L \u2013 quick detailer with wax<\/span><\/a><\/p>","protected":false},"featured_media":1848989,"comment_status":"open","ping_status":"open","template":"","meta":{"neve_meta_sidebar":"","neve_meta_container":"","neve_meta_enable_content_width":"","neve_meta_content_width":0,"neve_meta_title_alignment":"","neve_meta_author_avatar":"","neve_post_elements_order":"","neve_meta_disable_header":"","neve_meta_disable_footer":"","neve_meta_disable_title":"","_themeisle_gutenberg_block_has_review":false},"product_brand":[],"product_cat":[733,766,767],"product_tag":[936],"class_list":{"0":"post-1806219","1":"product","2":"type-product","3":"status-publish","4":"has-post-thumbnail","6":"product_cat-na-zewnatrz","7":"product_cat-ochrona-lakieru","8":"product_cat-quick-detailery","9":"product_tag-blend-brothers","11":"first","12":"instock","13":"taxable","14":"shipping-taxable","15":"purchasable","16":"product-type-simple"},"_links":{"self":[{"href":"https:\/\/liquidmaster.pl\/en\/wp-json\/wp\/v2\/product\/1806219","targetHints":{"allow":["GET"]}}],"collection":[{"href":"https:\/\/liquidmaster.pl\/en\/wp-json\/wp\/v2\/product"}],"about":[{"href":"https:\/\/liquidmaster.pl\/en\/wp-json\/wp\/v2\/types\/product"}],"replies":[{"embeddable":true,"href":"https:\/\/liquidmaster.pl\/en\/wp-json\/wp\/v2\/comments?post=1806219"}],"wp:featuredmedia":[{"embeddable":true,"href":"https:\/\/liquidmaster.pl\/en\/wp-json\/wp\/v2\/media\/1848989"}],"wp:attachment":[{"href":"https:\/\/liquidmaster.pl\/en\/wp-json\/wp\/v2\/media?parent=1806219"}],"wp:term":[{"taxonomy":"product_brand","embeddable":true,"href":"https:\/\/liquidmaster.pl\/en\/wp-json\/wp\/v2\/product_brand?post=1806219"},{"taxonomy":"product_cat","embeddable":true,"href":"https:\/\/liquidmaster.pl\/en\/wp-json\/wp\/v2\/product_cat?post=1806219"},{"taxonomy":"product_tag","embeddable":true,"href":"https:\/\/liquidmaster.pl\/en\/wp-json\/wp\/v2\/product_tag?post=1806219"}],"curies":[{"name":"wp","href":"https:\/\/api.w.org\/{rel}","templated":true}]}}