{"id":1806213,"date":"2025-03-28T16:34:46","date_gmt":"2025-03-28T14:34:46","guid":{"rendered":"https:\/\/liquidmaster.pl\/blend-brothers-goodie-car-shampoo-500ml-szampon-do-mycia-auta\/"},"modified":"2026-04-18T04:37:05","modified_gmt":"2026-04-18T02:37:05","slug":"blend-brothers-goodie-car-shampoo-500ml-szampon-do-mycia-auta","status":"publish","type":"product","link":"https:\/\/liquidmaster.pl\/en\/blend-brothers-goodie-car-shampoo-500ml-szampon-do-mycia-auta\/","title":{"rendered":"Blend Brothers GOODIE Car Shampoo 500ml \u2013 car washing shampoo"},"content":{"rendered":"<p>GOODIE Car Shampoo is a shampoo for manual car washing, which is characterized by high cleaning properties. It works perfectly with the two-bucket method, using a wool or microfiber glove. It has a neutral pH, so it is safe for car coatings and waxes and does not damage or clog them. Depending on your preferences, it can be diluted from 1:100 to 1:300.<\/p>\n<p>GOODIE Car Shampoo is incredibly easy to use. For the best effect, first wash the car with active foam or another pre-wash product to remove larger dirt. Then rinse the car surface thoroughly with water. Dilute the shampoo with water in a bucket using the appropriate proportions. Wash the car using a wool or microfiber glove, starting from the top and working downwards. Do not allow the shampoo to dry on the paint surface. Finally, rinse the car thoroughly with clean water to remove any shampoo residue and dry the paint.<\/p>\n<p>GOODIE Car Shampoo is an excellent shampoo for daily care of your car. It will not only help you keep your car clean, but will also protect the coating or wax on the paint.<\/p>\n<p>Usage:<\/p>\n<li>For the best effect, wash the car with active foam or another pre-wash product to remove larger dirt and prepare the car for proper washing.<\/li>\n<li>Rinse the car surface thoroughly with water.<\/li>\n<li>Then dilute GOODIE Car Shampoo with water in a bucket using the appropriate proportions.<\/li>\n<li>Wash your car using a wool or microfiber mitt, starting from the top and working downwards. Do not allow the shampoo to dry on the paint surface.<\/li>\n<li>Finally, rinse the car thoroughly with clean water to remove any remaining shampoo.<\/li>\n<p>Capacity: 500 ml<\/p>\n<p>\u00a0<\/p>","protected":false},"excerpt":{"rendered":"<p>GOODIE Car Shampoo to szampon do r\u0119cznego mycia samochod\u00f3w, kt\u00f3ry charakteryzuje si\u0119 wysokimi w\u0142a\u015bciwo\u015bciami czyszcz\u0105cymi. Doskonale sprawdza si\u0119 w metodzie na dwa wiadra, przy u\u017cyciu r\u0119kawicy z we\u0142ny lub mikrofibry. Posiada neutralne pH, wi\u0119c jest bezpieczny dla pow\u0142ok i wosk\u00f3w samochodowych, nie powoduje ich uszkodze\u0144 ani zatykania. W zale\u017cno\u015bci od preferencji mo\u017ce by\u0107 rozcie\u0144czany w&hellip;&nbsp;<a href=\"https:\/\/liquidmaster.pl\/en\/blend-brothers-goodie-car-shampoo-500ml-szampon-do-mycia-auta\/\" rel=\"bookmark\">Read More \u00bb<span class=\"screen-reader-text\">Blend Brothers GOODIE Car Shampoo 500ml \u2013 car washing shampoo<\/span><\/a><\/p>","protected":false},"featured_media":1848983,"comment_status":"open","ping_status":"open","template":"","meta":{"neve_meta_sidebar":"","neve_meta_container":"","neve_meta_enable_content_width":"","neve_meta_content_width":0,"neve_meta_title_alignment":"","neve_meta_author_avatar":"","neve_post_elements_order":"","neve_meta_disable_header":"","neve_meta_disable_footer":"","neve_meta_disable_title":"","_themeisle_gutenberg_block_has_review":false},"product_brand":[],"product_cat":[734,733,740],"product_tag":[936],"class_list":{"0":"post-1806213","1":"product","2":"type-product","3":"status-publish","4":"has-post-thumbnail","6":"product_cat-mycie-i-osuszanie","7":"product_cat-na-zewnatrz","8":"product_cat-szampony-mycie-i-osuszanie","9":"product_tag-blend-brothers","11":"first","12":"instock","13":"taxable","14":"shipping-taxable","15":"purchasable","16":"product-type-simple"},"_links":{"self":[{"href":"https:\/\/liquidmaster.pl\/en\/wp-json\/wp\/v2\/product\/1806213","targetHints":{"allow":["GET"]}}],"collection":[{"href":"https:\/\/liquidmaster.pl\/en\/wp-json\/wp\/v2\/product"}],"about":[{"href":"https:\/\/liquidmaster.pl\/en\/wp-json\/wp\/v2\/types\/product"}],"replies":[{"embeddable":true,"href":"https:\/\/liquidmaster.pl\/en\/wp-json\/wp\/v2\/comments?post=1806213"}],"wp:featuredmedia":[{"embeddable":true,"href":"https:\/\/liquidmaster.pl\/en\/wp-json\/wp\/v2\/media\/1848983"}],"wp:attachment":[{"href":"https:\/\/liquidmaster.pl\/en\/wp-json\/wp\/v2\/media?parent=1806213"}],"wp:term":[{"taxonomy":"product_brand","embeddable":true,"href":"https:\/\/liquidmaster.pl\/en\/wp-json\/wp\/v2\/product_brand?post=1806213"},{"taxonomy":"product_cat","embeddable":true,"href":"https:\/\/liquidmaster.pl\/en\/wp-json\/wp\/v2\/product_cat?post=1806213"},{"taxonomy":"product_tag","embeddable":true,"href":"https:\/\/liquidmaster.pl\/en\/wp-json\/wp\/v2\/product_tag?post=1806213"}],"curies":[{"name":"wp","href":"https:\/\/api.w.org\/{rel}","templated":true}]}}