{"id":1806205,"date":"2025-03-28T16:34:25","date_gmt":"2025-03-28T14:34:25","guid":{"rendered":"https:\/\/liquidmaster.pl\/blend-brothers-cloudlet-alkaline-foam-5l-piana-aktywna\/"},"modified":"2026-04-18T04:37:03","modified_gmt":"2026-04-18T02:37:03","slug":"blend-brothers-cloudlet-alkaline-foam-5l-piana-aktywna","status":"publish","type":"product","link":"https:\/\/liquidmaster.pl\/en\/blend-brothers-cloudlet-alkaline-foam-5l-piana-aktywna\/","title":{"rendered":"Blend Brothers CLOUDLET Alkaline Foam 5L \u2013 active foam"},"content":{"rendered":"<p>CLOUDLET Alkaline Active Foam is a strong, alkaline active foam intended for pre-washing before hand washing. Creates a thick foam that penetrates deeply into contaminated surfaces, dissolving dirt. It copes perfectly with mud, road dirt and salt. The foam has strong cleaning properties, while being safe for paint, plastics and rubber.<\/p>\n<p>CLOUDLET Alkaline Active Foam is the perfect preparation of the car for proper washing. Dilute the product with water in proportions depending on the degree of dirt on the surface. For very heavy dirt, the ratio will be 1:10, and for slightly lighter dirt, 1:20. Apply foam to the surface to be cleaned using a foam gun or pressure washer. Wait 3 minutes, not allowing the foam to dry, and then rinse the surfaces thoroughly with a stream of water.<\/p>\n<p>CLOUDLET Alkaline Active Foam will help you effectively remove superficial dirt from the surface of your car and make proper washing much easier. Make your life easier, and certainly the process of washing your car!<\/p>\n<p>The product can be diluted depending on the degree of dirt:<\/p>\n<ul>\n<li>1:10 \u2013 for very heavy dirt<\/li>\n<li>1:20 \u2013 for heavy dirt<\/li>\n<\/ul>\n<p>Usage:<\/p>\n<li>Dilute the product with water as recommended.<\/li>\n<li>Apply foam to the surface to be cleaned using a foam gun or pressure washer.<\/li>\n<li>Wait 3 minutes to prevent the foam from drying out.<\/li>\n<li>Rinse the surface thoroughly with a stream of water.<\/li>\n<p>Capacity: 5L<\/p>\n<p>\u00a0<\/p>","protected":false},"excerpt":{"rendered":"<p>CLOUDLET Alkaline Active Foam to silna, zasadowa piana aktywna przeznaczona do wst\u0119pnego mycia przed myciem r\u0119cznym. Tworzy g\u0119st\u0105 pian\u0119, kt\u00f3ra g\u0142\u0119boko wnika w zanieczyszczone powierzchnie, rozpuszczaj\u0105c brud. Doskonale radzi sobie z b\u0142otem, zanieczyszczeniami drogowymi i sol\u0105. Piana ma silne w\u0142a\u015bciwo\u015bci czyszcz\u0105ce, jednocze\u015bnie b\u0119d\u0105c bezpieczn\u0105 dla lakieru, plastik\u00f3w i gumy. CLOUDLET Alkaline Active Foam to idealne&hellip;&nbsp;<a href=\"https:\/\/liquidmaster.pl\/en\/blend-brothers-cloudlet-alkaline-foam-5l-piana-aktywna\/\" rel=\"bookmark\">Read More \u00bb<span class=\"screen-reader-text\">Blend Brothers CLOUDLET Alkaline Foam 5L \u2013 active foam<\/span><\/a><\/p>","protected":false},"featured_media":1848968,"comment_status":"open","ping_status":"open","template":"","meta":{"neve_meta_sidebar":"","neve_meta_container":"","neve_meta_enable_content_width":"","neve_meta_content_width":0,"neve_meta_title_alignment":"","neve_meta_author_avatar":"","neve_post_elements_order":"","neve_meta_disable_header":"","neve_meta_disable_footer":"","neve_meta_disable_title":"","_themeisle_gutenberg_block_has_review":false},"product_brand":[],"product_cat":[734,733,753],"product_tag":[936],"class_list":{"0":"post-1806205","1":"product","2":"type-product","3":"status-publish","4":"has-post-thumbnail","6":"product_cat-mycie-i-osuszanie","7":"product_cat-na-zewnatrz","8":"product_cat-piany-aktywne-i-pianownice","9":"product_tag-blend-brothers","11":"first","12":"instock","13":"taxable","14":"shipping-taxable","15":"purchasable","16":"product-type-simple"},"_links":{"self":[{"href":"https:\/\/liquidmaster.pl\/en\/wp-json\/wp\/v2\/product\/1806205","targetHints":{"allow":["GET"]}}],"collection":[{"href":"https:\/\/liquidmaster.pl\/en\/wp-json\/wp\/v2\/product"}],"about":[{"href":"https:\/\/liquidmaster.pl\/en\/wp-json\/wp\/v2\/types\/product"}],"replies":[{"embeddable":true,"href":"https:\/\/liquidmaster.pl\/en\/wp-json\/wp\/v2\/comments?post=1806205"}],"wp:featuredmedia":[{"embeddable":true,"href":"https:\/\/liquidmaster.pl\/en\/wp-json\/wp\/v2\/media\/1848968"}],"wp:attachment":[{"href":"https:\/\/liquidmaster.pl\/en\/wp-json\/wp\/v2\/media?parent=1806205"}],"wp:term":[{"taxonomy":"product_brand","embeddable":true,"href":"https:\/\/liquidmaster.pl\/en\/wp-json\/wp\/v2\/product_brand?post=1806205"},{"taxonomy":"product_cat","embeddable":true,"href":"https:\/\/liquidmaster.pl\/en\/wp-json\/wp\/v2\/product_cat?post=1806205"},{"taxonomy":"product_tag","embeddable":true,"href":"https:\/\/liquidmaster.pl\/en\/wp-json\/wp\/v2\/product_tag?post=1806205"}],"curies":[{"name":"wp","href":"https:\/\/api.w.org\/{rel}","templated":true}]}}