{"id":1806181,"date":"2025-03-28T16:32:28","date_gmt":"2025-03-28T14:32:28","guid":{"rendered":"https:\/\/liquidmaster.pl\/pure-chemie-maxi-foam-1l-skoncentrowana-aktywna-piana\/"},"modified":"2026-04-20T08:16:41","modified_gmt":"2026-04-20T06:16:41","slug":"pure-chemie-maxi-foam-1l-skoncentrowana-aktywna-piana","status":"publish","type":"product","link":"https:\/\/liquidmaster.pl\/en\/pure-chemie-maxi-foam-1l-skoncentrowana-aktywna-piana\/","title":{"rendered":"Pure Chemie Maxi Foam 1L \u2013 concentrated active foam"},"content":{"rendered":"<p>Pure Chemie Maxi Foam - concentrated, high-density active foam used from a foamer, provides a visual effect like &quot;shaving foam&quot;, and at the same time perfectly softens and removes dirt. The innovative ingredients contained in the foam react with dirt, breaking down its structure, making it easy to remove from the cleaned surface. A large amount of foam removes a significant amount of dirt by gravity, making it ideal for regular cleaning. It does not leave any residues or streaks, giving a perfect shine. When used correctly, it does not damage protective coatings and waxes.<\/p>\n<p>Capacity: 1L<\/p>","protected":false},"excerpt":{"rendered":"<p>Pure Chemie Maxi Foam \u2013 skoncentrowana aktywna piana o du\u017cej g\u0119sto\u015bci, u\u017cyta z pianownicy zapewnia efekt wizualny jak &#8222;pianka do golenia&#8221;, a przy tym doskonale rozmi\u0119kcza i usuwa brud. Zawarte w pianie innowacyjne sk\u0142adniki reaguj\u0105 z zabrudzeniami, rozbijaj\u0105c ich struktur\u0119, dzi\u0119ki czemu z \u0142atwo\u015bci\u0105 schodz\u0105 z czyszczonej powierzchni. Du\u017ca ilo\u015b\u0107 piany, grawitacyjnie usuwa znaczn\u0105 ilo\u015b\u0107&hellip;&nbsp;<a href=\"https:\/\/liquidmaster.pl\/en\/pure-chemie-maxi-foam-1l-skoncentrowana-aktywna-piana\/\" rel=\"bookmark\">Read More \u00bb<span class=\"screen-reader-text\">Pure Chemie Maxi Foam 1L \u2013 concentrated active foam<\/span><\/a><\/p>","protected":false},"featured_media":1848940,"comment_status":"open","ping_status":"open","template":"","meta":{"neve_meta_sidebar":"","neve_meta_container":"","neve_meta_enable_content_width":"","neve_meta_content_width":0,"neve_meta_title_alignment":"","neve_meta_author_avatar":"","neve_post_elements_order":"","neve_meta_disable_header":"","neve_meta_disable_footer":"","neve_meta_disable_title":"","_themeisle_gutenberg_block_has_review":false},"product_brand":[],"product_cat":[734,733,753],"product_tag":[349],"class_list":{"0":"post-1806181","1":"product","2":"type-product","3":"status-publish","4":"has-post-thumbnail","6":"product_cat-mycie-i-osuszanie","7":"product_cat-na-zewnatrz","8":"product_cat-piany-aktywne-i-pianownice","9":"product_tag-pure-chemie","11":"first","12":"instock","13":"taxable","14":"shipping-taxable","15":"purchasable","16":"product-type-simple"},"_links":{"self":[{"href":"https:\/\/liquidmaster.pl\/en\/wp-json\/wp\/v2\/product\/1806181","targetHints":{"allow":["GET"]}}],"collection":[{"href":"https:\/\/liquidmaster.pl\/en\/wp-json\/wp\/v2\/product"}],"about":[{"href":"https:\/\/liquidmaster.pl\/en\/wp-json\/wp\/v2\/types\/product"}],"replies":[{"embeddable":true,"href":"https:\/\/liquidmaster.pl\/en\/wp-json\/wp\/v2\/comments?post=1806181"}],"wp:featuredmedia":[{"embeddable":true,"href":"https:\/\/liquidmaster.pl\/en\/wp-json\/wp\/v2\/media\/1848940"}],"wp:attachment":[{"href":"https:\/\/liquidmaster.pl\/en\/wp-json\/wp\/v2\/media?parent=1806181"}],"wp:term":[{"taxonomy":"product_brand","embeddable":true,"href":"https:\/\/liquidmaster.pl\/en\/wp-json\/wp\/v2\/product_brand?post=1806181"},{"taxonomy":"product_cat","embeddable":true,"href":"https:\/\/liquidmaster.pl\/en\/wp-json\/wp\/v2\/product_cat?post=1806181"},{"taxonomy":"product_tag","embeddable":true,"href":"https:\/\/liquidmaster.pl\/en\/wp-json\/wp\/v2\/product_tag?post=1806181"}],"curies":[{"name":"wp","href":"https:\/\/api.w.org\/{rel}","templated":true}]}}