{"id":1806179,"date":"2025-03-28T16:32:28","date_gmt":"2025-03-28T14:32:28","guid":{"rendered":"https:\/\/liquidmaster.pl\/pure-chemie-iron-remover-750ml-delikatny-srodek-do-usuwania-opilkow-metalicznych\/"},"modified":"2026-04-18T04:36:59","modified_gmt":"2026-04-18T02:36:59","slug":"pure-chemie-iron-remover-750ml-delikatny-srodek-do-usuwania-opilkow-metalicznych","status":"publish","type":"product","link":"https:\/\/liquidmaster.pl\/en\/pure-chemie-iron-remover-075l-2\/","title":{"rendered":"Pure Chemie Iron Remover 750ml \u2013 a gentle agent for removing metallic filings"},"content":{"rendered":"<p>Pure Chemie Iron Remover \u2013 a neutral pH agent designed to remove metallic filings from the entire surface of the bodywork and rims. The product has a gel consistency and when applied to dirt, it reacts with it longer. Thanks to this, it perfectly dissolves metal filings, being completely safe for the paint surface and other body elements.<\/p>\n<p>Usage:<\/p>\n<p>Spray the contaminated surface thoroughly, wait 2-4 minutes, rinse thoroughly with water under pressure. The operation should be repeated until a fully satisfactory effect is obtained. In case of heavy dirt, strengthen the effect of the product using a brush, brush or sponge.<\/p>\n<p>Capacity: 750 ml<\/p>\n<p>\u00a0<\/p>","protected":false},"excerpt":{"rendered":"<p>Pure Chemie Iron Remover \u2013 \u015brodek o neutralnym pH, przeznaczony do usuwania opi\u0142k\u00f3w metalicznych z ca\u0142ej powierzchni karoserii oraz felg. Produkt posiada \u017celow\u0105 konsystencj\u0119, na\u0142o\u017cony na zabrudzenia d\u0142u\u017cej wchodzi z nimi w reakcj\u0119. Dzi\u0119ki temu doskonale rozpuszcza opi\u0142ki metalu, b\u0119d\u0105c w pe\u0142ni bezpiecznym dla powierzchni lakieru oraz innych element\u00f3w nadwozia. Spos\u00f3b u\u017cycia: Spryska\u0107 dok\u0142adnie zanieczyszczon\u0105&hellip;&nbsp;<a href=\"https:\/\/liquidmaster.pl\/en\/pure-chemie-iron-remover-075l-2\/\" rel=\"bookmark\">Read More \u00bb<span class=\"screen-reader-text\">Pure Chemie Iron Remover 750ml \u2013 a gentle agent for removing metallic filings<\/span><\/a><\/p>","protected":false},"featured_media":1848939,"comment_status":"open","ping_status":"open","template":"","meta":{"neve_meta_sidebar":"","neve_meta_container":"","neve_meta_enable_content_width":"","neve_meta_content_width":0,"neve_meta_title_alignment":"","neve_meta_author_avatar":"","neve_post_elements_order":"","neve_meta_disable_header":"","neve_meta_disable_footer":"","neve_meta_disable_title":"","_themeisle_gutenberg_block_has_review":false},"product_brand":[],"product_cat":[744,743,733],"product_tag":[349],"class_list":{"0":"post-1806179","1":"product","2":"type-product","3":"status-publish","4":"has-post-thumbnail","6":"product_cat-deironizacja","7":"product_cat-dekontaminacja","8":"product_cat-na-zewnatrz","9":"product_tag-pure-chemie","11":"first","12":"instock","13":"taxable","14":"shipping-taxable","15":"purchasable","16":"product-type-simple"},"_links":{"self":[{"href":"https:\/\/liquidmaster.pl\/en\/wp-json\/wp\/v2\/product\/1806179","targetHints":{"allow":["GET"]}}],"collection":[{"href":"https:\/\/liquidmaster.pl\/en\/wp-json\/wp\/v2\/product"}],"about":[{"href":"https:\/\/liquidmaster.pl\/en\/wp-json\/wp\/v2\/types\/product"}],"replies":[{"embeddable":true,"href":"https:\/\/liquidmaster.pl\/en\/wp-json\/wp\/v2\/comments?post=1806179"}],"wp:featuredmedia":[{"embeddable":true,"href":"https:\/\/liquidmaster.pl\/en\/wp-json\/wp\/v2\/media\/1848939"}],"wp:attachment":[{"href":"https:\/\/liquidmaster.pl\/en\/wp-json\/wp\/v2\/media?parent=1806179"}],"wp:term":[{"taxonomy":"product_brand","embeddable":true,"href":"https:\/\/liquidmaster.pl\/en\/wp-json\/wp\/v2\/product_brand?post=1806179"},{"taxonomy":"product_cat","embeddable":true,"href":"https:\/\/liquidmaster.pl\/en\/wp-json\/wp\/v2\/product_cat?post=1806179"},{"taxonomy":"product_tag","embeddable":true,"href":"https:\/\/liquidmaster.pl\/en\/wp-json\/wp\/v2\/product_tag?post=1806179"}],"curies":[{"name":"wp","href":"https:\/\/api.w.org\/{rel}","templated":true}]}}