{"id":1806153,"date":"2025-03-28T16:30:29","date_gmt":"2025-03-28T14:30:29","guid":{"rendered":"https:\/\/liquidmaster.pl\/honey-classic-160-25-czerwona-gabka-polerska-na-rzep\/"},"modified":"2026-04-18T04:36:56","modified_gmt":"2026-04-18T02:36:56","slug":"honey-classic-160-25-czerwona-gabka-polerska-na-rzep","status":"publish","type":"product","link":"https:\/\/liquidmaster.pl\/en\/honey-classic-16025-czerwona-gabka-polerska-na-rzep\/","title":{"rendered":"Honey Classic 160\/25 \u2013 red polishing sponge with Velcro"},"content":{"rendered":"<p>The professional HONEY CLASSIC polishing sponge is characterized by high quality and precise workmanship. It is made of selected high-quality materials, making it suitable for repeated use. Designed for mechanical polishing and grinding of car paints and various types of paint coatings, with the option of using coarse-grained polishing pastes such as URBAN SHINE polishing paste. It can be used both wet and dry.<\/p>\n<p>Size: 160 \/ 25 mm<\/p>\n<p>Color: red<\/p>\n<p>Hardness: medium soft<\/p>\n<p>Fastening: Velcro<\/p>","protected":false},"excerpt":{"rendered":"<p>Profesjonalna g\u0105bka polerska HONEY CLASSIC charakteryzuje si\u0119 wysok\u0105 jako\u015bci\u0105 i precyzyjnym wykonaniem. Wyprodukowano j\u0105 z wyselekcjonowanych materia\u0142\u00f3w o wysokiej jako\u015bci, dzi\u0119ki czemu nadaje si\u0119 do wielokrotnego u\u017cytku. Przeznaczona do mechanicznego polerowania i szlifowania lakier\u00f3w samochodowych oraz pow\u0142ok lakierniczych r\u00f3\u017cnych typ\u00f3w, z mo\u017cliwo\u015bci\u0105 u\u017cycia gruboziarnistych past polerskich jak pasta polerska URBAN SHINE. Mo\u017cna stosowa\u0107 j\u0105 zar\u00f3wno&hellip;&nbsp;<a href=\"https:\/\/liquidmaster.pl\/en\/honey-classic-16025-czerwona-gabka-polerska-na-rzep\/\" rel=\"bookmark\">Read More \u00bb<span class=\"screen-reader-text\">Honey Classic 160\/25 \u2013 red polishing sponge with Velcro<\/span><\/a><\/p>","protected":false},"featured_media":1848916,"comment_status":"open","ping_status":"open","template":"","meta":{"neve_meta_sidebar":"","neve_meta_container":"","neve_meta_enable_content_width":"","neve_meta_content_width":0,"neve_meta_title_alignment":"","neve_meta_author_avatar":"","neve_post_elements_order":"","neve_meta_disable_header":"","neve_meta_disable_footer":"","neve_meta_disable_title":"","_themeisle_gutenberg_block_has_review":false},"product_brand":[],"product_cat":[823,822,748],"product_tag":[304],"class_list":{"0":"post-1806153","1":"product","2":"type-product","3":"status-publish","4":"has-post-thumbnail","6":"product_cat-gabki-polerskie","7":"product_cat-pady-polerskie","8":"product_cat-polerowanie","9":"product_tag-honey","11":"first","12":"instock","13":"taxable","14":"shipping-taxable","15":"purchasable","16":"product-type-simple"},"_links":{"self":[{"href":"https:\/\/liquidmaster.pl\/en\/wp-json\/wp\/v2\/product\/1806153","targetHints":{"allow":["GET"]}}],"collection":[{"href":"https:\/\/liquidmaster.pl\/en\/wp-json\/wp\/v2\/product"}],"about":[{"href":"https:\/\/liquidmaster.pl\/en\/wp-json\/wp\/v2\/types\/product"}],"replies":[{"embeddable":true,"href":"https:\/\/liquidmaster.pl\/en\/wp-json\/wp\/v2\/comments?post=1806153"}],"wp:featuredmedia":[{"embeddable":true,"href":"https:\/\/liquidmaster.pl\/en\/wp-json\/wp\/v2\/media\/1848916"}],"wp:attachment":[{"href":"https:\/\/liquidmaster.pl\/en\/wp-json\/wp\/v2\/media?parent=1806153"}],"wp:term":[{"taxonomy":"product_brand","embeddable":true,"href":"https:\/\/liquidmaster.pl\/en\/wp-json\/wp\/v2\/product_brand?post=1806153"},{"taxonomy":"product_cat","embeddable":true,"href":"https:\/\/liquidmaster.pl\/en\/wp-json\/wp\/v2\/product_cat?post=1806153"},{"taxonomy":"product_tag","embeddable":true,"href":"https:\/\/liquidmaster.pl\/en\/wp-json\/wp\/v2\/product_tag?post=1806153"}],"curies":[{"name":"wp","href":"https:\/\/api.w.org\/{rel}","templated":true}]}}