{"id":1806135,"date":"2025-03-28T16:28:49","date_gmt":"2025-03-28T14:28:49","guid":{"rendered":"https:\/\/liquidmaster.pl\/carpro-car-leather-skincare-kit-150ml\/"},"modified":"2026-04-19T03:24:03","modified_gmt":"2026-04-19T01:24:03","slug":"carpro-car-leather-skincare-kit-150ml","status":"publish","type":"product","link":"https:\/\/liquidmaster.pl\/en\/carpro-car-leather-skincare-kit-150ml\/","title":{"rendered":"CarPro Car Leather SkinCare KIT 150ml"},"content":{"rendered":"<p>Proper care can keep your leather in top condition and prevent premature wear. CarPro SkinCare KIT has everything a detailing enthusiast needs to care for and regularly maintain leather surfaces without changing their appearance.<\/p>\n<p>When your skin&#039;s pores become clogged with dirt, it can cause your skin to break down prematurely. Our leather cleanser, used in combination with the appropriate brush, gently and effectively cleanses the pores and surface of the leather, preparing it for care.<\/p>\n<p>When exposed to UV rays, leather can age prematurely, crack, fade and dry out. Applied with our dedicated applicator, our conditioner thoroughly covers even highly textured skin, restoring the feeling of softness and smoothness, protecting against UV damage and maintaining a natural appearance.<\/p>\n<ul>\n<li>Safe for all skin types<\/li>\n<li>Protects against sweat, fluids and light pollution<\/li>\n<li>Does not change the appearance of the skin<\/li>\n<\/ul>\n<p>Set contains:<\/p>\n<ul>\n<li>Carpro Cleanse 150 ml<\/li>\n<li>Carpro Lotion 150 ml<\/li>\n<li>Leather Brush<\/li>\n<li>MicroBuff Applicator<\/li>\n<li>Terry Weave Towel<\/li>\n<li>Suede MF Towel<\/li>\n<\/ul>","protected":false},"excerpt":{"rendered":"<p>W\u0142a\u015bciwa piel\u0119gnacja mo\u017ce utrzyma\u0107 sk\u00f3r\u0119 w najlepszym stanie i zapobiec przedwczesnemu zu\u017cyciu. CarPro SkinCare KIT ma wszystko, czego potrzebuje mi\u0142o\u015bnik detailingu, aby piel\u0119gnowa\u0107 i regularnie konserwowa\u0107 powierzchnie sk\u00f3rzane bez zmiany ich wygl\u0105du. Kiedy pory sk\u00f3ry zatykaj\u0105 si\u0119 brudem, mo\u017ce to spowodowa\u0107 przedwczesne zniszczenie sk\u00f3ry. Nasz \u015brodek do czyszczenia sk\u00f3ry stosowany w po\u0142\u0105czeniu z odpowiedni\u0105 szczoteczk\u0105&hellip;&nbsp;<a href=\"https:\/\/liquidmaster.pl\/en\/carpro-car-leather-skincare-kit-150ml\/\" rel=\"bookmark\">Read More \u00bb<span class=\"screen-reader-text\">CarPro Car Leather SkinCare KIT 150ml<\/span><\/a><\/p>","protected":false},"featured_media":1848893,"comment_status":"open","ping_status":"open","template":"","meta":{"neve_meta_sidebar":"","neve_meta_container":"","neve_meta_enable_content_width":"","neve_meta_content_width":0,"neve_meta_title_alignment":"","neve_meta_author_avatar":"","neve_post_elements_order":"","neve_meta_disable_header":"","neve_meta_disable_footer":"","neve_meta_disable_title":"","_themeisle_gutenberg_block_has_review":false},"product_brand":[],"product_cat":[816,768,829],"product_tag":[275],"class_list":{"0":"post-1806135","1":"product","2":"type-product","3":"status-publish","4":"has-post-thumbnail","6":"product_cat-tapicerka-skorzana","7":"product_cat-wnetrze-auta","8":"product_cat-zestawy","9":"product_tag-carpro","11":"first","12":"instock","13":"taxable","14":"shipping-taxable","15":"purchasable","16":"product-type-simple"},"_links":{"self":[{"href":"https:\/\/liquidmaster.pl\/en\/wp-json\/wp\/v2\/product\/1806135","targetHints":{"allow":["GET"]}}],"collection":[{"href":"https:\/\/liquidmaster.pl\/en\/wp-json\/wp\/v2\/product"}],"about":[{"href":"https:\/\/liquidmaster.pl\/en\/wp-json\/wp\/v2\/types\/product"}],"replies":[{"embeddable":true,"href":"https:\/\/liquidmaster.pl\/en\/wp-json\/wp\/v2\/comments?post=1806135"}],"wp:featuredmedia":[{"embeddable":true,"href":"https:\/\/liquidmaster.pl\/en\/wp-json\/wp\/v2\/media\/1848893"}],"wp:attachment":[{"href":"https:\/\/liquidmaster.pl\/en\/wp-json\/wp\/v2\/media?parent=1806135"}],"wp:term":[{"taxonomy":"product_brand","embeddable":true,"href":"https:\/\/liquidmaster.pl\/en\/wp-json\/wp\/v2\/product_brand?post=1806135"},{"taxonomy":"product_cat","embeddable":true,"href":"https:\/\/liquidmaster.pl\/en\/wp-json\/wp\/v2\/product_cat?post=1806135"},{"taxonomy":"product_tag","embeddable":true,"href":"https:\/\/liquidmaster.pl\/en\/wp-json\/wp\/v2\/product_tag?post=1806135"}],"curies":[{"name":"wp","href":"https:\/\/api.w.org\/{rel}","templated":true}]}}