{"id":1806127,"date":"2025-03-28T16:28:27","date_gmt":"2025-03-28T14:28:27","guid":{"rendered":"https:\/\/liquidmaster.pl\/zvizzer-thermo-wool-pad-green-90-30-80-pad-polerski-z-naturalnej-welny\/"},"modified":"2026-04-19T03:24:02","modified_gmt":"2026-04-19T01:24:02","slug":"zvizzer-thermo-wool-pad-green-90-30-80-pad-polerski-z-naturalnej-welny","status":"publish","type":"product","link":"https:\/\/liquidmaster.pl\/en\/zvizzer-thermo-wool-pad-green-903080-pad-polerski-z-naturalnej-welny\/","title":{"rendered":"ZviZZer Thermo Wool Pad Green 90\/30\/80 \u2013 polishing pad made of natural wool"},"content":{"rendered":"<p>Polishing pad from the ZviZZer Professional Thermo Polishing System series, made of natural merino wool, dedicated to rotary machines. It is the most effective tool among Thermo Wool Pad&#039;Z pads, perfect for removing scratches from heavily damaged, hard paints.<\/p>\n<p>The pad is made of high-quality merino wool fibers mounted on a special fabric spacer. The innovative ZviZZer Thermo Green sponge was used to regulate the cutting force, characterized by a thermo-stable structure resistant to high temperatures. Thanks to this, the pad does not heat up during operation, without losing its cutting properties, which translates into long-term durability.<\/p>\n<p>The unique combination of natural wool and Thermo foam guarantees excellent cutting properties, perfect for removing the most stubborn scratches on the paint surface. The pad works perfectly with ZviZZer HC4000 paste, and for professional results we recommend using Thermo HC1500 paste.<\/p>","protected":false},"excerpt":{"rendered":"<p>Pad polerski z serii ZviZZer Professional Thermo Polishing System, wykonany z naturalnej we\u0142ny merino, dedykowany do maszyn rotacyjnych. Stanowi najefektywniejsze narz\u0119dzie w\u015br\u00f3d pad\u00f3w Thermo Wool Pad\u2019Z, doskona\u0142y do usuwania zarysowa\u0144 z mocno zniszczonych, twardych lakier\u00f3w. Pad skonstruowany jest z wysokiej jako\u015bci w\u0142\u00f3kien we\u0142ny merino, osadzonych na specjalnej przek\u0142adce z materia\u0142u. Do regulacji si\u0142y ci\u0119cia wykorzystano&hellip;&nbsp;<a href=\"https:\/\/liquidmaster.pl\/en\/zvizzer-thermo-wool-pad-green-903080-pad-polerski-z-naturalnej-welny\/\" rel=\"bookmark\">Read More \u00bb<span class=\"screen-reader-text\">ZviZZer Thermo Wool Pad Green 90\/30\/80 \u2013 polishing pad made of natural wool<\/span><\/a><\/p>","protected":false},"featured_media":1848877,"comment_status":"open","ping_status":"open","template":"","meta":{"neve_meta_sidebar":"","neve_meta_container":"","neve_meta_enable_content_width":"","neve_meta_content_width":0,"neve_meta_title_alignment":"","neve_meta_author_avatar":"","neve_post_elements_order":"","neve_meta_disable_header":"","neve_meta_disable_footer":"","neve_meta_disable_title":"","_themeisle_gutenberg_block_has_review":false},"product_brand":[],"product_cat":[840,822,748],"product_tag":[386],"class_list":{"0":"post-1806127","1":"product","2":"type-product","3":"status-publish","4":"has-post-thumbnail","6":"product_cat-futra-polerskie","7":"product_cat-pady-polerskie","8":"product_cat-polerowanie","9":"product_tag-zvizzer","11":"first","12":"instock","13":"sale","14":"taxable","15":"shipping-taxable","16":"purchasable","17":"product-type-simple"},"_links":{"self":[{"href":"https:\/\/liquidmaster.pl\/en\/wp-json\/wp\/v2\/product\/1806127","targetHints":{"allow":["GET"]}}],"collection":[{"href":"https:\/\/liquidmaster.pl\/en\/wp-json\/wp\/v2\/product"}],"about":[{"href":"https:\/\/liquidmaster.pl\/en\/wp-json\/wp\/v2\/types\/product"}],"replies":[{"embeddable":true,"href":"https:\/\/liquidmaster.pl\/en\/wp-json\/wp\/v2\/comments?post=1806127"}],"wp:featuredmedia":[{"embeddable":true,"href":"https:\/\/liquidmaster.pl\/en\/wp-json\/wp\/v2\/media\/1848877"}],"wp:attachment":[{"href":"https:\/\/liquidmaster.pl\/en\/wp-json\/wp\/v2\/media?parent=1806127"}],"wp:term":[{"taxonomy":"product_brand","embeddable":true,"href":"https:\/\/liquidmaster.pl\/en\/wp-json\/wp\/v2\/product_brand?post=1806127"},{"taxonomy":"product_cat","embeddable":true,"href":"https:\/\/liquidmaster.pl\/en\/wp-json\/wp\/v2\/product_cat?post=1806127"},{"taxonomy":"product_tag","embeddable":true,"href":"https:\/\/liquidmaster.pl\/en\/wp-json\/wp\/v2\/product_tag?post=1806127"}],"curies":[{"name":"wp","href":"https:\/\/api.w.org\/{rel}","templated":true}]}}