{"id":1806107,"date":"2025-03-28T16:26:48","date_gmt":"2025-03-28T14:26:48","guid":{"rendered":"https:\/\/liquidmaster.pl\/zvizzer-thermo-wool-pad-anthrazit-90-30-80-pad-polerski-z-naturalnej-welny\/"},"modified":"2026-04-18T04:36:51","modified_gmt":"2026-04-18T02:36:51","slug":"zvizzer-thermo-wool-pad-anthrazit-90-30-80-pad-polerski-z-naturalnej-welny","status":"publish","type":"product","link":"https:\/\/liquidmaster.pl\/en\/zvizzer-thermo-wool-pad-anthrazit-903080-pad-polerski-z-naturalnej-welny\/","title":{"rendered":"ZviZZer Thermo Wool Pad Anthrazit 90\/30\/80 \u2013 polishing pad made of natural wool"},"content":{"rendered":"<p>Polishing pad from the ZviZZer Professional Thermo Polishing System series, made of natural merino wool, dedicated to rotary machines. It offers the least aggressive cutting profile among all pads from the Thermo Wool Pad&#039;Z series and is perfect for removing moderate scratches from damaged paints.<\/p>\n<p>The pad is made of high-quality merino wool fibers mounted on a special fabric spacer. The innovative ZviZZer Thermo Black sponge with a thermo-stable structure, resistant to high temperatures, was used to regulate the cutting force. Thanks to this, the pad does not heat up during operation and maintains its cutting properties, which translates into long service life.<\/p>\n<p>The combination of natural wool and Thermo foam guarantees excellent cutting properties, ideal for removing medium-depth scratches from the paint surface.<\/p>\n<p>This pad works perfectly with ZviZZer HC4000 paste, and for professional results we recommend using Thermo HC1500 paste.<\/p>","protected":false},"excerpt":{"rendered":"<p>Pad polerski z serii ZviZZer Professional Thermo Polishing System, wykonany z naturalnej we\u0142ny merino, dedykowany do maszyn rotacyjnych. Oferuje najmniej agresywny profil ci\u0119cia w\u015br\u00f3d wszystkich pad\u00f3w z serii Thermo Wool Pad\u2019Z i doskonale sprawdzi si\u0119 podczas usuwania umiarkowanych zarysowa\u0144 ze zniszczonych lakier\u00f3w. Pad zosta\u0142 stworzony z wysokiej jako\u015bci w\u0142\u00f3kien we\u0142ny merino, osadzonych na specjalnej przek\u0142adce&hellip;&nbsp;<a href=\"https:\/\/liquidmaster.pl\/en\/zvizzer-thermo-wool-pad-anthrazit-903080-pad-polerski-z-naturalnej-welny\/\" rel=\"bookmark\">Read More \u00bb<span class=\"screen-reader-text\">ZviZZer Thermo Wool Pad Anthrazit 90\/30\/80 \u2013 polishing pad made of natural wool<\/span><\/a><\/p>","protected":false},"featured_media":1848876,"comment_status":"open","ping_status":"open","template":"","meta":{"neve_meta_sidebar":"","neve_meta_container":"","neve_meta_enable_content_width":"","neve_meta_content_width":0,"neve_meta_title_alignment":"","neve_meta_author_avatar":"","neve_post_elements_order":"","neve_meta_disable_header":"","neve_meta_disable_footer":"","neve_meta_disable_title":"","_themeisle_gutenberg_block_has_review":false},"product_brand":[],"product_cat":[840,822,748],"product_tag":[386],"class_list":{"0":"post-1806107","1":"product","2":"type-product","3":"status-publish","4":"has-post-thumbnail","6":"product_cat-futra-polerskie","7":"product_cat-pady-polerskie","8":"product_cat-polerowanie","9":"product_tag-zvizzer","11":"first","12":"instock","13":"sale","14":"taxable","15":"shipping-taxable","16":"purchasable","17":"product-type-simple"},"_links":{"self":[{"href":"https:\/\/liquidmaster.pl\/en\/wp-json\/wp\/v2\/product\/1806107","targetHints":{"allow":["GET"]}}],"collection":[{"href":"https:\/\/liquidmaster.pl\/en\/wp-json\/wp\/v2\/product"}],"about":[{"href":"https:\/\/liquidmaster.pl\/en\/wp-json\/wp\/v2\/types\/product"}],"replies":[{"embeddable":true,"href":"https:\/\/liquidmaster.pl\/en\/wp-json\/wp\/v2\/comments?post=1806107"}],"wp:featuredmedia":[{"embeddable":true,"href":"https:\/\/liquidmaster.pl\/en\/wp-json\/wp\/v2\/media\/1848876"}],"wp:attachment":[{"href":"https:\/\/liquidmaster.pl\/en\/wp-json\/wp\/v2\/media?parent=1806107"}],"wp:term":[{"taxonomy":"product_brand","embeddable":true,"href":"https:\/\/liquidmaster.pl\/en\/wp-json\/wp\/v2\/product_brand?post=1806107"},{"taxonomy":"product_cat","embeddable":true,"href":"https:\/\/liquidmaster.pl\/en\/wp-json\/wp\/v2\/product_cat?post=1806107"},{"taxonomy":"product_tag","embeddable":true,"href":"https:\/\/liquidmaster.pl\/en\/wp-json\/wp\/v2\/product_tag?post=1806107"}],"curies":[{"name":"wp","href":"https:\/\/api.w.org\/{rel}","templated":true}]}}