{"id":1806077,"date":"2025-03-28T16:24:27","date_gmt":"2025-03-28T14:24:27","guid":{"rendered":"https:\/\/liquidmaster.pl\/flex-pe-8-4-80mm-polerka-rotacyjna-do-niewielkich-powierzchni\/"},"modified":"2026-04-18T04:36:48","modified_gmt":"2026-04-18T02:36:48","slug":"flex-pe-8-4-80mm-polerka-rotacyjna-do-niewielkich-powierzchni","status":"publish","type":"product","link":"https:\/\/liquidmaster.pl\/en\/flex-pe-8-4-80mm-polerka-rotacyjna-do-niewielkich-powierzchni\/","title":{"rendered":"FLEX PE 8-4 80mm \u2013 rotary polisher for small surfaces"},"content":{"rendered":"<p>FLEX PE 8-4 80 \u2013 rotary polisher for small surfaces.<\/p>\n<p>Advantages:<\/p>\n<ul>\n<li>Light and handy for use on small surfaces, in corners and corners<\/li>\n<li>VR electronics: with speed stabilization using a tachometric generator, soft start, overload protection and pre-setting of the speed.<\/li>\n<li>Because the pressure acts through the handle on the working head located below, the machine fits well in the hand and is easy to operate.<\/li>\n<li>It is equipped with a spindle lock<\/li>\n<\/ul>\n<p>Technical data:<\/p>\n<tr>\n\t\t\tPower consumption<br \/>\n\t\t\t800 W<br \/>\n\t\t<\/tr>\n<tr>\n\t\t\tPower given away<br \/>\n\t\t\t425 W<br \/>\n\t\t<\/tr>\n<tr>\n\t\t\tTension<br \/>\n\t\t\t230V<br \/>\n\t\t<\/tr>\n<tr>\n\t\t\tFrequency<br \/>\n\t\t\t50\/60 Hz<br \/>\n\t\t<\/tr>\n<tr>\n\t\t\tMax. diameter of the polishing pad<br \/>\n\t\t\t80mm<br \/>\n\t\t<\/tr>\n<tr>\n\t\t\tMax. diameter of Velcro plate<br \/>\n\t\t\t75mm<br \/>\n\t\t<\/tr>\n<tr>\n\t\t\tIdle speed<br \/>\n\t\t\t1300 \u2013 3900 rpm<br \/>\n\t\t<\/tr>\n<tr>\n\t\t\tCable length<br \/>\n\t\t\t4.0 m<br \/>\n\t\t<\/tr>\n<tr>\n\t\t\tDimensions length x width x height<br \/>\n\t\t\t305 x 83 x 105 mm<br \/>\n\t\t<\/tr>\n<tr>\n\t\t\tLibra<br \/>\n\t\t\t1.8 kg<br \/>\n\t\t<\/tr>","protected":false},"excerpt":{"rendered":"<p>FLEX PE 8-4 80 \u2013 polerka rotacyjna do niewielkich powierzchni. Zalety: Lekka i por\u0119czna do zastosowania na ma\u0142ych powierzchniach, w k\u0105tach i naro\u017cnikach VR-elektronika: ze stabilizacj\u0105 pr\u0119dko\u015bci obrotowej za pomoc\u0105 pr\u0105dnicy tachometrycznej, z \u0142agodnym rozruchem, zabezpieczeniem przeci\u0105\u017ceniowym i ustawieniem wst\u0119pnym pr\u0119dko\u015bci obrotowej. Poniewa\u017c docisk dzia\u0142a poprzez r\u0119koje\u015b\u0107 na umieszczon\u0105 poni\u017cej g\u0142owic\u0119 robocz\u0105, maszyna dobrze le\u017cy&hellip;&nbsp;<a href=\"https:\/\/liquidmaster.pl\/en\/flex-pe-8-4-80mm-polerka-rotacyjna-do-niewielkich-powierzchni\/\" rel=\"bookmark\">Read More \u00bb<span class=\"screen-reader-text\">FLEX PE 8-4 80mm \u2013 rotary polisher for small surfaces<\/span><\/a><\/p>","protected":false},"featured_media":1848843,"comment_status":"open","ping_status":"open","template":"","meta":{"neve_meta_sidebar":"","neve_meta_container":"","neve_meta_enable_content_width":"","neve_meta_content_width":0,"neve_meta_title_alignment":"","neve_meta_author_avatar":"","neve_post_elements_order":"","neve_meta_disable_header":"","neve_meta_disable_footer":"","neve_meta_disable_title":"","_themeisle_gutenberg_block_has_review":false},"product_brand":[],"product_cat":[806,828,748],"product_tag":[292],"class_list":{"0":"post-1806077","1":"product","2":"type-product","3":"status-publish","4":"has-post-thumbnail","6":"product_cat-maszyny-polerskie","7":"product_cat-maszyny-rotacyjne","8":"product_cat-polerowanie","9":"product_tag-flex","11":"first","12":"outofstock","13":"taxable","14":"shipping-taxable","15":"purchasable","16":"product-type-simple"},"_links":{"self":[{"href":"https:\/\/liquidmaster.pl\/en\/wp-json\/wp\/v2\/product\/1806077","targetHints":{"allow":["GET"]}}],"collection":[{"href":"https:\/\/liquidmaster.pl\/en\/wp-json\/wp\/v2\/product"}],"about":[{"href":"https:\/\/liquidmaster.pl\/en\/wp-json\/wp\/v2\/types\/product"}],"replies":[{"embeddable":true,"href":"https:\/\/liquidmaster.pl\/en\/wp-json\/wp\/v2\/comments?post=1806077"}],"wp:featuredmedia":[{"embeddable":true,"href":"https:\/\/liquidmaster.pl\/en\/wp-json\/wp\/v2\/media\/1848843"}],"wp:attachment":[{"href":"https:\/\/liquidmaster.pl\/en\/wp-json\/wp\/v2\/media?parent=1806077"}],"wp:term":[{"taxonomy":"product_brand","embeddable":true,"href":"https:\/\/liquidmaster.pl\/en\/wp-json\/wp\/v2\/product_brand?post=1806077"},{"taxonomy":"product_cat","embeddable":true,"href":"https:\/\/liquidmaster.pl\/en\/wp-json\/wp\/v2\/product_cat?post=1806077"},{"taxonomy":"product_tag","embeddable":true,"href":"https:\/\/liquidmaster.pl\/en\/wp-json\/wp\/v2\/product_tag?post=1806077"}],"curies":[{"name":"wp","href":"https:\/\/api.w.org\/{rel}","templated":true}]}}