{"id":1806075,"date":"2025-03-28T16:24:27","date_gmt":"2025-03-28T14:24:27","guid":{"rendered":"https:\/\/liquidmaster.pl\/3m-trizact-p1000-75mm-krazek-scierny\/"},"modified":"2026-04-20T08:16:27","modified_gmt":"2026-04-20T06:16:27","slug":"3m-trizact-p1000-75mm-krazek-scierny","status":"publish","type":"product","link":"https:\/\/liquidmaster.pl\/en\/3m-trizact-p1000-75mm-krazek-scierny\/","title":{"rendered":"3M Trizact P1000 75mm \u2013 sanding disc"},"content":{"rendered":"<p>3M Trizact with a grade of P1000 is a technically advanced abrasive material. Thanks to the unique pyramid structure used in 3M Trizact abrasive, more sharp mineral grains are discovered as the abrasive wears out. The result is a thoroughly smooth finish. While working, make sure that you have removed all defects from the sanded surface. After P1000 paper, we recommend matting with P3000.<\/p>\n<p>Diameter: 75 mm<\/p>\n<p>Gradation: P1000<\/p>\n<p>Quantity: 1 pc.<\/p>","protected":false},"excerpt":{"rendered":"<p>3M Trizact o gradacji P1000 to zaawansowany technicznie materia\u0142 \u015bcierny. Dzi\u0119ki unikatowej strukturze piramid zastosowanej w materiale \u015bciernym 3M Trizact w miar\u0119 zu\u017cywania si\u0119 \u015bcierniwa odkrywane s\u0105 kolejne ostre ziarenka mineralne. W efekcie uzyskujemy dok\u0142adnie g\u0142adkie wyko\u0144czenie. Podczas pracy upewnij si\u0119, czy ze szlifowanej powierzchni usun\u0105\u0142e\u015b wszystkie defekty. Po papierze P1000 zalecamy matowanie P3000. \u015arednica:&hellip;&nbsp;<a href=\"https:\/\/liquidmaster.pl\/en\/3m-trizact-p1000-75mm-krazek-scierny\/\" rel=\"bookmark\">Read More \u00bb<span class=\"screen-reader-text\">3M Trizact P1000 75mm \u2013 sanding disc<\/span><\/a><\/p>","protected":false},"featured_media":1848834,"comment_status":"open","ping_status":"open","template":"","meta":{"neve_meta_sidebar":"","neve_meta_container":"","neve_meta_enable_content_width":"","neve_meta_content_width":0,"neve_meta_title_alignment":"","neve_meta_author_avatar":"","neve_post_elements_order":"","neve_meta_disable_header":"","neve_meta_disable_footer":"","neve_meta_disable_title":"","_themeisle_gutenberg_block_has_review":false},"product_brand":[],"product_cat":[876,748,874],"product_tag":[345],"class_list":{"0":"post-1806075","1":"product","2":"type-product","3":"status-publish","4":"has-post-thumbnail","6":"product_cat-papiery","7":"product_cat-polerowanie","8":"product_cat-wet-sanding","9":"product_tag-pozostali","11":"first","12":"instock","13":"taxable","14":"shipping-taxable","15":"purchasable","16":"product-type-simple"},"_links":{"self":[{"href":"https:\/\/liquidmaster.pl\/en\/wp-json\/wp\/v2\/product\/1806075","targetHints":{"allow":["GET"]}}],"collection":[{"href":"https:\/\/liquidmaster.pl\/en\/wp-json\/wp\/v2\/product"}],"about":[{"href":"https:\/\/liquidmaster.pl\/en\/wp-json\/wp\/v2\/types\/product"}],"replies":[{"embeddable":true,"href":"https:\/\/liquidmaster.pl\/en\/wp-json\/wp\/v2\/comments?post=1806075"}],"wp:featuredmedia":[{"embeddable":true,"href":"https:\/\/liquidmaster.pl\/en\/wp-json\/wp\/v2\/media\/1848834"}],"wp:attachment":[{"href":"https:\/\/liquidmaster.pl\/en\/wp-json\/wp\/v2\/media?parent=1806075"}],"wp:term":[{"taxonomy":"product_brand","embeddable":true,"href":"https:\/\/liquidmaster.pl\/en\/wp-json\/wp\/v2\/product_brand?post=1806075"},{"taxonomy":"product_cat","embeddable":true,"href":"https:\/\/liquidmaster.pl\/en\/wp-json\/wp\/v2\/product_cat?post=1806075"},{"taxonomy":"product_tag","embeddable":true,"href":"https:\/\/liquidmaster.pl\/en\/wp-json\/wp\/v2\/product_tag?post=1806075"}],"curies":[{"name":"wp","href":"https:\/\/api.w.org\/{rel}","templated":true}]}}