{"id":1806063,"date":"2025-03-28T16:24:05","date_gmt":"2025-03-28T14:24:05","guid":{"rendered":"https:\/\/liquidmaster.pl\/fx-protect-wheel-g-b-2-15ml-powloka-grafenowa-do-felg\/"},"modified":"2026-04-21T08:17:40","modified_gmt":"2026-04-21T06:17:40","slug":"fx-protect-wheel-g-b-2-15ml-powloka-grafenowa-do-felg","status":"publish","type":"product","link":"https:\/\/liquidmaster.pl\/en\/fx-protect-wheel-g-b-2-15ml-powloka-grafenowa-do-felg\/","title":{"rendered":"FX Protect Wheel-G B-2 15ml \u2013 graphene coating for rims"},"content":{"rendered":"<p>Extremely durable SiCN (polysilane) rim coating enriched with activated graphene particles.<\/p>\n<p>Coating properties:<\/p>\n<ul>\n<li>resistant to extremely high temperatures<\/li>\n<li>enriched with activated graphene particles<\/li>\n<li>provides up to 2 years of protection<\/li>\n<li>creates a thick protective layer on the surface<\/li>\n<li>provides excellent resistance and mechanical strength<\/li>\n<li>protects against dirt and harmful weather conditions<\/li>\n<li>protects against UV radiation<\/li>\n<li>masks minor imperfections<\/li>\n<li>increases slipperiness<\/li>\n<li>brings out the depth of color<\/li>\n<\/ul>\n<p>Application areas:<\/p>\n<ul>\n<li>aluminum rims, painted, chrome-plated, unpainted aluminum<\/li>\n<li>brake calipers<\/li>\n<li>exhaust systems<\/li>\n<\/ul>\n<p>Capacity: 15ml<\/p>","protected":false},"excerpt":{"rendered":"<p>Ekstremalnie wytrzyma\u0142a pow\u0142oka do felg SiCN (polisilazanowa) wzbogacona aktywowanymi drobinami grafenu. W\u0142a\u015bciwo\u015bci pow\u0142oki: odporna na ekstremalnie wysokie temperatury wzbogacona aktywowanymi drobinami grafenu zapewnia do 2 lat ochrony tworzy grub\u0105 warstw\u0119 ochronn\u0105 na powierzchni zapewnia doskona\u0142\u0105 odporno\u015b\u0107 i wytrzyma\u0142o\u015b\u0107 mechaniczn\u0105 chroni przed zabrudzeniami oraz szkodliwym dzia\u0142aniem warunk\u00f3w atmosferycznych chroni\u00a0 przed promieniowaniem UV maskuje drobne niedoskona\u0142o\u015bci zwi\u0119ksza&hellip;&nbsp;<a href=\"https:\/\/liquidmaster.pl\/en\/fx-protect-wheel-g-b-2-15ml-powloka-grafenowa-do-felg\/\" rel=\"bookmark\">Read More \u00bb<span class=\"screen-reader-text\">FX Protect Wheel-G B-2 15ml \u2013 graphene coating for rims<\/span><\/a><\/p>","protected":false},"featured_media":1848814,"comment_status":"open","ping_status":"open","template":"","meta":{"neve_meta_sidebar":"","neve_meta_container":"","neve_meta_enable_content_width":"","neve_meta_content_width":0,"neve_meta_title_alignment":"","neve_meta_author_avatar":"","neve_post_elements_order":"","neve_meta_disable_header":"","neve_meta_disable_footer":"","neve_meta_disable_title":"","_themeisle_gutenberg_block_has_review":false},"product_brand":[],"product_cat":[745,733,776],"product_tag":[299],"class_list":{"0":"post-1806063","1":"product","2":"type-product","3":"status-publish","4":"has-post-thumbnail","6":"product_cat-kola-i-opony","7":"product_cat-na-zewnatrz","8":"product_cat-zabezpieczanie-felg","9":"product_tag-fx-protect","11":"first","12":"instock","13":"taxable","14":"shipping-taxable","15":"purchasable","16":"product-type-simple"},"_links":{"self":[{"href":"https:\/\/liquidmaster.pl\/en\/wp-json\/wp\/v2\/product\/1806063","targetHints":{"allow":["GET"]}}],"collection":[{"href":"https:\/\/liquidmaster.pl\/en\/wp-json\/wp\/v2\/product"}],"about":[{"href":"https:\/\/liquidmaster.pl\/en\/wp-json\/wp\/v2\/types\/product"}],"replies":[{"embeddable":true,"href":"https:\/\/liquidmaster.pl\/en\/wp-json\/wp\/v2\/comments?post=1806063"}],"wp:featuredmedia":[{"embeddable":true,"href":"https:\/\/liquidmaster.pl\/en\/wp-json\/wp\/v2\/media\/1848814"}],"wp:attachment":[{"href":"https:\/\/liquidmaster.pl\/en\/wp-json\/wp\/v2\/media?parent=1806063"}],"wp:term":[{"taxonomy":"product_brand","embeddable":true,"href":"https:\/\/liquidmaster.pl\/en\/wp-json\/wp\/v2\/product_brand?post=1806063"},{"taxonomy":"product_cat","embeddable":true,"href":"https:\/\/liquidmaster.pl\/en\/wp-json\/wp\/v2\/product_cat?post=1806063"},{"taxonomy":"product_tag","embeddable":true,"href":"https:\/\/liquidmaster.pl\/en\/wp-json\/wp\/v2\/product_tag?post=1806063"}],"curies":[{"name":"wp","href":"https:\/\/api.w.org\/{rel}","templated":true}]}}