{"id":1806057,"date":"2025-03-28T16:22:50","date_gmt":"2025-03-28T14:22:50","guid":{"rendered":"https:\/\/liquidmaster.pl\/fx-protect-gloss-s-4h-30ml-powloka-ochronna\/"},"modified":"2026-04-20T08:16:24","modified_gmt":"2026-04-20T06:16:24","slug":"fx-protect-gloss-s-4h-30ml-powloka-ochronna","status":"publish","type":"product","link":"https:\/\/liquidmaster.pl\/en\/fx-protect-gloss-s-4h-30ml-powloka-ochronna\/","title":{"rendered":"FX Protect GLOSS S-4H 30ml \u2013 protective coating"},"content":{"rendered":"<p>Pow\u0142oka ceramiczna FX Protect GLOSS S-4H to innowacyjne rozwi\u0105zanie w dziedzinie zabezpieczenia struktury lakierniczej samochodu. Dzi\u0119ki unikalnej zawarto\u015bci nanocz\u0105steczek w znakomity spos\u00f3b chroni lakier podczas codziennego u\u017cytkowania przed zarysowaniami, promieniowaniem UV, warunkami atmosferycznymi a tak\u017ce szkodliwym wp\u0142ywem agresywnej chemii. Efekt widoczny po ka\u017cdym umyciu samochodu!<\/p>\n<p>Zaaplikowana na lakier pow\u0142oka ceramiczna FX Protect GLOSS S-4H tworzy elastyczn\u0105 (membranown\u0105) barier\u0119 ochronn\u0105. Pow\u0142oka posiada rewelacyjne w\u0142a\u015bciowo\u015bci hydrofobowe \u2013 odpycha brud i sprawia, \u017ce mycie samochodu staje si\u0119 czynno\u015bci\u0105 \u0142atwiejsz\u0105 i przyjemniejsz\u0105.<\/p>\n<p>Pow\u0142oka FX Protect GLOSS S-4H po utwardzeniu staje si\u0119 elastyczna, dzi\u0119ki czemu posiada w\u0142a\u015bciwo\u015bci do mikro kurczenia si\u0119 i rozszerzenia, bez p\u0119kania.<\/p>\n<p>The thickness of one layer is about 1 micron.<\/p>\n<p>Properties:<\/p>\n<ul>\n<li>high hydrophobicity of the coating: raindrop drainage effect<\/li>\n<li>fills micro scratches<\/li>\n<li>explores and brings out color<\/li>\n<li>adds shine<\/li>\n<li>gives extraordinary smoothness to the protected surface<\/li>\n<li>high scratch resistance<\/li>\n<li>resistance to aggressive chemicals<\/li>\n<li>drops on paint with an angle of up to 105 degrees<\/li>\n<li>extremely high performance<\/li>\n<li>easy application<\/li>\n<\/ul>\n<p>Durability: 24-36 months or approx. 30,000 km - 45,000 km with proper care. (once every 6 months, cleaning the coating and applying TOP COATING)<\/p>\n<p>Usage:<\/p>\n<ul>\n<li>apply 7-9 drops of Gloss Coating onto a dry applicator. This amount is enough to cover about half of an average-sized body element (with further application, when the applicator is saturated with the product, the number of drops can be reduced)<\/li>\n<li>spread the product place by place using longitudinal and widthwise movements (cross movements #). Work on small areas, the coating crystallizes quickly.<\/li>\n<li>wait 3-7 minutes (see table), then remove excess product with a wet*, seamless microfiber cloth. Then use a dry microfiber to polish the element until it shines<\/li>\n<li>repeat the operation on all external painted surfaces<\/li>\n<li>Be sure to collect excess coating in a timely manner. If left too long, it will crystallize and be difficult to remove!<\/li>\n<\/ul>\n<p>* Use only demineralized water.<\/p>\n<p>After performing all the above activities, leave the car in constant weather conditions for about 24 hours (temperature not lower than 10\u00b0C). This is the time necessary for the ceramic coating to harden<\/p>\n<p>Attention:<br \/>\nCzas utwardzania pow\u0142oki FX Protect GLOSS S-4H mo\u017cna skr\u00f3ci\u0107 poprzez zastosowanie podczerwieni IR.<\/p>\n<p>Remember<br \/>\nA single application of the product is sufficient, but for maximum effect we recommend applying two layers of ceramic coating (3 hours apart).<\/p>\n<p>After completing the coating application, we recommend applying the TOP COATING product after 12 hours, which will preserve the previously applied coating, and then wait another 12 hours for the ceramic coating to fully harden.<\/p>\n<p>Preparing the car before applying a ceramic coating:<\/p>\n<ul>\n<li>multi-stage, safe car washing<\/li>\n<li>de-ironization of the varnish<\/li>\n<li>paint decontamination and claying<\/li>\n<li>mechanical correction of the paint coating<\/li>\n<li>double degreasing of the car body<\/li>\n<\/ul>\n<p>Comments:<\/p>\n<ul>\n<li>Do not apply the product to the entire surface at once to avoid problems with the coating drying too early. Apply it element by element<\/li>\n<li>Carry out all activities in a well-lit room to avoid leaving product residues on the bodywork<\/li>\n<li>Do not expose the surface to water or moisture for at least 24 hours after application. The coating becomes fully durable after 7 days<\/li>\n<li>Do not wash your car with shampoo or chemicals for 7 days<\/li>\n<li>do not use in sunlight<\/li>\n<li>do not use in the rain<\/li>\n<li>do not use at temperatures below 10\u00b0C<\/li>\n<li>do not use on heated elements<\/li>\n<li>use on dry and prepared surfaces<\/li>\n<li>apply only with the applicator intended for this purpose<\/li>\n<li>use according to the instructions<\/li>\n<li>use personal protective equipment<\/li>\n<\/ul>\n<p>Pow\u0142oka FX Protect GLOSS S-4H nadaje si\u0119 r\u00f3wnie\u017c do zabezpieczenia element\u00f3w wykonanych z plastiku oraz gumy. Produkt wnika g\u0142\u0119boko w struktur\u0119 materia\u0142u tworz\u0105c trwa\u0142\u0105 pow\u0142ok\u0119 na powierzchni.<\/p>\n<p>Thanks to the high efficiency of the product, one 30 ml package is enough to protect the entire car with two layers. Securing all elements with an additional second layer increases the durability of the coating and enhances the visual effect.<\/p>\n<p>Capacity: 30 ml<\/p>","protected":false},"excerpt":{"rendered":"<p>Pow\u0142oka ceramiczna FX Protect GLOSS S-4H to innowacyjne rozwi\u0105zanie w dziedzinie zabezpieczenia struktury lakierniczej samochodu. Dzi\u0119ki unikalnej zawarto\u015bci nanocz\u0105steczek w znakomity spos\u00f3b chroni lakier podczas codziennego u\u017cytkowania przed zarysowaniami, promieniowaniem UV, warunkami atmosferycznymi a tak\u017ce szkodliwym wp\u0142ywem agresywnej chemii. Efekt widoczny po ka\u017cdym umyciu samochodu! Zaaplikowana na lakier pow\u0142oka ceramiczna FX Protect GLOSS S-4H tworzy&hellip;&nbsp;<a href=\"https:\/\/liquidmaster.pl\/en\/fx-protect-gloss-s-4h-30ml-powloka-ochronna\/\" rel=\"bookmark\">Read More \u00bb<span class=\"screen-reader-text\">FX Protect GLOSS S-4H 30ml \u2013 protective coating<\/span><\/a><\/p>","protected":false},"featured_media":1848805,"comment_status":"open","ping_status":"open","template":"","meta":{"neve_meta_sidebar":"","neve_meta_container":"","neve_meta_enable_content_width":"","neve_meta_content_width":0,"neve_meta_title_alignment":"","neve_meta_author_avatar":"","neve_post_elements_order":"","neve_meta_disable_header":"","neve_meta_disable_footer":"","neve_meta_disable_title":"","_themeisle_gutenberg_block_has_review":false},"product_brand":[],"product_cat":[733,766,775],"product_tag":[299],"class_list":{"0":"post-1806057","1":"product","2":"type-product","3":"status-publish","4":"has-post-thumbnail","6":"product_cat-na-zewnatrz","7":"product_cat-ochrona-lakieru","8":"product_cat-powloki-ceramiczne","9":"product_tag-fx-protect","11":"first","12":"instock","13":"taxable","14":"shipping-taxable","15":"purchasable","16":"product-type-simple"},"_links":{"self":[{"href":"https:\/\/liquidmaster.pl\/en\/wp-json\/wp\/v2\/product\/1806057","targetHints":{"allow":["GET"]}}],"collection":[{"href":"https:\/\/liquidmaster.pl\/en\/wp-json\/wp\/v2\/product"}],"about":[{"href":"https:\/\/liquidmaster.pl\/en\/wp-json\/wp\/v2\/types\/product"}],"replies":[{"embeddable":true,"href":"https:\/\/liquidmaster.pl\/en\/wp-json\/wp\/v2\/comments?post=1806057"}],"wp:featuredmedia":[{"embeddable":true,"href":"https:\/\/liquidmaster.pl\/en\/wp-json\/wp\/v2\/media\/1848805"}],"wp:attachment":[{"href":"https:\/\/liquidmaster.pl\/en\/wp-json\/wp\/v2\/media?parent=1806057"}],"wp:term":[{"taxonomy":"product_brand","embeddable":true,"href":"https:\/\/liquidmaster.pl\/en\/wp-json\/wp\/v2\/product_brand?post=1806057"},{"taxonomy":"product_cat","embeddable":true,"href":"https:\/\/liquidmaster.pl\/en\/wp-json\/wp\/v2\/product_cat?post=1806057"},{"taxonomy":"product_tag","embeddable":true,"href":"https:\/\/liquidmaster.pl\/en\/wp-json\/wp\/v2\/product_tag?post=1806057"}],"curies":[{"name":"wp","href":"https:\/\/api.w.org\/{rel}","templated":true}]}}