{"id":1806055,"date":"2025-03-28T16:22:50","date_gmt":"2025-03-28T14:22:50","guid":{"rendered":"https:\/\/liquidmaster.pl\/innovacar-micron-xxl-suv-60x90-1200gsm-recznik-z-mikrofibry-do-osuszania-samochodu\/"},"modified":"2026-04-18T04:36:44","modified_gmt":"2026-04-18T02:36:44","slug":"innovacar-micron-xxl-suv-60x90-1200gsm-recznik-z-mikrofibry-do-osuszania-samochodu","status":"publish","type":"product","link":"https:\/\/liquidmaster.pl\/en\/innovacar-micron-xxl-suv-60x90-1200gsm-recznik-z-mikrofibry-do-osuszania-samochodu\/","title":{"rendered":"Innovacar Micron XXL SUV 60\u00d790 1200gsm \u2013 microfiber towel for drying the car"},"content":{"rendered":"<p>Micron XXL super absorbent microfiber towels for drying cars are available in two different versions for sports cars or small and medium-sized cars and for larger vehicles such as SUVs, station wagons, boats, caravans, trucks or vans.<\/p>\n<p>Both have been specially designed to speed up the drying phase, reducing and simplifying the mechanical operations of drying the vehicle.<\/p>\n<p>On the other hand, Innovacar&#039;s Micron XXL SUV cloth is the best choice for large-sized vehicles because it has twice the absorbency of the regular version. Its high absorbency makes it irreplaceable for larger vehicles.<\/p>\n<p>Main features:<\/p>\n<ul>\n<li>Microfiber weight: 1200 GSM SUV version;<\/li>\n<li>Size: 60\u00d790 cm SUV version;<\/li>\n<li>Great dimensions: it was created in XXL size to allow faster drying of larger surfaces;<\/li>\n<li>Highly absorbent fibers: designed to quickly absorb large amounts of water, without leaving streaks or stains;<\/li>\n<li>Lockable packaging: the product is sold in a bag with a long, reusable zip closure, which makes it easier to store the item, preventing it from being contaminated with dirt and dust;<\/li>\n<li>Finished edges: The edges are designed to be gentle on the surface and are label-free to ensure safe use.<\/li>\n<li>Dark color: suitable for hiding possible stains.<\/li>\n<\/ul>","protected":false},"excerpt":{"rendered":"<p>Superch\u0142onne r\u0119czniki z mikrofibry Micron XXL do osuszania samochod\u00f3w s\u0105 dost\u0119pne w dw\u00f3ch r\u00f3\u017cnych wersjach do samochod\u00f3w sportowych lub ma\u0142ych i \u015brednich samochod\u00f3w oraz do wi\u0119kszych pojazd\u00f3w, takich jak SUV-y, kombi, \u0142odzie, przyczepy kempingowe, ci\u0119\u017car\u00f3wki lub samochody dostawcze. Oba zosta\u0142y specjalnie zaprojektowane, aby przyspieszy\u0107 faz\u0119 suszenia, zmniejszaj\u0105c i upraszczaj\u0105c mechaniczne operacje suszenia pojazdu. Z drugiej&hellip;&nbsp;<a href=\"https:\/\/liquidmaster.pl\/en\/innovacar-micron-xxl-suv-60x90-1200gsm-recznik-z-mikrofibry-do-osuszania-samochodu\/\" rel=\"bookmark\">Read More \u00bb<span class=\"screen-reader-text\">Innovacar Micron XXL SUV 60\u00d790 1200gsm \u2013 microfiber towel for drying the car<\/span><\/a><\/p>","protected":false},"featured_media":1848803,"comment_status":"open","ping_status":"open","template":"","meta":{"neve_meta_sidebar":"","neve_meta_container":"","neve_meta_enable_content_width":"","neve_meta_content_width":0,"neve_meta_title_alignment":"","neve_meta_author_avatar":"","neve_post_elements_order":"","neve_meta_disable_header":"","neve_meta_disable_footer":"","neve_meta_disable_title":"","_themeisle_gutenberg_block_has_review":false},"product_brand":[],"product_cat":[734,733,781],"product_tag":[310],"class_list":{"0":"post-1806055","1":"product","2":"type-product","3":"status-publish","4":"has-post-thumbnail","6":"product_cat-mycie-i-osuszanie","7":"product_cat-na-zewnatrz","8":"product_cat-reczniki-do-osuszania","9":"product_tag-innovacar","11":"first","12":"outofstock","13":"taxable","14":"shipping-taxable","15":"purchasable","16":"product-type-simple"},"_links":{"self":[{"href":"https:\/\/liquidmaster.pl\/en\/wp-json\/wp\/v2\/product\/1806055","targetHints":{"allow":["GET"]}}],"collection":[{"href":"https:\/\/liquidmaster.pl\/en\/wp-json\/wp\/v2\/product"}],"about":[{"href":"https:\/\/liquidmaster.pl\/en\/wp-json\/wp\/v2\/types\/product"}],"replies":[{"embeddable":true,"href":"https:\/\/liquidmaster.pl\/en\/wp-json\/wp\/v2\/comments?post=1806055"}],"wp:featuredmedia":[{"embeddable":true,"href":"https:\/\/liquidmaster.pl\/en\/wp-json\/wp\/v2\/media\/1848803"}],"wp:attachment":[{"href":"https:\/\/liquidmaster.pl\/en\/wp-json\/wp\/v2\/media?parent=1806055"}],"wp:term":[{"taxonomy":"product_brand","embeddable":true,"href":"https:\/\/liquidmaster.pl\/en\/wp-json\/wp\/v2\/product_brand?post=1806055"},{"taxonomy":"product_cat","embeddable":true,"href":"https:\/\/liquidmaster.pl\/en\/wp-json\/wp\/v2\/product_cat?post=1806055"},{"taxonomy":"product_tag","embeddable":true,"href":"https:\/\/liquidmaster.pl\/en\/wp-json\/wp\/v2\/product_tag?post=1806055"}],"curies":[{"name":"wp","href":"https:\/\/api.w.org\/{rel}","templated":true}]}}