{"id":1806053,"date":"2025-03-28T16:22:40","date_gmt":"2025-03-28T14:22:40","guid":{"rendered":"https:\/\/liquidmaster.pl\/work-stuff-worker-5-pack-grey-zestaw-uniwersalnych-mikrofibr\/"},"modified":"2026-04-20T08:05:51","modified_gmt":"2026-04-20T06:05:51","slug":"work-stuff-worker-5-pack-grey-zestaw-uniwersalnych-mikrofibr","status":"publish","type":"product","link":"https:\/\/liquidmaster.pl\/en\/work-stuff-worker-5-pack-grey-zestaw-uniwersalnych-mikrofibr\/","title":{"rendered":"Work Stuff Worker 5-pack Gray - A set of universal microfibers"},"content":{"rendered":"<p>Work Stuff Worker \u2013 microfiber for cleaning and caring for various elements in the car. It is perfect for lapping coatings, polishing pastes, waxes, Quick detailers, Quick waxes and all work inside the car. Fibra has a laser-cut WORK STUFF logo. The variant contains 5 pieces of microfiber in the package.<\/p>\n<p>Main features: <\/p>\n<ul>\n<li>Size \u2013 40\u00d740 cm<\/li>\n<li>Density \u2013 320 g\/m\u00b2<\/li>\n<li>Laser cut edges<\/li>\n<li>Multi-tasking microfiber<\/li>\n<\/ul>\n<p>Comments:<br \/>\nWash the product before use.<\/p>","protected":false},"excerpt":{"rendered":"<p>Work Stuff Worker \u2013 mikrofibra do czyszczenia i piel\u0119gnacji r\u00f3\u017cnych element\u00f3w w samochodzie. \u015awietnie sprawdzi si\u0119 podczas docierania pow\u0142ok, past polerskich, wosk\u00f3w, Quick detailer&#8217;\u00f3w, Quick wax&#8217;\u00f3w oraz wszystkich prac we wn\u0119trzu auta. Fibra posiada laserowo wyci\u0119ty logotyp WORK STUFF. Wariant zawiera 5 sztuk mikrofibr w opakowaniu. G\u0142\u00f3wne cechy: Rozmiar \u2013 40&#215;40 cm G\u0119sto\u015b\u0107 \u2013 320&hellip;&nbsp;<a href=\"https:\/\/liquidmaster.pl\/en\/work-stuff-worker-5-pack-grey-zestaw-uniwersalnych-mikrofibr\/\" rel=\"bookmark\">Read More \u00bb<span class=\"screen-reader-text\">Work Stuff Worker 5-pack Gray - A set of universal microfibers<\/span><\/a><\/p>","protected":false},"featured_media":1847707,"comment_status":"open","ping_status":"open","template":"","meta":{"neve_meta_sidebar":"","neve_meta_container":"","neve_meta_enable_content_width":"","neve_meta_content_width":0,"neve_meta_title_alignment":"","neve_meta_author_avatar":"","neve_post_elements_order":"","neve_meta_disable_header":"","neve_meta_disable_footer":"","neve_meta_disable_title":"","_themeisle_gutenberg_block_has_review":false},"product_brand":[],"product_cat":[757,758,798],"product_tag":[381],"class_list":{"0":"post-1806053","1":"product","2":"type-product","3":"status-publish","4":"has-post-thumbnail","6":"product_cat-akcesoria","7":"product_cat-mikrofibry-i-reczniki","8":"product_cat-uniwersalne","9":"product_tag-work-stuff","11":"first","12":"instock","13":"taxable","14":"shipping-taxable","15":"purchasable","16":"product-type-simple"},"_links":{"self":[{"href":"https:\/\/liquidmaster.pl\/en\/wp-json\/wp\/v2\/product\/1806053","targetHints":{"allow":["GET"]}}],"collection":[{"href":"https:\/\/liquidmaster.pl\/en\/wp-json\/wp\/v2\/product"}],"about":[{"href":"https:\/\/liquidmaster.pl\/en\/wp-json\/wp\/v2\/types\/product"}],"replies":[{"embeddable":true,"href":"https:\/\/liquidmaster.pl\/en\/wp-json\/wp\/v2\/comments?post=1806053"}],"wp:featuredmedia":[{"embeddable":true,"href":"https:\/\/liquidmaster.pl\/en\/wp-json\/wp\/v2\/media\/1847707"}],"wp:attachment":[{"href":"https:\/\/liquidmaster.pl\/en\/wp-json\/wp\/v2\/media?parent=1806053"}],"wp:term":[{"taxonomy":"product_brand","embeddable":true,"href":"https:\/\/liquidmaster.pl\/en\/wp-json\/wp\/v2\/product_brand?post=1806053"},{"taxonomy":"product_cat","embeddable":true,"href":"https:\/\/liquidmaster.pl\/en\/wp-json\/wp\/v2\/product_cat?post=1806053"},{"taxonomy":"product_tag","embeddable":true,"href":"https:\/\/liquidmaster.pl\/en\/wp-json\/wp\/v2\/product_tag?post=1806053"}],"curies":[{"name":"wp","href":"https:\/\/api.w.org\/{rel}","templated":true}]}}