{"id":1806051,"date":"2025-03-28T16:22:28","date_gmt":"2025-03-28T14:22:28","guid":{"rendered":"https:\/\/liquidmaster.pl\/innovacar-micron-scrub-pad-do-czyszczenia-wnetrza-samochodu\/"},"modified":"2026-04-19T03:23:53","modified_gmt":"2026-04-19T01:23:53","slug":"innovacar-micron-scrub-pad-do-czyszczenia-wnetrza-samochodu","status":"publish","type":"product","link":"https:\/\/liquidmaster.pl\/en\/innovacar-micron-scrub-pad-do-czyszczenia-wnetrza-samochodu\/","title":{"rendered":"Innovacar Micron Scrub \u2013 pad for cleaning the car interior"},"content":{"rendered":"<p>Innovacar Micron Scrub \u2013 wygodny i skuteczny pad detailingowy<\/p>\n<p>Micron Scrub od Innovacar to praktyczny i uniwersalny pad wykonany z g\u0105bki i mikrofibry. Doskonale nadaje si\u0119 do czyszczenia wn\u0119trza samochodu, a nawet trudno dost\u0119pnych powierzchni. Dzi\u0119ki niemu z \u0142atwo\u015bci\u0105 umyjesz siedzenia, dywaniki, desk\u0119 rozdzielcz\u0105, kierownic\u0119, okolice ga\u0142ki do zmiany bieg\u00f3w, drzwi, a tak\u017ce wn\u0119trze baga\u017cnika. Cho\u0107 produkt powsta\u0142 z my\u015bl\u0105 o auto detailerach, ka\u017cdy mo\u017ce si\u0119 w niego wyposa\u017cy\u0107.<\/p>\n<p>Poznaj w\u0142a\u015bciwo\u015bci Scrub pada<\/p>\n<p>Micron Scrub to jako\u015bciowy pad detailingowy przeznaczony do czyszczenia kabiny pojazdu. Korzystaj\u0105 z niego zar\u00f3wno kierowcy pragn\u0105cy zadba\u0107 o sw\u00f3j samoch\u00f3d, jak i profesjonalni car detailerzy oferuj\u0105cy tego rodzaju us\u0142ugi. Oto g\u0142\u00f3wne cechy pada detailingowego Scrub:<\/p>\n<ul>\n<li>podw\u00f3jna funkcjonalno\u015b\u0107 \u2013 pad od Innovacar ma dwie strony \u2013 czarn\u0105 mikrofibr\u0119, kt\u00f3ra jest idealna do codziennego czyszczenia czy aplikowania r\u00f3\u017cnego rodzaju \u015brodk\u00f3w, oraz bia\u0142\u0105 stron\u0119. Ta z kolei jest \u015bcierna, radzi sobie znakomicie z g\u0142\u0119bokim czyszczeniem sk\u00f3r i tapicerki;<\/li>\n<li>wysoka kontrola \u2013 dzi\u0119ki swojemu kszta\u0142towi pad pozwala na precyzyjn\u0105 prac\u0119 i skuteczne usuwanie zanieczyszcze\u0144 z wybranych miejsc;<\/li>\n<li>\u0142atwy w u\u017cyciu \u2013 pad mo\u017cna dowolnie wygina\u0107, co umo\u017cliwia wygodne korzystanie z niego w zale\u017cno\u015bci od naszych potrzeb;<\/li>\n<li>szybka gotowo\u015b\u0107 do ponownego u\u017cycia \u2013 wewn\u0119trzna g\u0105bka pozwala na cz\u0119ste p\u0142ukanie pada w wodzie, a materia\u0142y u\u017cyte do jego produkcji to tworzywa szybkoschn\u0105ce;<\/li>\n<li>praktyczne opakowanie \u2013 pad jest sprzedawany w torbie z zamkni\u0119ciem typu zip, co u\u0142atwia jego przechowywanie, chroni przed zabrudzeniami oraz kurzem;<\/li>\n<li>wymiary i kszta\u0142t \u2013 Innovacar Micron Scrub to pad prostok\u0105tny o wymiarach 15\u00a0x\u00a09 cm.<\/li>\n<\/ul>\n<p>Micron Scrub \u2013 pad do detailingu i przydomowego gara\u017cu<\/p>\n<p>Wybierz Innovacar Micron Scrub, je\u015bli szukasz skutecznego i wygodnego w u\u017cyciu pada do czyszczenia wn\u0119trza samochodu. Do\u015bwiadcz nowej jako\u015bci piel\u0119gnacji, dbaj\u0105c o czysto\u015b\u0107 w swoim poje\u017adzie Wyposa\u017c si\u0119 w najlepsze akcesoria i ciesz si\u0119 ka\u017cd\u0105 chwil\u0105 sp\u0119dzon\u0105 w aucie.<\/p>\n<p>Innovacar Micron Scrub Pad \u2013 is a sponge and microfiber pad for car interiors with a high level of portability, making it a versatile accessory for cleaning car seats, floor mats, dashboard, steering wheel, gear knob, door panel and even the trunk.<\/p>\n<p>Main features:<\/p>\n<ul>\n<li>Dual side and dual use: the pad consists of one black microfiber side, suitable for regular cleaning or applying a protective layer, and a white abrasive side, ideal for deeper cleaning of leathers or fabrics;<\/li>\n<li>Greater control: the shape of the pad allows for better control during cleaning, enabling precise removal of stains or dirt located in a specific place;<\/li>\n<li>Simple and quick use: it is a rectangular-shaped accessory that can be bent as needed to reach difficult-to-clean areas in the most convenient way, using brushes or other tools;<\/li>\n<li>Quick reuse: thanks to the internal sponge, it is possible to frequently rinse the pad in a bucket of water, so that the accessory can be used in optimal conditions at all times;<\/li>\n<li>Lockable packaging: sold in a bag with a long zip closure, reusable, which makes it easier to store the item while preventing it from being contaminated with dirt and dust;<\/li>\n<li>Dimensions: 15\u00d79 cm;<\/li>\n<\/ul>","protected":false},"excerpt":{"rendered":"<p>Innovacar Micron Scrub \u2013 wygodny i skuteczny pad detailingowy Micron Scrub od Innovacar to praktyczny i uniwersalny pad wykonany z g\u0105bki i mikrofibry. Doskonale nadaje si\u0119 do czyszczenia wn\u0119trza samochodu, a nawet trudno dost\u0119pnych powierzchni. Dzi\u0119ki niemu z \u0142atwo\u015bci\u0105 umyjesz siedzenia, dywaniki, desk\u0119 rozdzielcz\u0105, kierownic\u0119, okolice ga\u0142ki do zmiany bieg\u00f3w, drzwi, a tak\u017ce wn\u0119trze baga\u017cnika.&hellip;&nbsp;<a href=\"https:\/\/liquidmaster.pl\/en\/innovacar-micron-scrub-pad-do-czyszczenia-wnetrza-samochodu\/\" rel=\"bookmark\">Read More \u00bb<span class=\"screen-reader-text\">Innovacar Micron Scrub \u2013 pad for cleaning the car interior<\/span><\/a><\/p>","protected":false},"featured_media":1848800,"comment_status":"open","ping_status":"open","template":"","meta":{"neve_meta_sidebar":"","neve_meta_container":"","neve_meta_enable_content_width":"","neve_meta_content_width":0,"neve_meta_title_alignment":"","neve_meta_author_avatar":"","neve_post_elements_order":"","neve_meta_disable_header":"","neve_meta_disable_footer":"","neve_meta_disable_title":"","_themeisle_gutenberg_block_has_review":false},"product_brand":[],"product_cat":[799,800,768],"product_tag":[310],"class_list":{"0":"post-1806051","1":"product","2":"type-product","3":"status-publish","4":"has-post-thumbnail","6":"product_cat-narzedzia-i-akcesoria","7":"product_cat-szczotki-pedzelki-i-narzedzia","8":"product_cat-wnetrze-auta","9":"product_tag-innovacar","11":"first","12":"instock","13":"taxable","14":"shipping-taxable","15":"purchasable","16":"product-type-simple"},"_links":{"self":[{"href":"https:\/\/liquidmaster.pl\/en\/wp-json\/wp\/v2\/product\/1806051","targetHints":{"allow":["GET"]}}],"collection":[{"href":"https:\/\/liquidmaster.pl\/en\/wp-json\/wp\/v2\/product"}],"about":[{"href":"https:\/\/liquidmaster.pl\/en\/wp-json\/wp\/v2\/types\/product"}],"replies":[{"embeddable":true,"href":"https:\/\/liquidmaster.pl\/en\/wp-json\/wp\/v2\/comments?post=1806051"}],"wp:featuredmedia":[{"embeddable":true,"href":"https:\/\/liquidmaster.pl\/en\/wp-json\/wp\/v2\/media\/1848800"}],"wp:attachment":[{"href":"https:\/\/liquidmaster.pl\/en\/wp-json\/wp\/v2\/media?parent=1806051"}],"wp:term":[{"taxonomy":"product_brand","embeddable":true,"href":"https:\/\/liquidmaster.pl\/en\/wp-json\/wp\/v2\/product_brand?post=1806051"},{"taxonomy":"product_cat","embeddable":true,"href":"https:\/\/liquidmaster.pl\/en\/wp-json\/wp\/v2\/product_cat?post=1806051"},{"taxonomy":"product_tag","embeddable":true,"href":"https:\/\/liquidmaster.pl\/en\/wp-json\/wp\/v2\/product_tag?post=1806051"}],"curies":[{"name":"wp","href":"https:\/\/api.w.org\/{rel}","templated":true}]}}