{"id":1806041,"date":"2025-03-28T16:22:04","date_gmt":"2025-03-28T14:22:04","guid":{"rendered":"https:\/\/liquidmaster.pl\/aqua-wheel-coating-100ml-powloka-do-felg\/"},"modified":"2026-04-18T04:36:42","modified_gmt":"2026-04-18T02:36:42","slug":"aqua-wheel-coating-100ml-powloka-do-felg","status":"publish","type":"product","link":"https:\/\/liquidmaster.pl\/en\/aqua-wheel-coating-100ml-powloka-do-felg\/","title":{"rendered":"Aqua Wheel Coating 100ml \u2013 rim coating"},"content":{"rendered":"<p>Aqua Wheel Coating \u2013 a very durable, exceptionally resistant and hydrophobic coating for protecting aluminum, chrome, painted and polished rims. After using it, the rims not only become much less dirty, but also strong alkaline or acidic agents are no longer needed to clean them.\u00a0<\/p>\n<p>The Aqua Wheel Coating formula has been developed in such a way that the coating is invisible to the eye after application, and at the same time perfectly protects the car rims. Depending on the conditions, a single application of the preparation provides surface protection for up to 24 months, so it is an extremely efficient product.<\/p>\n<p>The high hydrophobicity of Aqua Wheel Coating makes the surfaces protected with the preparation effectively reflect water molecules and prevent the formation of streaks. In turn, thanks to less adhesion of dirt (e.g. road salt, dust or mud), cleaning the rims becomes much easier, requires less effort and does not have to be done as often as before the application of Aqua Wheel Coating.<\/p>\n<p>Another great advantage of Aqua Wheel Coating is its ease of application. All you need to do is thoroughly clean and degrease the protected surface twice, apply the preparation on it, and after a few minutes, polish the cleaned surface with a dry microfiber cloth (detailed instructions for the application of AQUA Wheel Coating are attached to the product).<\/p>\n<p>Characteristics:<\/p>\n<ul>\n<li>less dirty rims,<\/li>\n<li>easier cleaning,<\/li>\n<li>high hydrophobicity of protected surfaces,<\/li>\n<li>amazing performance,<\/li>\n<li>impressive durability (up to 2 years),<\/li>\n<li>simple application.\u00a0<\/li>\n<\/ul>\n<p>Usage:<\/p>\n<li>Before applying the coating, thoroughly clean the protected surface and degrease it twice (you can use isopropyl alcohol)<\/li>\n<li>It is best to apply the coating in straight lines directly onto the surface using an applicator or a special coating cloth.<\/li>\n<li>After waiting a few minutes, polish the cleaned surface using a dry microfiber cloth.<\/li>\n<p>Note: Aqua Wheel Coating should not be applied in direct sunlight, at temperatures below 10\u00b0C or on heated elements.<\/p>\n<p>Capacity: 100 ml<\/p>","protected":false},"excerpt":{"rendered":"<p>Aqua Wheel Coating \u2013 to bardzo trwa\u0142a, wyj\u0105tkowo odporna i posiadaj\u0105ca w\u0142a\u015bciwo\u015bci hydrofobowe pow\u0142oka do zabezpieczenia felg aluminiowych, chromowanych, lakierowanych i polerowanych. Po jej zastosowaniu felgi nie tylko zdecydowanie mniej si\u0119 brudz\u0105, ale te\u017c do ich mycia nie s\u0105 ju\u017c potrzebne silne \u015brodki zasadowe czy kwasowe.\u00a0 Formu\u0142a Aqua Wheel Coating opracowana zosta\u0142a w taki spos\u00f3b,&hellip;&nbsp;<a href=\"https:\/\/liquidmaster.pl\/en\/aqua-wheel-coating-100ml-powloka-do-felg\/\" rel=\"bookmark\">Read More \u00bb<span class=\"screen-reader-text\">Aqua Wheel Coating 100ml \u2013 rim coating<\/span><\/a><\/p>","protected":false},"featured_media":1848780,"comment_status":"open","ping_status":"open","template":"","meta":{"neve_meta_sidebar":"","neve_meta_container":"","neve_meta_enable_content_width":"","neve_meta_content_width":0,"neve_meta_title_alignment":"","neve_meta_author_avatar":"","neve_post_elements_order":"","neve_meta_disable_header":"","neve_meta_disable_footer":"","neve_meta_disable_title":"","_themeisle_gutenberg_block_has_review":false},"product_brand":[],"product_cat":[745,733,776],"product_tag":[598],"class_list":{"0":"post-1806041","1":"product","2":"type-product","3":"status-publish","4":"has-post-thumbnail","6":"product_cat-kola-i-opony","7":"product_cat-na-zewnatrz","8":"product_cat-zabezpieczanie-felg","9":"product_tag-aqua-car-cosmetics","11":"first","12":"instock","13":"taxable","14":"shipping-taxable","15":"purchasable","16":"product-type-simple"},"_links":{"self":[{"href":"https:\/\/liquidmaster.pl\/en\/wp-json\/wp\/v2\/product\/1806041","targetHints":{"allow":["GET"]}}],"collection":[{"href":"https:\/\/liquidmaster.pl\/en\/wp-json\/wp\/v2\/product"}],"about":[{"href":"https:\/\/liquidmaster.pl\/en\/wp-json\/wp\/v2\/types\/product"}],"replies":[{"embeddable":true,"href":"https:\/\/liquidmaster.pl\/en\/wp-json\/wp\/v2\/comments?post=1806041"}],"wp:featuredmedia":[{"embeddable":true,"href":"https:\/\/liquidmaster.pl\/en\/wp-json\/wp\/v2\/media\/1848780"}],"wp:attachment":[{"href":"https:\/\/liquidmaster.pl\/en\/wp-json\/wp\/v2\/media?parent=1806041"}],"wp:term":[{"taxonomy":"product_brand","embeddable":true,"href":"https:\/\/liquidmaster.pl\/en\/wp-json\/wp\/v2\/product_brand?post=1806041"},{"taxonomy":"product_cat","embeddable":true,"href":"https:\/\/liquidmaster.pl\/en\/wp-json\/wp\/v2\/product_cat?post=1806041"},{"taxonomy":"product_tag","embeddable":true,"href":"https:\/\/liquidmaster.pl\/en\/wp-json\/wp\/v2\/product_tag?post=1806041"}],"curies":[{"name":"wp","href":"https:\/\/api.w.org\/{rel}","templated":true}]}}