{"id":1806037,"date":"2025-03-28T16:22:04","date_gmt":"2025-03-28T14:22:04","guid":{"rendered":"https:\/\/liquidmaster.pl\/aqua-motor-dressing-5l-plyn-do-konserwacji-komory-silnika\/"},"modified":"2026-04-18T04:36:41","modified_gmt":"2026-04-18T02:36:41","slug":"aqua-motor-dressing-5l-plyn-do-konserwacji-komory-silnika","status":"publish","type":"product","link":"https:\/\/liquidmaster.pl\/en\/aqua-motor-dressing-5l-plyn-do-konserwacji-komory-silnika\/","title":{"rendered":"Aqua Motor Dressing 5L \u2013 engine compartment maintenance fluid"},"content":{"rendered":"<p>Aqua Motor Dressing \u2013 a specialized fluid for the maintenance of the engine compartment, which restores the engine components to their original appearance and prevents the harmful effects of external factors.<br \/>\nThis is an innovative product that will make the engine look like new. Thanks to the formula with active ingredients, Aqua Motor Dressing provides lasting protection against dust, dirt and moisture, which extends the life of engine components and also leaves a static surface.<\/p>\n<p>Usage:<\/p>\n<ul>\n<li>wash the engine<\/li>\n<li>shake the product before use<\/li>\n<li>After washing, apply to the engine compartment using an atomizer<\/li>\n<li>wait until the product dries<\/li>\n<li>After drying, wipe smooth elements with a dry microfiber cloth<\/li>\n<li>you can also use it for plastic wheel arches<\/li>\n<\/ul>\n<p>Capacity: 5L<\/p>","protected":false},"excerpt":{"rendered":"<p>Aqua Motor Dressing \u2013 to specjalistyczny p\u0142yn do konserwacji komory silnika, kt\u00f3ry przywraca elementom silnika pierwotny wygl\u0105d i zapobiega szkodliwemu wp\u0142ywowi czynnik\u00f3w zewn\u0119trznych. To innowacyjny produkt, kt\u00f3ry sprawi, \u017ce silnik b\u0119dzie wygl\u0105da\u0142 jak nowy. Dzi\u0119ki formule z aktywnymi sk\u0142adnikami Aqua Motor Dressing zapewnia trwa\u0142\u0105 ochron\u0119 przed kurzem, brudem, wilgoci\u0105, co przed\u0142u\u017ca \u017cywotno\u015b\u0107 element\u00f3w silnika, a&hellip;&nbsp;<a href=\"https:\/\/liquidmaster.pl\/en\/aqua-motor-dressing-5l-plyn-do-konserwacji-komory-silnika\/\" rel=\"bookmark\">Read More \u00bb<span class=\"screen-reader-text\">Aqua Motor Dressing 5L \u2013 engine compartment maintenance fluid<\/span><\/a><\/p>","protected":false},"featured_media":1848779,"comment_status":"open","ping_status":"open","template":"","meta":{"neve_meta_sidebar":"","neve_meta_container":"","neve_meta_enable_content_width":"","neve_meta_content_width":0,"neve_meta_title_alignment":"","neve_meta_author_avatar":"","neve_post_elements_order":"","neve_meta_disable_header":"","neve_meta_disable_footer":"","neve_meta_disable_title":"","_themeisle_gutenberg_block_has_review":false},"product_brand":[],"product_cat":[755,847,733],"product_tag":[598],"class_list":{"0":"post-1806037","1":"product","2":"type-product","3":"status-publish","4":"has-post-thumbnail","6":"product_cat-komora-silnika","7":"product_cat-konserwacja-silnika","8":"product_cat-na-zewnatrz","9":"product_tag-aqua-car-cosmetics","11":"first","12":"instock","13":"taxable","14":"shipping-taxable","15":"purchasable","16":"product-type-simple"},"_links":{"self":[{"href":"https:\/\/liquidmaster.pl\/en\/wp-json\/wp\/v2\/product\/1806037","targetHints":{"allow":["GET"]}}],"collection":[{"href":"https:\/\/liquidmaster.pl\/en\/wp-json\/wp\/v2\/product"}],"about":[{"href":"https:\/\/liquidmaster.pl\/en\/wp-json\/wp\/v2\/types\/product"}],"replies":[{"embeddable":true,"href":"https:\/\/liquidmaster.pl\/en\/wp-json\/wp\/v2\/comments?post=1806037"}],"wp:featuredmedia":[{"embeddable":true,"href":"https:\/\/liquidmaster.pl\/en\/wp-json\/wp\/v2\/media\/1848779"}],"wp:attachment":[{"href":"https:\/\/liquidmaster.pl\/en\/wp-json\/wp\/v2\/media?parent=1806037"}],"wp:term":[{"taxonomy":"product_brand","embeddable":true,"href":"https:\/\/liquidmaster.pl\/en\/wp-json\/wp\/v2\/product_brand?post=1806037"},{"taxonomy":"product_cat","embeddable":true,"href":"https:\/\/liquidmaster.pl\/en\/wp-json\/wp\/v2\/product_cat?post=1806037"},{"taxonomy":"product_tag","embeddable":true,"href":"https:\/\/liquidmaster.pl\/en\/wp-json\/wp\/v2\/product_tag?post=1806037"}],"curies":[{"name":"wp","href":"https:\/\/api.w.org\/{rel}","templated":true}]}}