{"id":1806029,"date":"2025-03-28T16:20:53","date_gmt":"2025-03-28T14:20:53","guid":{"rendered":"https:\/\/liquidmaster.pl\/shiny-garage-interior-plastic-protectant-matt-500ml-matowy-dressing-do-wnetrza\/"},"modified":"2026-04-18T04:36:40","modified_gmt":"2026-04-18T02:36:40","slug":"shiny-garage-interior-plastic-protectant-matt-500ml-matowy-dressing-do-wnetrza","status":"publish","type":"product","link":"https:\/\/liquidmaster.pl\/en\/shiny-garage-interior-plastic-protectant-matt-500ml-matowy-dressing-do-wnetrza\/","title":{"rendered":"Shiny Garage Interior Plastic Protectant Matt 500ml \u2013 matte dressing for the interior"},"content":{"rendered":"<p>Shiny Garage Interior Plastic Protectant Matt - is a protective dressing for interior plastics, which is a combination of silicone emulsions, antistatic and anti-UV ingredients, and ingredients that preserve the effect. It leaves a matte finish and darkens the surface significantly. Resistant to interior detailers.<\/p>\n<ul>\n<li>strong antistatic and anti-UV properties<\/li>\n<li>matte finish<\/li>\n<li>resistant to detailers<\/li>\n<\/ul>\n<p>Smell: chocolate<br \/>\n\u00a0<br \/>\nUsage:<\/p>\n<ul>\n<li>Make sure the surface is cool<\/li>\n<li>Do not apply in direct sunlight<\/li>\n<\/ul>\n<li>Clean the surface thoroughly with Insider or Interior Quick Detailer.<\/li>\n<li>Apply a small amount to the applicator.<\/li>\n<li>Spread evenly over the surface.<\/li>\n<li>Leave to absorb.<\/li>\n<p>Capacity: 500 ml<\/p>","protected":false},"excerpt":{"rendered":"<p>Shiny Garage Interior Plastic Protectant Matt \u2013 to zabezpieczaj\u0105cy dressing do plastik\u00f3w wewn\u0119trznych, b\u0119d\u0105cy kombinacj\u0105 emulsji silikonowych, sk\u0142adnik\u00f3w antystatycznych i anty-UV, oraz sk\u0142adnik\u00f3w utrwalaj\u0105cych efekt. Pozostawia matowe wyko\u0144czenie i mocno przyciemnia powierzchni\u0119. Odporny na dzia\u0142anie detailer\u00f3w do wn\u0119trza. silne w\u0142a\u015bciwo\u015bci antystatyczne i anty-UV matowe wyko\u0144czenie odporny na dzia\u0142anie detailer\u00f3w Zapach: czekoladowy \u00a0 Spos\u00f3b u\u017cycia: Upewnij&hellip;&nbsp;<a href=\"https:\/\/liquidmaster.pl\/en\/shiny-garage-interior-plastic-protectant-matt-500ml-matowy-dressing-do-wnetrza\/\" rel=\"bookmark\">Read More \u00bb<span class=\"screen-reader-text\">Shiny Garage Interior Plastic Protectant Matt 500ml \u2013 matte dressing for the interior<\/span><\/a><\/p>","protected":false},"featured_media":1848766,"comment_status":"open","ping_status":"open","template":"","meta":{"neve_meta_sidebar":"","neve_meta_container":"","neve_meta_enable_content_width":"","neve_meta_content_width":0,"neve_meta_title_alignment":"","neve_meta_author_avatar":"","neve_post_elements_order":"","neve_meta_disable_header":"","neve_meta_disable_footer":"","neve_meta_disable_title":"","_themeisle_gutenberg_block_has_review":false},"product_brand":[],"product_cat":[796,795,768],"product_tag":[360],"class_list":{"0":"post-1806029","1":"product","2":"type-product","3":"status-publish","4":"has-post-thumbnail","6":"product_cat-ochrona-plastikow-wewnetrznych","7":"product_cat-plastiki-wewnetrzne","8":"product_cat-wnetrze-auta","9":"product_tag-shiny-garage","10":"pa_promocja-promocje","12":"first","13":"instock","14":"taxable","15":"shipping-taxable","16":"purchasable","17":"product-type-simple"},"_links":{"self":[{"href":"https:\/\/liquidmaster.pl\/en\/wp-json\/wp\/v2\/product\/1806029","targetHints":{"allow":["GET"]}}],"collection":[{"href":"https:\/\/liquidmaster.pl\/en\/wp-json\/wp\/v2\/product"}],"about":[{"href":"https:\/\/liquidmaster.pl\/en\/wp-json\/wp\/v2\/types\/product"}],"replies":[{"embeddable":true,"href":"https:\/\/liquidmaster.pl\/en\/wp-json\/wp\/v2\/comments?post=1806029"}],"wp:featuredmedia":[{"embeddable":true,"href":"https:\/\/liquidmaster.pl\/en\/wp-json\/wp\/v2\/media\/1848766"}],"wp:attachment":[{"href":"https:\/\/liquidmaster.pl\/en\/wp-json\/wp\/v2\/media?parent=1806029"}],"wp:term":[{"taxonomy":"product_brand","embeddable":true,"href":"https:\/\/liquidmaster.pl\/en\/wp-json\/wp\/v2\/product_brand?post=1806029"},{"taxonomy":"product_cat","embeddable":true,"href":"https:\/\/liquidmaster.pl\/en\/wp-json\/wp\/v2\/product_cat?post=1806029"},{"taxonomy":"product_tag","embeddable":true,"href":"https:\/\/liquidmaster.pl\/en\/wp-json\/wp\/v2\/product_tag?post=1806029"}],"curies":[{"name":"wp","href":"https:\/\/api.w.org\/{rel}","templated":true}]}}