{"id":1806021,"date":"2025-03-28T16:20:30","date_gmt":"2025-03-28T14:20:30","guid":{"rendered":"https:\/\/liquidmaster.pl\/deturner-cake-shampoo-1l-szampon-do-mycia-auta\/"},"modified":"2026-04-18T04:36:38","modified_gmt":"2026-04-18T02:36:38","slug":"deturner-cake-shampoo-1l-szampon-do-mycia-auta","status":"publish","type":"product","link":"https:\/\/liquidmaster.pl\/en\/deturner-cake-shampoo-1l-szampon-do-mycia-auta\/","title":{"rendered":"Deturner Cake Shampoo 1L \u2013 car washing shampoo"},"content":{"rendered":"<p>Concentrated, high-performance car wash shampoo. Its neutral pH makes it safe for any protected surface and will be effective in ongoing care. Dissolves dirt and removes contaminants from the paint. Abundant foam provides high slip and minimizes the risk of scratches.<\/p>\n<p>Usage:<\/p>\n<p>Prepare 50 ml of shampoo for 10 L of water and lather the solution with a strong stream of water. Wash your car using a suitable glove.<\/p>\n<p>Capacity: 1L<\/p>","protected":false},"excerpt":{"rendered":"<p>Skoncentrowany o wysokiej wydajno\u015bci szampon do mycia samochod\u00f3w. Jego neutralne pH powoduje, \u017ce jest bezpieczny dla ka\u017cdej zabezpieczonej powierzchni oraz b\u0119dzie skuteczny w bie\u017c\u0105cej piel\u0119gnacji. Rozpuszcza brud i usuwa zanieczyszczenia z lakieru. Obfita piana nadaj\u0105c wysoki po\u015blizg, minimalizuje ryzyko powstania zarysowa\u0144. Spos\u00f3b u\u017cycia: Przygotuj 50 ml szamponu na 10 L wody i spie\u0144 roztw\u00f3r silnym&hellip;&nbsp;<a href=\"https:\/\/liquidmaster.pl\/en\/deturner-cake-shampoo-1l-szampon-do-mycia-auta\/\" rel=\"bookmark\">Read More \u00bb<span class=\"screen-reader-text\">Deturner Cake Shampoo 1L \u2013 car washing shampoo<\/span><\/a><\/p>","protected":false},"featured_media":1848752,"comment_status":"open","ping_status":"open","template":"","meta":{"neve_meta_sidebar":"","neve_meta_container":"","neve_meta_enable_content_width":"","neve_meta_content_width":0,"neve_meta_title_alignment":"","neve_meta_author_avatar":"","neve_post_elements_order":"","neve_meta_disable_header":"","neve_meta_disable_footer":"","neve_meta_disable_title":"","_themeisle_gutenberg_block_has_review":false},"product_brand":[],"product_cat":[734,733,740],"product_tag":[287],"class_list":{"0":"post-1806021","1":"product","2":"type-product","3":"status-publish","4":"has-post-thumbnail","6":"product_cat-mycie-i-osuszanie","7":"product_cat-na-zewnatrz","8":"product_cat-szampony-mycie-i-osuszanie","9":"product_tag-deturner","11":"first","12":"instock","13":"taxable","14":"shipping-taxable","15":"purchasable","16":"product-type-simple"},"_links":{"self":[{"href":"https:\/\/liquidmaster.pl\/en\/wp-json\/wp\/v2\/product\/1806021","targetHints":{"allow":["GET"]}}],"collection":[{"href":"https:\/\/liquidmaster.pl\/en\/wp-json\/wp\/v2\/product"}],"about":[{"href":"https:\/\/liquidmaster.pl\/en\/wp-json\/wp\/v2\/types\/product"}],"replies":[{"embeddable":true,"href":"https:\/\/liquidmaster.pl\/en\/wp-json\/wp\/v2\/comments?post=1806021"}],"wp:featuredmedia":[{"embeddable":true,"href":"https:\/\/liquidmaster.pl\/en\/wp-json\/wp\/v2\/media\/1848752"}],"wp:attachment":[{"href":"https:\/\/liquidmaster.pl\/en\/wp-json\/wp\/v2\/media?parent=1806021"}],"wp:term":[{"taxonomy":"product_brand","embeddable":true,"href":"https:\/\/liquidmaster.pl\/en\/wp-json\/wp\/v2\/product_brand?post=1806021"},{"taxonomy":"product_cat","embeddable":true,"href":"https:\/\/liquidmaster.pl\/en\/wp-json\/wp\/v2\/product_cat?post=1806021"},{"taxonomy":"product_tag","embeddable":true,"href":"https:\/\/liquidmaster.pl\/en\/wp-json\/wp\/v2\/product_tag?post=1806021"}],"curies":[{"name":"wp","href":"https:\/\/api.w.org\/{rel}","templated":true}]}}