{"id":1806015,"date":"2025-03-28T16:20:05","date_gmt":"2025-03-28T14:20:05","guid":{"rendered":"https:\/\/liquidmaster.pl\/rain-x-rain-anti-fog-antypara-200ml\/"},"modified":"2026-04-18T04:36:37","modified_gmt":"2026-04-18T02:36:37","slug":"rain-x-rain-anti-fog-antypara-200ml","status":"publish","type":"product","link":"https:\/\/liquidmaster.pl\/en\/rain-x-rain-anti-fog-antypara-200ml\/","title":{"rendered":"Rain-X Rain Anti-Fog anti-fog 200ml"},"content":{"rendered":"<p>Rain-X Anti-fog Prevents windows and mirrors from fogging up.<br \/>\nA highly efficient preparation that protects windows and mirrors inside the car against fogging. Very efficient and easy to use. Just wipe the glass with a microfiber cloth soaked in the preparation, and after it dries, wipe it with a dry cloth. It should not be used on plastics, painted or coated surfaces.<br \/>\nIt is also perfect for use on bathroom mirrors.<\/p>\n<p>Usage:<\/p>\n<li>Wipe the glass with a cloth soaked in the preparation.<\/li>\n<li>Wait until dry.<\/li>\n<li>Repeat if necessary.<\/li>\n<li>Wipe dry with a clean cloth.<\/li>\n<p>\nCapacity: 200ml<\/p>","protected":false},"excerpt":{"rendered":"<p>Rain-X Anti-fog Zapobiega zaparowaniu szyb i lusterek. Wysoce wydajny preparat zabezpieczaj\u0105cy szyby i lusterka wewn\u0105trz samochodu przed zaparowaniem. Bardzo wydajny i \u0142atwy w u\u017cyciu. Wystarczy przetrze\u0107 szyb\u0119 mikrofibr\u0105 nas\u0105czon\u0105 preparatem, a po wyschni\u0119ciu przetrze\u0107 such\u0105 szmatk\u0105.\u00a0 Nie nale\u017cy go stosowa\u0107 na plastiki oraz lakierowane i powlekane powierzchnie. Doskonale nadaje si\u0119 te\u017c do u\u017cycia na lustrach&hellip;&nbsp;<a href=\"https:\/\/liquidmaster.pl\/en\/rain-x-rain-anti-fog-antypara-200ml\/\" rel=\"bookmark\">Read More \u00bb<span class=\"screen-reader-text\">Rain-X Rain Anti-Fog anti-fog 200ml<\/span><\/a><\/p>","protected":false},"featured_media":1848744,"comment_status":"open","ping_status":"open","template":"","meta":{"neve_meta_sidebar":"","neve_meta_container":"","neve_meta_enable_content_width":"","neve_meta_content_width":0,"neve_meta_title_alignment":"","neve_meta_author_avatar":"","neve_post_elements_order":"","neve_meta_disable_header":"","neve_meta_disable_footer":"","neve_meta_disable_title":"","_themeisle_gutenberg_block_has_review":false},"product_brand":[],"product_cat":[885,733,773,768],"product_tag":[351],"class_list":{"0":"post-1806015","1":"product","2":"type-product","3":"status-publish","4":"has-post-thumbnail","6":"product_cat-antypara","7":"product_cat-na-zewnatrz","8":"product_cat-szyby","9":"product_cat-wnetrze-auta","10":"product_tag-rain-x","12":"first","13":"outofstock","14":"taxable","15":"shipping-taxable","16":"purchasable","17":"product-type-simple"},"_links":{"self":[{"href":"https:\/\/liquidmaster.pl\/en\/wp-json\/wp\/v2\/product\/1806015","targetHints":{"allow":["GET"]}}],"collection":[{"href":"https:\/\/liquidmaster.pl\/en\/wp-json\/wp\/v2\/product"}],"about":[{"href":"https:\/\/liquidmaster.pl\/en\/wp-json\/wp\/v2\/types\/product"}],"replies":[{"embeddable":true,"href":"https:\/\/liquidmaster.pl\/en\/wp-json\/wp\/v2\/comments?post=1806015"}],"wp:featuredmedia":[{"embeddable":true,"href":"https:\/\/liquidmaster.pl\/en\/wp-json\/wp\/v2\/media\/1848744"}],"wp:attachment":[{"href":"https:\/\/liquidmaster.pl\/en\/wp-json\/wp\/v2\/media?parent=1806015"}],"wp:term":[{"taxonomy":"product_brand","embeddable":true,"href":"https:\/\/liquidmaster.pl\/en\/wp-json\/wp\/v2\/product_brand?post=1806015"},{"taxonomy":"product_cat","embeddable":true,"href":"https:\/\/liquidmaster.pl\/en\/wp-json\/wp\/v2\/product_cat?post=1806015"},{"taxonomy":"product_tag","embeddable":true,"href":"https:\/\/liquidmaster.pl\/en\/wp-json\/wp\/v2\/product_tag?post=1806015"}],"curies":[{"name":"wp","href":"https:\/\/api.w.org\/{rel}","templated":true}]}}