{"id":1805999,"date":"2025-03-28T16:18:28","date_gmt":"2025-03-28T14:18:28","guid":{"rendered":"https:\/\/liquidmaster.pl\/benbow-pistolet-czyszczacy-plus-3x-tuba\/"},"modified":"2026-03-09T08:32:05","modified_gmt":"2026-03-09T06:32:05","slug":"benbow-pistolet-czyszczacy-plus-3x-tuba","status":"publish","type":"product","link":"https:\/\/liquidmaster.pl\/en\/benbow-pistolet-czyszczacy-plus-3x-tuba\/","title":{"rendered":"Benbow Cleaning Gun plus 3x Tube"},"content":{"rendered":"<p>Benbow Classic 234 set \u2013 Everything you need for effective cleaning!<\/p>\n<p>Discover our versatile Benbow Classic 234 kit, which includes an excellent cleaning gun and three different tubes to provide you with comprehensive cleaning solutions. This set is an irreplaceable tool for both professionals and home car detailing enthusiasts.<\/p>\n<p>The Benbow Classic series cleaning gun is a guarantee of high quality and efficiency. Thanks to precise spraying and high air pressure, our cleaning gun effectively removes dirt from hard-to-reach surfaces such as seats, upholstery, floor mats and many others. Achieve excellent cleaning results that exceed your expectations!<\/p>\n<p>What distinguishes our Benbow Classic 234 set are three different tubes - plastic, metal and with a built-in brush. These various tubes allow you to adapt the gun&#039;s operation to different surfaces and types of dirt, enabling precise and effective cleaning in each case. Whether you&#039;re dealing with tough stains, tire grime, or roof carpet stains, our kit is ready to take on any challenge.<\/p>\n<p>By choosing the Benbow Classic 234 set, you receive a complete set of tools that will make your cleaning easier, more effective and more satisfying. Join the group of satisfied users and enjoy professional cleaning results thanks to the Benbow Classic 234 set!<\/p>","protected":false},"excerpt":{"rendered":"<p>Benbow Classic 234 zestaw &#8211; Wszystko, czego potrzebujesz do efektywnego czyszczenia! Odkryj nasz wszechstronny zestaw Benbow Classic 234, kt\u00f3ry zawiera doskona\u0142y pistolet czyszcz\u0105cy oraz trzy r\u00f3\u017cne tuby, aby zapewni\u0107 Ci kompleksowe rozwi\u0105zania w zakresie czyszczenia. Ten zestaw to niezast\u0105pione narz\u0119dzie zar\u00f3wno dla profesjonalist\u00f3w, jak i entuzjast\u00f3w domowego car detailingu. Pistolet czyszcz\u0105cy z serii Benbow Classic&hellip;&nbsp;<a href=\"https:\/\/liquidmaster.pl\/en\/benbow-pistolet-czyszczacy-plus-3x-tuba\/\" rel=\"bookmark\">Read More \u00bb<span class=\"screen-reader-text\">Benbow Cleaning Gun plus 3x Tube<\/span><\/a><\/p>","protected":false},"featured_media":1848721,"comment_status":"open","ping_status":"open","template":"","meta":{"neve_meta_sidebar":"","neve_meta_container":"","neve_meta_enable_content_width":"","neve_meta_content_width":0,"neve_meta_title_alignment":"","neve_meta_author_avatar":"","neve_post_elements_order":"","neve_meta_disable_header":"","neve_meta_disable_footer":"","neve_meta_disable_title":"","_themeisle_gutenberg_block_has_review":false},"product_brand":[],"product_cat":[757,942,846],"product_tag":[268],"class_list":{"0":"post-1805999","1":"product","2":"type-product","3":"status-publish","4":"has-post-thumbnail","6":"product_cat-akcesoria","7":"product_cat-pneumatyczne-pistolety-czyszczace","8":"product_cat-reszta","9":"product_tag-benbow","11":"first","12":"outofstock","13":"taxable","14":"shipping-taxable","15":"purchasable","16":"product-type-simple"},"_links":{"self":[{"href":"https:\/\/liquidmaster.pl\/en\/wp-json\/wp\/v2\/product\/1805999","targetHints":{"allow":["GET"]}}],"collection":[{"href":"https:\/\/liquidmaster.pl\/en\/wp-json\/wp\/v2\/product"}],"about":[{"href":"https:\/\/liquidmaster.pl\/en\/wp-json\/wp\/v2\/types\/product"}],"replies":[{"embeddable":true,"href":"https:\/\/liquidmaster.pl\/en\/wp-json\/wp\/v2\/comments?post=1805999"}],"wp:featuredmedia":[{"embeddable":true,"href":"https:\/\/liquidmaster.pl\/en\/wp-json\/wp\/v2\/media\/1848721"}],"wp:attachment":[{"href":"https:\/\/liquidmaster.pl\/en\/wp-json\/wp\/v2\/media?parent=1805999"}],"wp:term":[{"taxonomy":"product_brand","embeddable":true,"href":"https:\/\/liquidmaster.pl\/en\/wp-json\/wp\/v2\/product_brand?post=1805999"},{"taxonomy":"product_cat","embeddable":true,"href":"https:\/\/liquidmaster.pl\/en\/wp-json\/wp\/v2\/product_cat?post=1805999"},{"taxonomy":"product_tag","embeddable":true,"href":"https:\/\/liquidmaster.pl\/en\/wp-json\/wp\/v2\/product_tag?post=1805999"}],"curies":[{"name":"wp","href":"https:\/\/api.w.org\/{rel}","templated":true}]}}