{"id":1805989,"date":"2025-03-28T16:18:05","date_gmt":"2025-03-28T14:18:05","guid":{"rendered":"https:\/\/liquidmaster.pl\/poka-stojak-na-felgi-xxl\/"},"modified":"2026-04-18T04:36:33","modified_gmt":"2026-04-18T02:36:33","slug":"poka-stojak-na-felgi-xxl","status":"publish","type":"product","link":"https:\/\/liquidmaster.pl\/en\/poka-stojak-na-felgi-xxl\/","title":{"rendered":"POKA XXL Rim Stand"},"content":{"rendered":"<p>We present a stable and carefully finished XXL rim stand in a version for wide rims. A tool used to support work on rims or entire wheels. Thanks to 3 rollers, we can easily turn the wheel in any direction. The rollers are set at an angle for easy and safe work on the rims. This solution allows you to work on the rim according to your preferences and capabilities.<\/p>\n<p>The stand is made of high quality, durable 4mm black steel, precisely cut and bent, and finally coated with a powder-coated finish, both inside and out, to provide an additional layer of protection against oxidation. The lower rollers are 420 mm long and the upper roller is 400 mm long (total headband length 900 mm) and will fit wide rims ranging in size from 14&quot; to 22&quot;. High-quality rubber feet will keep the stand in one position during the entire work. Thanks to special rear bends, the headband is very stable even with massive wheels.<\/p>","protected":false},"excerpt":{"rendered":"<p>Przedstawiamy stabilny i skrupulatnie wyko\u0144czony stojak na felgi XXL w wersji dla szerokich felg. Narz\u0119dzie s\u0142u\u017c\u0105ce do wspomagania pracy przy felgach lub ca\u0142ych ko\u0142ach. Dzi\u0119ki 3 rolkom bez problemu obr\u00f3cimy ko\u0142o w dowolnym kierunku. Rolki ustawione s\u0105 pod k\u0105tem dla \u0142atwej i bezpiecznej pracy przy felgach. Rozwi\u0105zanie to pozwala pracowa\u0107 przy feldze wed\u0142ug w\u0142asnych upodoba\u0144&hellip;&nbsp;<a href=\"https:\/\/liquidmaster.pl\/en\/poka-stojak-na-felgi-xxl\/\" rel=\"bookmark\">Read More \u00bb<span class=\"screen-reader-text\">POKA XXL Rim Stand<\/span><\/a><\/p>","protected":false},"featured_media":1848708,"comment_status":"open","ping_status":"open","template":"","meta":{"neve_meta_sidebar":"","neve_meta_container":"","neve_meta_enable_content_width":"","neve_meta_content_width":0,"neve_meta_title_alignment":"","neve_meta_author_avatar":"","neve_post_elements_order":"","neve_meta_disable_header":"","neve_meta_disable_footer":"","neve_meta_disable_title":"","_themeisle_gutenberg_block_has_review":false},"product_brand":[],"product_cat":[757,893,846],"product_tag":[343],"class_list":{"0":"post-1805989","1":"product","2":"type-product","3":"status-publish","4":"has-post-thumbnail","6":"product_cat-akcesoria","7":"product_cat-inne","8":"product_cat-reszta","9":"product_tag-poka-premium","11":"first","12":"instock","13":"taxable","14":"shipping-taxable","15":"purchasable","16":"product-type-simple"},"_links":{"self":[{"href":"https:\/\/liquidmaster.pl\/en\/wp-json\/wp\/v2\/product\/1805989","targetHints":{"allow":["GET"]}}],"collection":[{"href":"https:\/\/liquidmaster.pl\/en\/wp-json\/wp\/v2\/product"}],"about":[{"href":"https:\/\/liquidmaster.pl\/en\/wp-json\/wp\/v2\/types\/product"}],"replies":[{"embeddable":true,"href":"https:\/\/liquidmaster.pl\/en\/wp-json\/wp\/v2\/comments?post=1805989"}],"wp:featuredmedia":[{"embeddable":true,"href":"https:\/\/liquidmaster.pl\/en\/wp-json\/wp\/v2\/media\/1848708"}],"wp:attachment":[{"href":"https:\/\/liquidmaster.pl\/en\/wp-json\/wp\/v2\/media?parent=1805989"}],"wp:term":[{"taxonomy":"product_brand","embeddable":true,"href":"https:\/\/liquidmaster.pl\/en\/wp-json\/wp\/v2\/product_brand?post=1805989"},{"taxonomy":"product_cat","embeddable":true,"href":"https:\/\/liquidmaster.pl\/en\/wp-json\/wp\/v2\/product_cat?post=1805989"},{"taxonomy":"product_tag","embeddable":true,"href":"https:\/\/liquidmaster.pl\/en\/wp-json\/wp\/v2\/product_tag?post=1805989"}],"curies":[{"name":"wp","href":"https:\/\/api.w.org\/{rel}","templated":true}]}}