{"id":1805979,"date":"2025-03-28T16:16:49","date_gmt":"2025-03-28T14:16:49","guid":{"rendered":"https:\/\/liquidmaster.pl\/wunder-baum-zapach-choinka-arctic-white\/"},"modified":"2026-04-18T04:36:32","modified_gmt":"2026-04-18T02:36:32","slug":"wunder-baum-zapach-choinka-arctic-white","status":"publish","type":"product","link":"https:\/\/liquidmaster.pl\/en\/wunder-baum-zapach-choinka-arctic-white\/","title":{"rendered":"Wunder-Baum Arctic White Christmas tree fragrance"},"content":{"rendered":"<p>Wunder Baum Christmas trees are known and available all over the world and are extremely popular. The offer includes several types of trees with different scents, from which everyone will certainly choose the right scent for themselves.<\/p>\n<p>Arctic Ice fragrance<\/p>\n<p>Features:<\/p>\n<ul>\n<li>the most important advantage of the trees is their yield and aroma that lasts up to eight weeks<\/li>\n<li>effectively neutralize unpleasant odors from tobacco smoke and moisture<\/li>\n<li>product in the form of cellulose with an elastic band<\/li>\n<\/ul>","protected":false},"excerpt":{"rendered":"<p>Choinki Wunder Baum s\u0105 znane i dost\u0119pne na ca\u0142ym \u015bwiecie i ciesz\u0105 si\u0119 ogromn\u0105 popularno\u015bci\u0105. W\u00a0 ofercie znajduje si\u0119 kilkana\u015bcie rodzaj\u00f3w drzewka o r\u00f3\u017cnych nutach zapachowych, spo\u015br\u00f3d kt\u00f3rych ka\u017cdy z pewno\u015bci\u0105 wybierze odpowiedni zapach dla siebie. Zapach Arctic Ice W\u0142a\u015bciwo\u015bci : najwa\u017cniejszym walorem drzewek jest ich wydajno\u015b\u0107 i utrzymuj\u0105cy si\u0119 do o\u015bmiu tygodni aromat skutecznie&hellip;&nbsp;<a href=\"https:\/\/liquidmaster.pl\/en\/wunder-baum-zapach-choinka-arctic-white\/\" rel=\"bookmark\">Read More \u00bb<span class=\"screen-reader-text\">Wunder-Baum Arctic White Christmas tree fragrance<\/span><\/a><\/p>","protected":false},"featured_media":1848693,"comment_status":"open","ping_status":"open","template":"","meta":{"neve_meta_sidebar":"","neve_meta_container":"","neve_meta_enable_content_width":"","neve_meta_content_width":0,"neve_meta_title_alignment":"","neve_meta_author_avatar":"","neve_post_elements_order":"","neve_meta_disable_header":"","neve_meta_disable_footer":"","neve_meta_disable_title":"","_themeisle_gutenberg_block_has_review":false},"product_brand":[],"product_cat":[888,801,768],"product_tag":[345],"class_list":{"0":"post-1805979","1":"product","2":"type-product","3":"status-publish","4":"has-post-thumbnail","6":"product_cat-dyfuzory-i-zawieszki","7":"product_cat-odswiezacze-powietrza","8":"product_cat-wnetrze-auta","9":"product_tag-pozostali","11":"first","12":"outofstock","13":"taxable","14":"shipping-taxable","15":"purchasable","16":"product-type-simple"},"_links":{"self":[{"href":"https:\/\/liquidmaster.pl\/en\/wp-json\/wp\/v2\/product\/1805979","targetHints":{"allow":["GET"]}}],"collection":[{"href":"https:\/\/liquidmaster.pl\/en\/wp-json\/wp\/v2\/product"}],"about":[{"href":"https:\/\/liquidmaster.pl\/en\/wp-json\/wp\/v2\/types\/product"}],"replies":[{"embeddable":true,"href":"https:\/\/liquidmaster.pl\/en\/wp-json\/wp\/v2\/comments?post=1805979"}],"wp:featuredmedia":[{"embeddable":true,"href":"https:\/\/liquidmaster.pl\/en\/wp-json\/wp\/v2\/media\/1848693"}],"wp:attachment":[{"href":"https:\/\/liquidmaster.pl\/en\/wp-json\/wp\/v2\/media?parent=1805979"}],"wp:term":[{"taxonomy":"product_brand","embeddable":true,"href":"https:\/\/liquidmaster.pl\/en\/wp-json\/wp\/v2\/product_brand?post=1805979"},{"taxonomy":"product_cat","embeddable":true,"href":"https:\/\/liquidmaster.pl\/en\/wp-json\/wp\/v2\/product_cat?post=1805979"},{"taxonomy":"product_tag","embeddable":true,"href":"https:\/\/liquidmaster.pl\/en\/wp-json\/wp\/v2\/product_tag?post=1805979"}],"curies":[{"name":"wp","href":"https:\/\/api.w.org\/{rel}","templated":true}]}}