{"id":1805977,"date":"2025-03-28T16:16:49","date_gmt":"2025-03-28T14:16:49","guid":{"rendered":"https:\/\/liquidmaster.pl\/sonax-plastic-cleaner-interior-5l\/"},"modified":"2026-04-20T08:16:09","modified_gmt":"2026-04-20T06:16:09","slug":"sonax-plastic-cleaner-interior-5l","status":"publish","type":"product","link":"https:\/\/liquidmaster.pl\/en\/sonax-plastic-cleaner-interior-5l\/","title":{"rendered":"Sonax Plastic Cleaner Interior 5L"},"content":{"rendered":"<p>Sonax Plastic Cleaner Interior is a ready-to-use cleaner for plastic and vinyl elements inside the car. More and more ready-to-use preparations for cleaning plastics (so-called interior cleaners) appear on the market. Unfortunately, many of them are diluted APC. Sonax took a completely different path and created an effective, but also very safe preparation for cleaning internal elements. Plastic Cleaner does not have any pictograms indicating hazardous substances. This means that the product is completely safe for the user, and therefore very safe for the artificial materials from which the car interior is made. In addition, it has a very pleasant scent.<\/p>\n<p>Capacity: 5L<\/p>","protected":false},"excerpt":{"rendered":"<p>Sonax Plastic Cleaner Interior to gotowy do u\u017cycia cleaner do element\u00f3w plastikowych i winylowych wewn\u0105trz samochodu. Na rynku pojawia si\u0119 coraz wi\u0119cej gotowych do u\u017cycia preparat\u00f3w do czyszczenia plastik\u00f3w (tzw. interior cleaner\u00f3w). Niestety wiele z nich to rozcie\u0144czone APC. Sonax poszed\u0142 zupe\u0142nie inn\u0105 drog\u0105 i stworzy\u0142 skuteczny, ale r\u00f3wnie\u017c bardzo bezpieczny preparat do czyszczenia wewn\u0119trznych&hellip;&nbsp;<a href=\"https:\/\/liquidmaster.pl\/en\/sonax-plastic-cleaner-interior-5l\/\" rel=\"bookmark\">Read More \u00bb<span class=\"screen-reader-text\">Sonax Plastic Cleaner Interior 5L<\/span><\/a><\/p>","protected":false},"featured_media":1848686,"comment_status":"open","ping_status":"open","template":"","meta":{"neve_meta_sidebar":"","neve_meta_container":"","neve_meta_enable_content_width":"","neve_meta_content_width":0,"neve_meta_title_alignment":"","neve_meta_author_avatar":"","neve_post_elements_order":"","neve_meta_disable_header":"","neve_meta_disable_footer":"","neve_meta_disable_title":"","_themeisle_gutenberg_block_has_review":false},"product_brand":[],"product_cat":[804,795,768],"product_tag":[363],"class_list":{"0":"post-1805977","1":"product","2":"type-product","3":"status-publish","4":"has-post-thumbnail","6":"product_cat-czyszczenie-plastikow-wewnetrznych","7":"product_cat-plastiki-wewnetrzne","8":"product_cat-wnetrze-auta","9":"product_tag-sonax","10":"pa_promocja-promocje","12":"first","13":"outofstock","14":"taxable","15":"shipping-taxable","16":"purchasable","17":"product-type-simple"},"_links":{"self":[{"href":"https:\/\/liquidmaster.pl\/en\/wp-json\/wp\/v2\/product\/1805977","targetHints":{"allow":["GET"]}}],"collection":[{"href":"https:\/\/liquidmaster.pl\/en\/wp-json\/wp\/v2\/product"}],"about":[{"href":"https:\/\/liquidmaster.pl\/en\/wp-json\/wp\/v2\/types\/product"}],"replies":[{"embeddable":true,"href":"https:\/\/liquidmaster.pl\/en\/wp-json\/wp\/v2\/comments?post=1805977"}],"wp:featuredmedia":[{"embeddable":true,"href":"https:\/\/liquidmaster.pl\/en\/wp-json\/wp\/v2\/media\/1848686"}],"wp:attachment":[{"href":"https:\/\/liquidmaster.pl\/en\/wp-json\/wp\/v2\/media?parent=1805977"}],"wp:term":[{"taxonomy":"product_brand","embeddable":true,"href":"https:\/\/liquidmaster.pl\/en\/wp-json\/wp\/v2\/product_brand?post=1805977"},{"taxonomy":"product_cat","embeddable":true,"href":"https:\/\/liquidmaster.pl\/en\/wp-json\/wp\/v2\/product_cat?post=1805977"},{"taxonomy":"product_tag","embeddable":true,"href":"https:\/\/liquidmaster.pl\/en\/wp-json\/wp\/v2\/product_tag?post=1805977"}],"curies":[{"name":"wp","href":"https:\/\/api.w.org\/{rel}","templated":true}]}}