{"id":1805973,"date":"2025-03-28T16:16:27","date_gmt":"2025-03-28T14:16:27","guid":{"rendered":"https:\/\/liquidmaster.pl\/sonax-profiline-plastic-care-exterior-interior-5l\/"},"modified":"2026-04-18T04:36:31","modified_gmt":"2026-04-18T02:36:31","slug":"sonax-profiline-plastic-care-exterior-interior-5l","status":"publish","type":"product","link":"https:\/\/liquidmaster.pl\/en\/sonax-profiline-plastic-care-exteriorinterior-5l\/","title":{"rendered":"SONAX Profiline Plastic Care Exterior\/Interior 5L"},"content":{"rendered":"<p>Plastic Care is an All In One product for plastics. Silicone-based cleaner for vehicle exterior and interior plastics. Contains no solvents. Cares, cleans, protects and restores color. Gives plastics a delicate shine, eliminates stains, discolorations and scratches. Perfect for plastics inside the engine compartment. It has hydrophobic and protective properties. Easy to apply. Does not make cleaned surfaces greasy. When diluted 1:3 with water, it gives a matte effect.<\/p>\n<p>Capacity 5L<\/p>","protected":false},"excerpt":{"rendered":"<p>Plastic Care to produkt typu All In One do tworzyw sztucznych. \u015arodek czyszcz\u0105cy na bazie silikonu do plastik\u00f3w zewn\u0119trznych i wewn\u0119trznych pojazdu. Nie zawiera rozpuszczalnik\u00f3w. Piel\u0119gnuje, czy\u015bci, zabezpiecza oraz przywraca kolor. Nadaje plastikom delikatny po\u0142ysk, eliminuje plamy, przebarwienia i rysy. Doskonale nadaje si\u0119 do plastik\u00f3w wewn\u0105trz komory silnika. Posiada w\u0142a\u015bciwo\u015bci hydrofobowe i ochronne. \u0141atwy w&hellip;&nbsp;<a href=\"https:\/\/liquidmaster.pl\/en\/sonax-profiline-plastic-care-exteriorinterior-5l\/\" rel=\"bookmark\">Read More \u00bb<span class=\"screen-reader-text\">SONAX Profiline Plastic Care Exterior\/Interior 5L<\/span><\/a><\/p>","protected":false},"featured_media":1848685,"comment_status":"open","ping_status":"open","template":"","meta":{"neve_meta_sidebar":"","neve_meta_container":"","neve_meta_enable_content_width":"","neve_meta_content_width":0,"neve_meta_title_alignment":"","neve_meta_author_avatar":"","neve_post_elements_order":"","neve_meta_disable_header":"","neve_meta_disable_footer":"","neve_meta_disable_title":"","_themeisle_gutenberg_block_has_review":false},"product_brand":[],"product_cat":[826,814,733],"product_tag":[363],"class_list":{"0":"post-1805973","1":"product","2":"type-product","3":"status-publish","4":"has-post-thumbnail","6":"product_cat-czyszczenie-gumy-i-plastikow","7":"product_cat-elementy-gumowe-i-plastikowe","8":"product_cat-na-zewnatrz","9":"product_tag-sonax","11":"first","12":"instock","13":"taxable","14":"shipping-taxable","15":"purchasable","16":"product-type-simple"},"_links":{"self":[{"href":"https:\/\/liquidmaster.pl\/en\/wp-json\/wp\/v2\/product\/1805973","targetHints":{"allow":["GET"]}}],"collection":[{"href":"https:\/\/liquidmaster.pl\/en\/wp-json\/wp\/v2\/product"}],"about":[{"href":"https:\/\/liquidmaster.pl\/en\/wp-json\/wp\/v2\/types\/product"}],"replies":[{"embeddable":true,"href":"https:\/\/liquidmaster.pl\/en\/wp-json\/wp\/v2\/comments?post=1805973"}],"wp:featuredmedia":[{"embeddable":true,"href":"https:\/\/liquidmaster.pl\/en\/wp-json\/wp\/v2\/media\/1848685"}],"wp:attachment":[{"href":"https:\/\/liquidmaster.pl\/en\/wp-json\/wp\/v2\/media?parent=1805973"}],"wp:term":[{"taxonomy":"product_brand","embeddable":true,"href":"https:\/\/liquidmaster.pl\/en\/wp-json\/wp\/v2\/product_brand?post=1805973"},{"taxonomy":"product_cat","embeddable":true,"href":"https:\/\/liquidmaster.pl\/en\/wp-json\/wp\/v2\/product_cat?post=1805973"},{"taxonomy":"product_tag","embeddable":true,"href":"https:\/\/liquidmaster.pl\/en\/wp-json\/wp\/v2\/product_tag?post=1805973"}],"curies":[{"name":"wp","href":"https:\/\/api.w.org\/{rel}","templated":true}]}}