{"id":1805969,"date":"2025-03-28T16:16:27","date_gmt":"2025-03-28T14:16:27","guid":{"rendered":"https:\/\/liquidmaster.pl\/sonax-profiline-cc-one-hybrid-coating-50ml\/"},"modified":"2026-04-18T04:36:30","modified_gmt":"2026-04-18T02:36:30","slug":"sonax-profiline-cc-one-hybrid-coating-50ml","status":"publish","type":"product","link":"https:\/\/liquidmaster.pl\/en\/sonax-profiline-cc-one-hybrid-coating-50ml\/","title":{"rendered":"SONAX Profiline CC ONE Hybrid Coating 50ml"},"content":{"rendered":"<p>Innovative, one-stage, long-lasting paint protection with simple and safe application: apply, wipe off - done. The chemical reaction bonds the product with the clear coat, providing it with protection for up to 15 months. It intensively enhances the color, especially of dark varnishes, and gives it a unique shine. The varnish becomes very smooth, making it less dirty. The contents of the package are enough to apply to two cars.<\/p>\n<p>Capacity 50ml<\/p>","protected":false},"excerpt":{"rendered":"<p>Nowatorska, jednoetapowa, d\u0142ugotrwa\u0142\u0105 ochrona lakieru o prostej i bezpiecznej aplikacji: nak\u0142adasz- \u015bcierasz &#8211; zrobione. Reakcja chemiczna wi\u0105\u017ce produkt z lakierem bezbarwnym zapewniaj\u0105c mu ochron\u0119 nawet do 15 miesi\u0119cy. Intensywnie podbija kolor, szczeg\u00f3lnie ciemnych lakier\u00f3w i nadaje mu wyj\u0105tkowy po\u0142ysk. Lakier staje si\u0119 bardzo g\u0142adki dzi\u0119ki czemu mniej si\u0119 brudzi. Zawarto\u015b\u0107 opakowania wystarcza na aplikacj\u0119 na&hellip;&nbsp;<a href=\"https:\/\/liquidmaster.pl\/en\/sonax-profiline-cc-one-hybrid-coating-50ml\/\" rel=\"bookmark\">Read More \u00bb<span class=\"screen-reader-text\">SONAX Profiline CC ONE Hybrid Coating 50ml<\/span><\/a><\/p>","protected":false},"featured_media":1848681,"comment_status":"open","ping_status":"open","template":"","meta":{"neve_meta_sidebar":"","neve_meta_container":"","neve_meta_enable_content_width":"","neve_meta_content_width":0,"neve_meta_title_alignment":"","neve_meta_author_avatar":"","neve_post_elements_order":"","neve_meta_disable_header":"","neve_meta_disable_footer":"","neve_meta_disable_title":"","_themeisle_gutenberg_block_has_review":false},"product_brand":[],"product_cat":[733,766,775],"product_tag":[363],"class_list":{"0":"post-1805969","1":"product","2":"type-product","3":"status-publish","4":"has-post-thumbnail","6":"product_cat-na-zewnatrz","7":"product_cat-ochrona-lakieru","8":"product_cat-powloki-ceramiczne","9":"product_tag-sonax","11":"first","12":"outofstock","13":"taxable","14":"shipping-taxable","15":"purchasable","16":"product-type-simple"},"_links":{"self":[{"href":"https:\/\/liquidmaster.pl\/en\/wp-json\/wp\/v2\/product\/1805969","targetHints":{"allow":["GET"]}}],"collection":[{"href":"https:\/\/liquidmaster.pl\/en\/wp-json\/wp\/v2\/product"}],"about":[{"href":"https:\/\/liquidmaster.pl\/en\/wp-json\/wp\/v2\/types\/product"}],"replies":[{"embeddable":true,"href":"https:\/\/liquidmaster.pl\/en\/wp-json\/wp\/v2\/comments?post=1805969"}],"wp:featuredmedia":[{"embeddable":true,"href":"https:\/\/liquidmaster.pl\/en\/wp-json\/wp\/v2\/media\/1848681"}],"wp:attachment":[{"href":"https:\/\/liquidmaster.pl\/en\/wp-json\/wp\/v2\/media?parent=1805969"}],"wp:term":[{"taxonomy":"product_brand","embeddable":true,"href":"https:\/\/liquidmaster.pl\/en\/wp-json\/wp\/v2\/product_brand?post=1805969"},{"taxonomy":"product_cat","embeddable":true,"href":"https:\/\/liquidmaster.pl\/en\/wp-json\/wp\/v2\/product_cat?post=1805969"},{"taxonomy":"product_tag","embeddable":true,"href":"https:\/\/liquidmaster.pl\/en\/wp-json\/wp\/v2\/product_tag?post=1805969"}],"curies":[{"name":"wp","href":"https:\/\/api.w.org\/{rel}","templated":true}]}}