{"id":1805953,"date":"2025-03-28T16:14:49","date_gmt":"2025-03-28T14:14:49","guid":{"rendered":"https:\/\/liquidmaster.pl\/kwazar-zestaw-serwisowy-orion-super-hd-alka-line\/"},"modified":"2026-04-19T03:23:36","modified_gmt":"2026-04-19T01:23:36","slug":"kwazar-zestaw-serwisowy-orion-super-hd-alka-line","status":"publish","type":"product","link":"https:\/\/liquidmaster.pl\/en\/kwazar-zestaw-serwisowy-orion-super-hd-alka-line\/","title":{"rendered":"Quasar Orion Super HD Alka line Service Kit"},"content":{"rendered":"<p>The set contains the most important seals necessary for the proper operation of the sprayer and silicone oil for the maintenance and lubrication of the seals. It is intended for websites and individual users.<\/p>\n<p>Kit Contents:<\/p>\n<ul>\n<li>oring 4.6\u00d72 EPDM<\/li>\n<li>NBR trapezoidal O-ring<\/li>\n<li>oring 10.3\u00d72.4 EPDM<\/li>\n<li>large EPDM mushroom head<\/li>\n<li>oring 16\u00d72 EPDM<\/li>\n<li>silicone oil<\/li>\n<li>oring 31\u00d73 EPDM<\/li>\n<li>oring 46\u00d75 EPDM<\/li>\n<\/ul>\n<p>Fits: Orion Super HD alka line<\/p>\n<p>\u00a0<\/p>","protected":false},"excerpt":{"rendered":"<p>Zestaw zawiera najwa\u017cniejsze uszczelnienia niezb\u0119dne do poprawnego dzia\u0142ania opryskiwacza oraz olejek silikonowy do konserwacji i smarowania uszczelnie\u0144. Przeznaczony jest dla serwis\u00f3w oraz u\u017cytkownik\u00f3w indywidualnych. Zawarto\u015b\u0107 zestawu: oring 4,6&#215;2 EPDM oring trapezowy NBR oring 10,3&#215;2,4 EPDM grzybek du\u017cy EPDM oring 16&#215;2 EPDM olej silikonowy oring 31&#215;3 EPDM oring 46&#215;5 EPDM Pasuje do: Orion Super HD alka&hellip;&nbsp;<a href=\"https:\/\/liquidmaster.pl\/en\/kwazar-zestaw-serwisowy-orion-super-hd-alka-line\/\" rel=\"bookmark\">Read More \u00bb<span class=\"screen-reader-text\">Quasar Orion Super HD Alka line Service Kit<\/span><\/a><\/p>","protected":false},"featured_media":1848658,"comment_status":"open","ping_status":"open","template":"","meta":{"neve_meta_sidebar":"","neve_meta_container":"","neve_meta_enable_content_width":"","neve_meta_content_width":0,"neve_meta_title_alignment":"","neve_meta_author_avatar":"","neve_post_elements_order":"","neve_meta_disable_header":"","neve_meta_disable_footer":"","neve_meta_disable_title":"","_themeisle_gutenberg_block_has_review":false},"product_brand":[],"product_cat":[757,811],"product_tag":[315],"class_list":{"0":"post-1805953","1":"product","2":"type-product","3":"status-publish","4":"has-post-thumbnail","6":"product_cat-akcesoria","7":"product_cat-pozostale-akcesoria","8":"product_tag-kwazar","10":"first","11":"instock","12":"taxable","13":"shipping-taxable","14":"purchasable","15":"product-type-simple"},"_links":{"self":[{"href":"https:\/\/liquidmaster.pl\/en\/wp-json\/wp\/v2\/product\/1805953","targetHints":{"allow":["GET"]}}],"collection":[{"href":"https:\/\/liquidmaster.pl\/en\/wp-json\/wp\/v2\/product"}],"about":[{"href":"https:\/\/liquidmaster.pl\/en\/wp-json\/wp\/v2\/types\/product"}],"replies":[{"embeddable":true,"href":"https:\/\/liquidmaster.pl\/en\/wp-json\/wp\/v2\/comments?post=1805953"}],"wp:featuredmedia":[{"embeddable":true,"href":"https:\/\/liquidmaster.pl\/en\/wp-json\/wp\/v2\/media\/1848658"}],"wp:attachment":[{"href":"https:\/\/liquidmaster.pl\/en\/wp-json\/wp\/v2\/media?parent=1805953"}],"wp:term":[{"taxonomy":"product_brand","embeddable":true,"href":"https:\/\/liquidmaster.pl\/en\/wp-json\/wp\/v2\/product_brand?post=1805953"},{"taxonomy":"product_cat","embeddable":true,"href":"https:\/\/liquidmaster.pl\/en\/wp-json\/wp\/v2\/product_cat?post=1805953"},{"taxonomy":"product_tag","embeddable":true,"href":"https:\/\/liquidmaster.pl\/en\/wp-json\/wp\/v2\/product_tag?post=1805953"}],"curies":[{"name":"wp","href":"https:\/\/api.w.org\/{rel}","templated":true}]}}