{"id":1805951,"date":"2025-03-28T16:14:49","date_gmt":"2025-03-28T14:14:49","guid":{"rendered":"https:\/\/liquidmaster.pl\/honey-classic-ocf-80-25-czarna-gabka-polerska-na-rzep\/"},"modified":"2026-04-21T08:17:20","modified_gmt":"2026-04-21T06:17:20","slug":"honey-classic-ocf-80-25-czarna-gabka-polerska-na-rzep","status":"publish","type":"product","link":"https:\/\/liquidmaster.pl\/en\/honey-classic-ocf-8025-czarna-gabka-polerska-na-rzep\/","title":{"rendered":"Honey Classic OCF 80\/25 \u2013 black polishing sponge with Velcro"},"content":{"rendered":"<p>Classic OCF is a series of polishing pads made of specially selected foam created for the paint industry. Open-cell foam (OCF TECHNOLOGY) allows you to increase cutting force while ensuring excellent ventilation during work.<\/p>\n<p>The perfectly selected height of the sponge and the retracted Velcro allow for safe work.<\/p>\n<ul>\n<li>Dimension: 80 mm<\/li>\n<li>Height: 25 mm<\/li>\n<li>Fastening: Velcro<\/li>\n<\/ul>","protected":false},"excerpt":{"rendered":"<p>Classic O.C.F to seria pad\u00f3w polerskich, kt\u00f3re produkowane s\u0105 ze specjalnie wyselekcjonowanej pianki stworzonej z my\u015bl\u0105 o przemy\u015ble lakierniczym. Otwartokom\u00f3rkowa pianka (TECHNOLOGY O.C.F.) pozwala na zwi\u0119kszenie si\u0142y ci\u0119cia, zapewniaj\u0105c jednocze\u015bnie doskona\u0142\u0105 wentylacj\u0119 podczas pracy. Doskonale dobrana wysoko\u015b\u0107 g\u0105bki oraz cofni\u0119ty rzep, pozwalj\u0105 na bezpieczn\u0105 bezpieczn\u0105 prac\u0119. Wymiar: 80 mm Wysoko\u015b\u0107: 25 mm Mocowanie: rzep<\/p>","protected":false},"featured_media":1848657,"comment_status":"open","ping_status":"open","template":"","meta":{"neve_meta_sidebar":"","neve_meta_container":"","neve_meta_enable_content_width":"","neve_meta_content_width":0,"neve_meta_title_alignment":"","neve_meta_author_avatar":"","neve_post_elements_order":"","neve_meta_disable_header":"","neve_meta_disable_footer":"","neve_meta_disable_title":"","_themeisle_gutenberg_block_has_review":false},"product_brand":[],"product_cat":[823,822,748],"product_tag":[304],"class_list":{"0":"post-1805951","1":"product","2":"type-product","3":"status-publish","4":"has-post-thumbnail","6":"product_cat-gabki-polerskie","7":"product_cat-pady-polerskie","8":"product_cat-polerowanie","9":"product_tag-honey","11":"first","12":"instock","13":"taxable","14":"shipping-taxable","15":"purchasable","16":"product-type-simple"},"_links":{"self":[{"href":"https:\/\/liquidmaster.pl\/en\/wp-json\/wp\/v2\/product\/1805951","targetHints":{"allow":["GET"]}}],"collection":[{"href":"https:\/\/liquidmaster.pl\/en\/wp-json\/wp\/v2\/product"}],"about":[{"href":"https:\/\/liquidmaster.pl\/en\/wp-json\/wp\/v2\/types\/product"}],"replies":[{"embeddable":true,"href":"https:\/\/liquidmaster.pl\/en\/wp-json\/wp\/v2\/comments?post=1805951"}],"wp:featuredmedia":[{"embeddable":true,"href":"https:\/\/liquidmaster.pl\/en\/wp-json\/wp\/v2\/media\/1848657"}],"wp:attachment":[{"href":"https:\/\/liquidmaster.pl\/en\/wp-json\/wp\/v2\/media?parent=1805951"}],"wp:term":[{"taxonomy":"product_brand","embeddable":true,"href":"https:\/\/liquidmaster.pl\/en\/wp-json\/wp\/v2\/product_brand?post=1805951"},{"taxonomy":"product_cat","embeddable":true,"href":"https:\/\/liquidmaster.pl\/en\/wp-json\/wp\/v2\/product_cat?post=1805951"},{"taxonomy":"product_tag","embeddable":true,"href":"https:\/\/liquidmaster.pl\/en\/wp-json\/wp\/v2\/product_tag?post=1805951"}],"curies":[{"name":"wp","href":"https:\/\/api.w.org\/{rel}","templated":true}]}}