{"id":1805947,"date":"2025-03-28T16:14:27","date_gmt":"2025-03-28T14:14:27","guid":{"rendered":"https:\/\/liquidmaster.pl\/flex-pxe-80-10-8-ec-2-5-p-set-polerka-akumulatorow\/"},"modified":"2026-03-08T04:57:59","modified_gmt":"2026-03-08T02:57:59","slug":"flex-pxe-80-10-8-ec-2-5-p-set-polerka-akumulatorow","status":"publish","type":"product","link":"https:\/\/liquidmaster.pl\/en\/flex-pxe-80-108-ec25-p-set-polerka-akumulatorow\/","title":{"rendered":"FLEX PXE 80 10.8-EC\/2.5 P-set cordless polisher"},"content":{"rendered":"<p>FLEX PXE 80 10.8-EC\/2.5 P-Set &#8211; Indeks 418.102<\/p>\n<p>Specyfikacja:<\/p>\n<ul>\n<li>Innowacyjny system szybkiej wymiany g\u0142owic &#8211; nap\u0119d mimo\u015brodowy i rotacyjny<\/li>\n<li>Nap\u0119d mimo\u015brodowy o skoku 3 i 12 mm<\/li>\n<li>Elastycznie i \u0142atwe jak nigdy dot\u0105d polerowanie i szlifowanie bez hologram\u00f3w za pomoc\u0105 jednego narz\u0119dzia<\/li>\n<li>Idealne urz\u0105dzenie uzupe\u0142niaj\u0105ce dla ka\u017cdego lakiernika, warsztatu samochodowego i salonu autodetailingu<\/li>\n<li>W\u0142\u0105cznik z \u0142agodnym startem i blokad\u0105 pr\u0119dko\u015bci dla pracy ci\u0105g\u0142ej<\/li>\n<li>4 pr\u0119dko\u015bci odpowiednie dla r\u00f3\u017cnych warunk\u00f3w<\/li>\n<li>Wyra\u017any wy\u015bwietlacz LED<\/li>\n<li>Mi\u0119kki chwyt dla idealnej ergonomii i obs\u0142ugi<\/li>\n<li>Optymalizacja wibracji dla komfortowej pracy<\/li>\n<li>Amortyzowane, specjalne rzepy do polerowania i szlifowania<\/li>\n<li>Pier\u015bcie\u0144 amortyzuj\u0105ce dla bezpiecznego trzymania<\/li>\n<li>Silnik bezszczotkowy: d\u0142u\u017csza \u017cywotno\u015b\u0107, wi\u0119ksza wydajno\u015b\u0107 i d\u0142u\u017cszy czas dzia\u0142ania &#8211; elektroniczny system zarz\u0105dzania EMS<\/li>\n<li>Wska\u017anik LED pojemno\u015bci na\u0142adowania baterii<\/li>\n<li>System akumulator\u00f3w FLEX: Praca ze wszystkimi pojemno\u015bciami akumulator\u00f3w\u00a010,8 V<\/li>\n<\/ul>\n<p>Wyposa\u017cenie podstawowe:<\/p>\n<p>1 g\u0142owica rotacyjna DT-P 492.396<br \/>\n1 g\u0142owica mimo\u015br\u00f3d 3 mm skok DT-XF 3 492.418<br \/>\n1 g\u0142owica mimo\u015br\u00f3d 12 mm skok DT-XF 12 492.426<br \/>\n1 uchwyt z rzepem \u00d8 30 mm BP-M D30 PXE 492.388<br \/>\n1 uchwyt na papier samoprzylepny \u00d8 30mm BP-M\/SR D30 PXE 492.353<br \/>\n1 uchwyt z rzepem \u00d8 75 mm BP-M D75 PXE 492.361<br \/>\n2 g\u0105bki PSX-G 40 442.631<br \/>\n2 g\u0105bki\u00a0 PS-V 40 442.658<br \/>\n2 g\u0105bki\u00a0 PS-V 60 492.442<br \/>\n2 g\u0105bki\u00a0 PS-O 60 492.450<br \/>\n2 g\u0105bki\u00a0 PS-R 80 434.345<br \/>\n1 \u015bciereczka z mikrofibry MW-C 317.098<br \/>\n1 pasta P03\/06-LDX 250 ml 443.298<br \/>\n1 pasta P05\/05-LDX 250 ml 443.271<br \/>\n2 akumulator 2.5 Ah AP 10.8\/2.5 418.048<br \/>\n1 \u0142adowarka CA 10.8\/18.0 417.882<br \/>\n1 walizka L-BOXX\u00ae 136 414.085<br \/>\n1 wk\u0142adka do walizki 473.014<\/p>\n<p>Pr\u0119dko\u015b\u0107 Obrotowa Biegu Ja\u0142owego<br \/>\n400-2000\/3000\/4000\/5800<br \/>\nWaga<br \/>\n0,63 kg [bez akumulatora]<br \/>\nMaksymalna \u015arednica G\u0105bki Polerskiej<br \/>\n80 mm<br \/>\nSkok Mimo\u015brodu<br \/>\n800-4000\/6000\/8000\/11600<br \/>\nNapi\u0119cie Akumulatora<br \/>\n10,8 V<br \/>\nPojemno\u015b\u0107 Akumulatora<br \/>\n2,5 Ah, 4,0 Ah lub 6,0 Ah<br \/>\nSkok<br \/>\n3 i 12 mm<\/p>\n","protected":false},"excerpt":{"rendered":"<p>FLEX PXE 80 10.8-EC\/2.5 P-Set &#8211; Indeks 418.102 Specyfikacja: Innowacyjny system szybkiej wymiany g\u0142owic &#8211; nap\u0119d mimo\u015brodowy i rotacyjny Nap\u0119d mimo\u015brodowy o skoku 3 i 12 mm Elastycznie i \u0142atwe jak nigdy dot\u0105d polerowanie i szlifowanie bez hologram\u00f3w za pomoc\u0105 jednego narz\u0119dzia Idealne urz\u0105dzenie uzupe\u0142niaj\u0105ce dla ka\u017cdego lakiernika, warsztatu samochodowego i salonu autodetailingu W\u0142\u0105cznik z&hellip;&nbsp;<a href=\"https:\/\/liquidmaster.pl\/en\/flex-pxe-80-108-ec25-p-set-polerka-akumulatorow\/\" rel=\"bookmark\">Read More \u00bb<span class=\"screen-reader-text\">FLEX PXE 80 10.8-EC\/2.5 P-set cordless polisher<\/span><\/a><\/p>","protected":false},"featured_media":1848648,"comment_status":"open","ping_status":"open","template":"","meta":{"neve_meta_sidebar":"","neve_meta_container":"","neve_meta_enable_content_width":"","neve_meta_content_width":0,"neve_meta_title_alignment":"","neve_meta_author_avatar":"","neve_post_elements_order":"","neve_meta_disable_header":"","neve_meta_disable_footer":"","neve_meta_disable_title":"","_themeisle_gutenberg_block_has_review":false},"product_brand":[],"product_cat":[934,806,748],"product_tag":[292],"class_list":{"0":"post-1805947","1":"product","2":"type-product","3":"status-publish","4":"has-post-thumbnail","6":"product_cat-maszyny-akumulatorowe","7":"product_cat-maszyny-polerskie","8":"product_cat-polerowanie","9":"product_tag-flex","11":"first","12":"outofstock","13":"taxable","14":"shipping-taxable","15":"purchasable","16":"product-type-simple"},"_links":{"self":[{"href":"https:\/\/liquidmaster.pl\/en\/wp-json\/wp\/v2\/product\/1805947","targetHints":{"allow":["GET"]}}],"collection":[{"href":"https:\/\/liquidmaster.pl\/en\/wp-json\/wp\/v2\/product"}],"about":[{"href":"https:\/\/liquidmaster.pl\/en\/wp-json\/wp\/v2\/types\/product"}],"replies":[{"embeddable":true,"href":"https:\/\/liquidmaster.pl\/en\/wp-json\/wp\/v2\/comments?post=1805947"}],"wp:featuredmedia":[{"embeddable":true,"href":"https:\/\/liquidmaster.pl\/en\/wp-json\/wp\/v2\/media\/1848648"}],"wp:attachment":[{"href":"https:\/\/liquidmaster.pl\/en\/wp-json\/wp\/v2\/media?parent=1805947"}],"wp:term":[{"taxonomy":"product_brand","embeddable":true,"href":"https:\/\/liquidmaster.pl\/en\/wp-json\/wp\/v2\/product_brand?post=1805947"},{"taxonomy":"product_cat","embeddable":true,"href":"https:\/\/liquidmaster.pl\/en\/wp-json\/wp\/v2\/product_cat?post=1805947"},{"taxonomy":"product_tag","embeddable":true,"href":"https:\/\/liquidmaster.pl\/en\/wp-json\/wp\/v2\/product_tag?post=1805947"}],"curies":[{"name":"wp","href":"https:\/\/api.w.org\/{rel}","templated":true}]}}