{"id":1805929,"date":"2025-03-28T16:12:49","date_gmt":"2025-03-28T14:12:49","guid":{"rendered":"https:\/\/liquidmaster.pl\/marolex-zestaw-naprawczy-uniwersalny-industry-alka-line\/"},"modified":"2026-04-18T04:36:24","modified_gmt":"2026-04-18T02:36:24","slug":"marolex-zestaw-naprawczy-uniwersalny-industry-alka-line","status":"publish","type":"product","link":"https:\/\/liquidmaster.pl\/en\/marolex-zestaw-naprawczy-uniwersalny-industry-alka-line\/","title":{"rendered":"Marolex Universal Repair Kit Industry Alka Line"},"content":{"rendered":"<p>Marolex universal repair kit for sprayers resistant to alkaline preparations, Industry Alka Line 5, 7, 9, 12 series and for the large Axel 7000 foam gun. Set symbol Z08jE-H.<\/p>\n<p>Set contains:<\/p>\n<ul>\n<li>R40 filter<\/li>\n<li>valve piston<\/li>\n<li>clamping ring<\/li>\n<li>lance clasp ring R107<\/li>\n<li>oring 8 x 2 EPDM<\/li>\n<li>o-ring 11.3 x 2.4 EPDM<\/li>\n<li>silicone grease<\/li>\n<li>oring 3 x 2 EPDM<\/li>\n<li>oring 28 x 4 EPDM<\/li>\n<li>EPDM mushroom<\/li>\n<li>gasket 16 x 24<\/li>\n<li>R48a dosing valve spring<\/li>\n<\/ul>","protected":false},"excerpt":{"rendered":"<p>Marolex uniwersalny zestaw naprawczy do opryskiwaczy odpornych na preparaty zasadowe, z serii Industry Alka Line 5, 7, 9, 12 oraz do du\u017cej pianownicy Axel 7000. Symbol zestawu Z08jE-H. Zestaw zawiera: filterek R40 t\u0142oczek zaworu pier\u015bcie\u0144 zaciskowy pier\u015bcie\u0144 zapinka lancy R107 oring 8 x 2 EPDM oring 11,3 x 2,4 EPDM smar silikonowy oring 3 x&hellip;&nbsp;<a href=\"https:\/\/liquidmaster.pl\/en\/marolex-zestaw-naprawczy-uniwersalny-industry-alka-line\/\" rel=\"bookmark\">Read More \u00bb<span class=\"screen-reader-text\">Marolex Universal Repair Kit Industry Alka Line<\/span><\/a><\/p>","protected":false},"featured_media":1848624,"comment_status":"open","ping_status":"open","template":"","meta":{"neve_meta_sidebar":"","neve_meta_container":"","neve_meta_enable_content_width":"","neve_meta_content_width":0,"neve_meta_title_alignment":"","neve_meta_author_avatar":"","neve_post_elements_order":"","neve_meta_disable_header":"","neve_meta_disable_footer":"","neve_meta_disable_title":"","_themeisle_gutenberg_block_has_review":false},"product_brand":[],"product_cat":[757,811],"product_tag":[319],"class_list":{"0":"post-1805929","1":"product","2":"type-product","3":"status-publish","4":"has-post-thumbnail","6":"product_cat-akcesoria","7":"product_cat-pozostale-akcesoria","8":"product_tag-marolex","10":"first","11":"instock","12":"taxable","13":"shipping-taxable","14":"purchasable","15":"product-type-simple"},"_links":{"self":[{"href":"https:\/\/liquidmaster.pl\/en\/wp-json\/wp\/v2\/product\/1805929","targetHints":{"allow":["GET"]}}],"collection":[{"href":"https:\/\/liquidmaster.pl\/en\/wp-json\/wp\/v2\/product"}],"about":[{"href":"https:\/\/liquidmaster.pl\/en\/wp-json\/wp\/v2\/types\/product"}],"replies":[{"embeddable":true,"href":"https:\/\/liquidmaster.pl\/en\/wp-json\/wp\/v2\/comments?post=1805929"}],"wp:featuredmedia":[{"embeddable":true,"href":"https:\/\/liquidmaster.pl\/en\/wp-json\/wp\/v2\/media\/1848624"}],"wp:attachment":[{"href":"https:\/\/liquidmaster.pl\/en\/wp-json\/wp\/v2\/media?parent=1805929"}],"wp:term":[{"taxonomy":"product_brand","embeddable":true,"href":"https:\/\/liquidmaster.pl\/en\/wp-json\/wp\/v2\/product_brand?post=1805929"},{"taxonomy":"product_cat","embeddable":true,"href":"https:\/\/liquidmaster.pl\/en\/wp-json\/wp\/v2\/product_cat?post=1805929"},{"taxonomy":"product_tag","embeddable":true,"href":"https:\/\/liquidmaster.pl\/en\/wp-json\/wp\/v2\/product_tag?post=1805929"}],"curies":[{"name":"wp","href":"https:\/\/api.w.org\/{rel}","templated":true}]}}