{"id":1805921,"date":"2025-03-28T16:12:27","date_gmt":"2025-03-28T14:12:27","guid":{"rendered":"https:\/\/liquidmaster.pl\/marolex-industry-ergo-alka-line-1500\/"},"modified":"2026-04-18T04:36:23","modified_gmt":"2026-04-18T02:36:23","slug":"marolex-industry-ergo-alka-line-1500","status":"publish","type":"product","link":"https:\/\/liquidmaster.pl\/en\/marolex-industry-ergo-alka-line-1500\/","title":{"rendered":"MAROLEX Industry Ergo Alka line 1500"},"content":{"rendered":"<p>The industry Ergo pressure sprayer is intended for use with alkaline and alcohol-based disinfectants. It is often used in car detailing companies, car washes, workshops and wherever a sprayer is needed to apply cleaning agents, surfactants or disinfectants.<\/p>\n<p>Main features:<\/p>\n<ul>\n<li>a nozzle with an adjustable jet angle allows you to handle the liquid from a fine mist to a continuous stream<\/li>\n<li>The contoured handle makes the sprayer an extension of the hand<\/li>\n<li>can be replaced with any flat jet nozzle, RPS allows us to precisely adjust the sprayer to the agents used<\/li>\n<li>automatic button lock allows continuous operation without having to hold it<\/li>\n<li>The profiled tank makes it easier to unscrew the head and hold it when filling and carrying it<\/li>\n<li>handle adapted to the shape of the hand, also allows hanging the sprayer on the &quot;edge&quot;<\/li>\n<li>safety valve protecting the tank and the user<\/li>\n<li>dual scale \u2013 in liters and US gallons<\/li>\n<li>translucent tank, making it easier to see the liquid level<\/li>\n<li>high quality components and seals<\/li>\n<li>easy-to-operate and very efficient pump<\/li>\n<li>3D Flex system enabling uninterrupted operation of the sprayer regardless of the sprayer&#039;s position<\/li>\n<li>a wide filler allows for quick and easy refilling of the tank<\/li>\n<li>additional storage for nozzles in the handle<\/li>\n<\/ul>","protected":false},"excerpt":{"rendered":"<p>Opryskiwacz ci\u015bnieniowy industry Ergo jest\u00a0 przeznaczony do u\u017cytku \u015brodkami zasadowymi oraz alkoholowymi \u015brodkami dezynfekuj\u0105cymi. Ch\u0119tnie wykorzystywany jest w firmach auto detailingowych, myjniach samochodowych, warsztatach oraz wsz\u0119dzie gdzie niezb\u0119dny jest opryskiwacz do nanoszenia \u015brodk\u00f3w myj\u0105cych, powierzchniowo czynnych czy dezynfekuj\u0105cych. G\u0142\u00f3wne cechy: dysza posiadaj\u0105ca regulacj\u0119 k\u0105ta strumienia umo\u017cliwia operowanie ciecz\u0105 od drobnej mgie\u0142ki po ci\u0105g\u0142y strumie\u0144 wyprofilowana&hellip;&nbsp;<a href=\"https:\/\/liquidmaster.pl\/en\/marolex-industry-ergo-alka-line-1500\/\" rel=\"bookmark\">Read More \u00bb<span class=\"screen-reader-text\">MAROLEX Industry Ergo Alka line 1500<\/span><\/a><\/p>","protected":false},"featured_media":1848613,"comment_status":"open","ping_status":"open","template":"","meta":{"neve_meta_sidebar":"","neve_meta_container":"","neve_meta_enable_content_width":"","neve_meta_content_width":0,"neve_meta_title_alignment":"","neve_meta_author_avatar":"","neve_post_elements_order":"","neve_meta_disable_header":"","neve_meta_disable_footer":"","neve_meta_disable_title":"","_themeisle_gutenberg_block_has_review":false},"product_brand":[],"product_cat":[757,811],"product_tag":[319],"class_list":{"0":"post-1805921","1":"product","2":"type-product","3":"status-publish","4":"has-post-thumbnail","6":"product_cat-akcesoria","7":"product_cat-pozostale-akcesoria","8":"product_tag-marolex","10":"first","11":"instock","12":"taxable","13":"shipping-taxable","14":"purchasable","15":"product-type-simple"},"_links":{"self":[{"href":"https:\/\/liquidmaster.pl\/en\/wp-json\/wp\/v2\/product\/1805921","targetHints":{"allow":["GET"]}}],"collection":[{"href":"https:\/\/liquidmaster.pl\/en\/wp-json\/wp\/v2\/product"}],"about":[{"href":"https:\/\/liquidmaster.pl\/en\/wp-json\/wp\/v2\/types\/product"}],"replies":[{"embeddable":true,"href":"https:\/\/liquidmaster.pl\/en\/wp-json\/wp\/v2\/comments?post=1805921"}],"wp:featuredmedia":[{"embeddable":true,"href":"https:\/\/liquidmaster.pl\/en\/wp-json\/wp\/v2\/media\/1848613"}],"wp:attachment":[{"href":"https:\/\/liquidmaster.pl\/en\/wp-json\/wp\/v2\/media?parent=1805921"}],"wp:term":[{"taxonomy":"product_brand","embeddable":true,"href":"https:\/\/liquidmaster.pl\/en\/wp-json\/wp\/v2\/product_brand?post=1805921"},{"taxonomy":"product_cat","embeddable":true,"href":"https:\/\/liquidmaster.pl\/en\/wp-json\/wp\/v2\/product_cat?post=1805921"},{"taxonomy":"product_tag","embeddable":true,"href":"https:\/\/liquidmaster.pl\/en\/wp-json\/wp\/v2\/product_tag?post=1805921"}],"curies":[{"name":"wp","href":"https:\/\/api.w.org\/{rel}","templated":true}]}}