{"id":1805913,"date":"2025-03-28T16:12:04","date_gmt":"2025-03-28T14:12:04","guid":{"rendered":"https:\/\/liquidmaster.pl\/marolex-industry-ergo-acid-1000-reczny-opryskiwacz-cisnieniowy\/"},"modified":"2026-04-21T00:54:41","modified_gmt":"2026-04-20T22:54:41","slug":"marolex-industry-ergo-acid-1000-reczny-opryskiwacz-cisnieniowy","status":"publish","type":"product","link":"https:\/\/liquidmaster.pl\/en\/marolex-industry-ergo-acid-1000-reczny-opryskiwacz-cisnieniowy\/","title":{"rendered":"Marolex Industry Ergo Acid 1000 \u2013 manual pressure sprayer"},"content":{"rendered":"<p>Industry ergo sprayers are another version of the master family sprayers. We have introduced changes and solutions that have made them one of the best sprayers in their category. One of the elements that we changed is the shape of the tank. Thanks to the special profiling of the tank, we have increased the comfort of unscrewing the head from the tank. We have also widened the filler neck, which will make pouring liquids even easier. We also thought about visibility by adding a transparent liquid level bar that will allow you to easily assess the liquid level in the tank.<\/p>\n<p>We also responded to your suggestions and equipped the sprayer with the 3D FFLEX system, thanks to which treatments can be carried out continuously regardless of the location of the tank. To make work more comfortable, we have created an Auto-lock button that allows you to spray without having to keep the button pressed all the time. To optimize the quality of work, we have created a sprayer option with a 15 cm or 30 cm lance.<\/p>\n<ul>\n<li>Total capacity 1.65 L<\/li>\n<li>Working capacity 1.00 L<\/li>\n<li>Pressure 0.4 MPa<\/li>\n<li>Net weight 0.5 kg<\/li>\n<li>Height 258 mm<\/li>\n<\/ul>\n<p>Main features:<\/p>\n<ul>\n<li>nozzle with adjustable jet angle<\/li>\n<li>replaceable nozzles, compatible with all Marolex sprayers<\/li>\n<li>auto button that blocks the liquid spray stream<\/li>\n<li>tank with a modern shape, special profiling makes it easier to unscrew the head<\/li>\n<li>the handle fits the shape of the hand, it also allows you to hang the sprayer on the edge<\/li>\n<li>safety valve protecting the tank and the user<\/li>\n<li>Dual scale in liters and US gallons<\/li>\n<li>translucent tank, making it easier to see the liquid level<\/li>\n<li>high quality components and seals<\/li>\n<li>easy-to-operate and very efficient pump<\/li>\n<li>3D Flex - a modern liquid suction system that allows spraying at various inclinations of the device<\/li>\n<li>possibility of using additional accessories, e.g. herbicide cover, 15\/30 cm lance<\/li>\n<\/ul>","protected":false},"excerpt":{"rendered":"<p>Opryskiwacze industry ergo s\u0105 kolejn\u0105 ods\u0142on\u0105 opryskiwaczy z rodziny master. Wprowadzili\u015bmy zmiany i rozwi\u0105zania, kt\u00f3re sprawi\u0142y, \u017ce sta\u0142y si\u0119 one jednymi z najlepszych opryskiwaczy w swojej kategorii. Jednym z element\u00f3w, kt\u00f3ry zmienili\u015bmy to kszta\u0142t zbiornika. Dzi\u0119ki specjalnym profilowaniom zbiornika podnie\u015bli\u015bmy komfort odkr\u0119cania g\u0142owicy od zbiornika. Poszerzyli\u015bmy r\u00f3wnie\u017c wlew, co sprawi, \u017ce wlewanie cieczy b\u0119dzie jeszcze&hellip;&nbsp;<a href=\"https:\/\/liquidmaster.pl\/en\/marolex-industry-ergo-acid-1000-reczny-opryskiwacz-cisnieniowy\/\" rel=\"bookmark\">Read More \u00bb<span class=\"screen-reader-text\">Marolex Industry Ergo Acid 1000 \u2013 manual pressure sprayer<\/span><\/a><\/p>","protected":false},"featured_media":1848600,"comment_status":"open","ping_status":"open","template":"","meta":{"neve_meta_sidebar":"","neve_meta_container":"","neve_meta_enable_content_width":"","neve_meta_content_width":0,"neve_meta_title_alignment":"","neve_meta_author_avatar":"","neve_post_elements_order":"","neve_meta_disable_header":"","neve_meta_disable_footer":"","neve_meta_disable_title":"","_themeisle_gutenberg_block_has_review":false},"product_brand":[],"product_cat":[757,811],"product_tag":[319],"class_list":{"0":"post-1805913","1":"product","2":"type-product","3":"status-publish","4":"has-post-thumbnail","6":"product_cat-akcesoria","7":"product_cat-pozostale-akcesoria","8":"product_tag-marolex","10":"first","11":"instock","12":"taxable","13":"shipping-taxable","14":"purchasable","15":"product-type-simple"},"_links":{"self":[{"href":"https:\/\/liquidmaster.pl\/en\/wp-json\/wp\/v2\/product\/1805913","targetHints":{"allow":["GET"]}}],"collection":[{"href":"https:\/\/liquidmaster.pl\/en\/wp-json\/wp\/v2\/product"}],"about":[{"href":"https:\/\/liquidmaster.pl\/en\/wp-json\/wp\/v2\/types\/product"}],"replies":[{"embeddable":true,"href":"https:\/\/liquidmaster.pl\/en\/wp-json\/wp\/v2\/comments?post=1805913"}],"wp:featuredmedia":[{"embeddable":true,"href":"https:\/\/liquidmaster.pl\/en\/wp-json\/wp\/v2\/media\/1848600"}],"wp:attachment":[{"href":"https:\/\/liquidmaster.pl\/en\/wp-json\/wp\/v2\/media?parent=1805913"}],"wp:term":[{"taxonomy":"product_brand","embeddable":true,"href":"https:\/\/liquidmaster.pl\/en\/wp-json\/wp\/v2\/product_brand?post=1805913"},{"taxonomy":"product_cat","embeddable":true,"href":"https:\/\/liquidmaster.pl\/en\/wp-json\/wp\/v2\/product_cat?post=1805913"},{"taxonomy":"product_tag","embeddable":true,"href":"https:\/\/liquidmaster.pl\/en\/wp-json\/wp\/v2\/product_tag?post=1805913"}],"curies":[{"name":"wp","href":"https:\/\/api.w.org\/{rel}","templated":true}]}}