{"id":1805891,"date":"2025-03-28T16:10:35","date_gmt":"2025-03-28T14:10:35","guid":{"rendered":"https:\/\/liquidmaster.pl\/kovax-tolecut-k2500-blue-70x114mm\/"},"modified":"2026-04-18T04:36:18","modified_gmt":"2026-04-18T02:36:18","slug":"kovax-tolecut-k2500-blue-70x114mm","status":"publish","type":"product","link":"https:\/\/liquidmaster.pl\/en\/kovax-tolecut-k2500-blue-70x114mm\/","title":{"rendered":"Kovax Tolecut K2500 Blue 70x114mm"},"content":{"rendered":"<p>Tolecut is a dry sanding system that gives you total control of inclusion removal and extreme speed. Thanks to the constant visibility, the risk of sanding the topcoat is reduced to a minimum. Tolecut is unique in its cutting power, and thanks to its high flexibility, it can be used on both concave and convex surfaces. Its ease of use makes Tolecut a must-have for any paint professional.<\/p>\n<p>CHARACTERISTICS<\/p>\n<ul>\n<li>Removes varnish inclusions and stains<\/li>\n<li>Fast and efficient cutting power<\/li>\n<li>Extremely shallow scratches<\/li>\n<li>Ideal for both water-based and conventional paints<\/li>\n<li>Dry running allows for better sanding control without clogging<\/li>\n<li>A wide range of gradations and tools allows you to remove stains and imperfections from any place<\/li>\n<\/ul>\n<p>Quantity: 1 pc.<\/p>","protected":false},"excerpt":{"rendered":"<p>Tolecut to system szlifierski na sucho umo\u017cliwiaj\u0105cy ca\u0142kowit\u0105 kontrol\u0119 wycinania wtr\u0105ce\u0144 i niezwyk\u0142\u0105 szybko\u015b\u0107 pracy. Dzi\u0119ki sta\u0142ej widoczno\u015bci ryzyko przeszlifowania lakieru nawierzchniowego jest ograniczone do minimum. Tolecut jest unikalny w swojej sile tn\u0105cej, a dzi\u0119ki du\u017cej elastyczno\u015bci mo\u017cna go stosowa\u0107 zar\u00f3wno do powierzchni wkl\u0119s\u0142ych jak i wypuk\u0142ych. \u0141atwo\u015b\u0107 u\u017cycia sprawia, \u017ce Tolecut jest produktem obowi\u0105zkowym&hellip;&nbsp;<a href=\"https:\/\/liquidmaster.pl\/en\/kovax-tolecut-k2500-blue-70x114mm\/\" rel=\"bookmark\">Read More \u00bb<span class=\"screen-reader-text\">Kovax Tolecut K2500 Blue 70x114mm<\/span><\/a><\/p>","protected":false},"featured_media":1848576,"comment_status":"open","ping_status":"open","template":"","meta":{"neve_meta_sidebar":"","neve_meta_container":"","neve_meta_enable_content_width":"","neve_meta_content_width":0,"neve_meta_title_alignment":"","neve_meta_author_avatar":"","neve_post_elements_order":"","neve_meta_disable_header":"","neve_meta_disable_footer":"","neve_meta_disable_title":"","_themeisle_gutenberg_block_has_review":false},"product_brand":[],"product_cat":[876,748,874],"product_tag":[314],"class_list":{"0":"post-1805891","1":"product","2":"type-product","3":"status-publish","4":"has-post-thumbnail","6":"product_cat-papiery","7":"product_cat-polerowanie","8":"product_cat-wet-sanding","9":"product_tag-kovax","11":"first","12":"instock","13":"taxable","14":"shipping-taxable","15":"purchasable","16":"product-type-simple"},"_links":{"self":[{"href":"https:\/\/liquidmaster.pl\/en\/wp-json\/wp\/v2\/product\/1805891","targetHints":{"allow":["GET"]}}],"collection":[{"href":"https:\/\/liquidmaster.pl\/en\/wp-json\/wp\/v2\/product"}],"about":[{"href":"https:\/\/liquidmaster.pl\/en\/wp-json\/wp\/v2\/types\/product"}],"replies":[{"embeddable":true,"href":"https:\/\/liquidmaster.pl\/en\/wp-json\/wp\/v2\/comments?post=1805891"}],"wp:featuredmedia":[{"embeddable":true,"href":"https:\/\/liquidmaster.pl\/en\/wp-json\/wp\/v2\/media\/1848576"}],"wp:attachment":[{"href":"https:\/\/liquidmaster.pl\/en\/wp-json\/wp\/v2\/media?parent=1805891"}],"wp:term":[{"taxonomy":"product_brand","embeddable":true,"href":"https:\/\/liquidmaster.pl\/en\/wp-json\/wp\/v2\/product_brand?post=1805891"},{"taxonomy":"product_cat","embeddable":true,"href":"https:\/\/liquidmaster.pl\/en\/wp-json\/wp\/v2\/product_cat?post=1805891"},{"taxonomy":"product_tag","embeddable":true,"href":"https:\/\/liquidmaster.pl\/en\/wp-json\/wp\/v2\/product_tag?post=1805891"}],"curies":[{"name":"wp","href":"https:\/\/api.w.org\/{rel}","templated":true}]}}