{"id":1805881,"date":"2025-03-28T16:10:08","date_gmt":"2025-03-28T14:10:08","guid":{"rendered":"https:\/\/liquidmaster.pl\/vikan-vehicle-brush-475552-szczotka-do-mycia-samochodow\/"},"modified":"2026-03-10T01:48:00","modified_gmt":"2026-03-09T23:48:00","slug":"vikan-vehicle-brush-475552-szczotka-do-mycia-samochodow","status":"publish","type":"product","link":"https:\/\/liquidmaster.pl\/en\/vikan-vehicle-brush-475552-szczotka-do-mycia-samochodow\/","title":{"rendered":"Vikan Vehicle Brush 475552 - a brush for washing cars"},"content":{"rendered":"<p>Vikan Vehicle Brush 475552 \u2013 an oval brush with a rubber edge intended for washing both passenger cars and trucks. Effective and safe for the washed surface.<\/p>\n<p>Properties:<\/p>\n<ul>\n<li>red-green bristles resistant to chemicals<\/li>\n<li>brush width 20 cm<\/li>\n<li>has no sharp edges<\/li>\n<li>fits all Vikan handles<\/li>\n<\/ul>\n<p>Length: 270 mm<\/p>","protected":false},"excerpt":{"rendered":"<p>Vikan Vehicle Brush 475552 \u2013 owalna szczotka z gumowym rantem przeznaczona do mycia zar\u00f3wno samochod\u00f3w osobowych, jak i ci\u0119\u017carowych. Efektywna i bezpieczna dla mytej powierzchni. W\u0142a\u015bciwo\u015bci: czerwono-zielone w\u0142osie odporne na dzia\u0142anie chemii szeroko\u015b\u0107 szczotki 20 cm nie posiada ostrych kraw\u0119dzi pasuje do wszystkich trzonk\u00f3w marki Vikan D\u0142ugo\u015b\u0107: 270 mm<\/p>","protected":false},"featured_media":1847593,"comment_status":"open","ping_status":"open","template":"","meta":{"neve_meta_sidebar":"","neve_meta_container":"","neve_meta_enable_content_width":"","neve_meta_content_width":0,"neve_meta_title_alignment":"","neve_meta_author_avatar":"","neve_post_elements_order":"","neve_meta_disable_header":"","neve_meta_disable_footer":"","neve_meta_disable_title":"","_themeisle_gutenberg_block_has_review":false},"product_brand":[],"product_cat":[757,785,777],"product_tag":[377],"class_list":{"0":"post-1805881","1":"product","2":"type-product","3":"status-publish","4":"has-post-thumbnail","6":"product_cat-akcesoria","7":"product_cat-do-elementow-zewnetrznych","8":"product_cat-szczotki-i-pedzelki","9":"product_tag-vikan","11":"first","12":"outofstock","13":"taxable","14":"shipping-taxable","15":"purchasable","16":"product-type-simple"},"_links":{"self":[{"href":"https:\/\/liquidmaster.pl\/en\/wp-json\/wp\/v2\/product\/1805881","targetHints":{"allow":["GET"]}}],"collection":[{"href":"https:\/\/liquidmaster.pl\/en\/wp-json\/wp\/v2\/product"}],"about":[{"href":"https:\/\/liquidmaster.pl\/en\/wp-json\/wp\/v2\/types\/product"}],"replies":[{"embeddable":true,"href":"https:\/\/liquidmaster.pl\/en\/wp-json\/wp\/v2\/comments?post=1805881"}],"wp:featuredmedia":[{"embeddable":true,"href":"https:\/\/liquidmaster.pl\/en\/wp-json\/wp\/v2\/media\/1847593"}],"wp:attachment":[{"href":"https:\/\/liquidmaster.pl\/en\/wp-json\/wp\/v2\/media?parent=1805881"}],"wp:term":[{"taxonomy":"product_brand","embeddable":true,"href":"https:\/\/liquidmaster.pl\/en\/wp-json\/wp\/v2\/product_brand?post=1805881"},{"taxonomy":"product_cat","embeddable":true,"href":"https:\/\/liquidmaster.pl\/en\/wp-json\/wp\/v2\/product_cat?post=1805881"},{"taxonomy":"product_tag","embeddable":true,"href":"https:\/\/liquidmaster.pl\/en\/wp-json\/wp\/v2\/product_tag?post=1805881"}],"curies":[{"name":"wp","href":"https:\/\/api.w.org\/{rel}","templated":true}]}}