{"id":1805853,"date":"2025-03-28T16:06:58","date_gmt":"2025-03-28T14:06:58","guid":{"rendered":"https:\/\/liquidmaster.pl\/adbl-industrial-active-foam-1l-piana-aktywna-idealna-na-myjnie\/"},"modified":"2026-03-10T01:38:01","modified_gmt":"2026-03-09T23:38:01","slug":"adbl-industrial-active-foam-1l-piana-aktywna-idealna-na-myjnie","status":"publish","type":"product","link":"https:\/\/liquidmaster.pl\/en\/adbl-industrial-active-foam-1l-piana-aktywna-idealna-na-myjnie\/","title":{"rendered":"ADBL Industrial Active Foam 1L - active foam ideal for a car wash"},"content":{"rendered":"<p>ADBL Industrial Active Foam \u2013 highly concentrated active foam, intended for use in automatic, self-service and manual car washes. Thanks to perfectly selected ingredients, it adheres well to the cleaned surface and penetrates dirt.<\/p>\n<p>Dosage:<\/p>\n<ul>\n<li>1-2% foam lance;<\/li>\n<li>spraying 1-5%.<\/li>\n<\/ul>\n<p>Important!<\/p>\n<ul>\n<li>do not leave to dry;<\/li>\n<li>work in a shaded place;<\/li>\n<li>Before use, check operation in an inconspicuous place.<\/li>\n<\/ul>\n<p>Capacity: 1 L<\/p>\n<p>\u00a0<\/p>","protected":false},"excerpt":{"rendered":"<p>ADBL Industrial Active Foam \u2013 to mocno skoncentrowana piana aktywna, przeznaczona do stosowania w myjniach automatycznych, samoobs\u0142ugowych i r\u0119cznych. Dzi\u0119ki doskonale dobranym sk\u0142adnikom, dobrze przylega do czyszczonej powierzchni i penetruje zanieczyszczenia. Dozowanie: lanca pianotw\u00f3rcza 1-2%; oprysk 1-5%. Wa\u017cne! nie pozostawia\u0107 do wyschni\u0119cia; pracowa\u0107 w zacienionym miejscu; przed u\u017cyciem sprawdzi\u0107 dzia\u0142anie w niewidocznym miejscu. Pojemno\u015b\u0107:\u00a01 L&hellip;&nbsp;<a href=\"https:\/\/liquidmaster.pl\/en\/adbl-industrial-active-foam-1l-piana-aktywna-idealna-na-myjnie\/\" rel=\"bookmark\">Read More \u00bb<span class=\"screen-reader-text\">ADBL Industrial Active Foam 1L - active foam ideal for a car wash<\/span><\/a><\/p>","protected":false},"featured_media":1847568,"comment_status":"open","ping_status":"open","template":"","meta":{"neve_meta_sidebar":"","neve_meta_container":"","neve_meta_enable_content_width":"","neve_meta_content_width":0,"neve_meta_title_alignment":"","neve_meta_author_avatar":"","neve_post_elements_order":"","neve_meta_disable_header":"","neve_meta_disable_footer":"","neve_meta_disable_title":"","_themeisle_gutenberg_block_has_review":false},"product_brand":[],"product_cat":[734,733,753],"product_tag":[258],"class_list":{"0":"post-1805853","1":"product","2":"type-product","3":"status-publish","4":"has-post-thumbnail","6":"product_cat-mycie-i-osuszanie","7":"product_cat-na-zewnatrz","8":"product_cat-piany-aktywne-i-pianownice","9":"product_tag-adbl","11":"first","12":"instock","13":"taxable","14":"shipping-taxable","15":"purchasable","16":"product-type-simple"},"_links":{"self":[{"href":"https:\/\/liquidmaster.pl\/en\/wp-json\/wp\/v2\/product\/1805853","targetHints":{"allow":["GET"]}}],"collection":[{"href":"https:\/\/liquidmaster.pl\/en\/wp-json\/wp\/v2\/product"}],"about":[{"href":"https:\/\/liquidmaster.pl\/en\/wp-json\/wp\/v2\/types\/product"}],"replies":[{"embeddable":true,"href":"https:\/\/liquidmaster.pl\/en\/wp-json\/wp\/v2\/comments?post=1805853"}],"wp:featuredmedia":[{"embeddable":true,"href":"https:\/\/liquidmaster.pl\/en\/wp-json\/wp\/v2\/media\/1847568"}],"wp:attachment":[{"href":"https:\/\/liquidmaster.pl\/en\/wp-json\/wp\/v2\/media?parent=1805853"}],"wp:term":[{"taxonomy":"product_brand","embeddable":true,"href":"https:\/\/liquidmaster.pl\/en\/wp-json\/wp\/v2\/product_brand?post=1805853"},{"taxonomy":"product_cat","embeddable":true,"href":"https:\/\/liquidmaster.pl\/en\/wp-json\/wp\/v2\/product_cat?post=1805853"},{"taxonomy":"product_tag","embeddable":true,"href":"https:\/\/liquidmaster.pl\/en\/wp-json\/wp\/v2\/product_tag?post=1805853"}],"curies":[{"name":"wp","href":"https:\/\/api.w.org\/{rel}","templated":true}]}}