{"id":1805851,"date":"2025-03-28T16:06:49","date_gmt":"2025-03-28T14:06:49","guid":{"rendered":"https:\/\/liquidmaster.pl\/kovax-super-assilex-k1200-130x170mm-orange\/"},"modified":"2026-04-18T04:36:11","modified_gmt":"2026-04-18T02:36:11","slug":"kovax-super-assilex-k1200-130x170mm-orange","status":"publish","type":"product","link":"https:\/\/liquidmaster.pl\/en\/kovax-super-assilex-k1200-130x170mm-orange\/","title":{"rendered":"Kovax Super Assilex K1200 130x170mm Orange"},"content":{"rendered":"<p>The innovative latex carrier and unique grain structure create exceptionally even and shallow scratches while ensuring extraordinary speed of work. Super Assilex products support you in your daily grinding work with excellent performance and cutting speed. Super Assilex prevents potential problems in the rest of the sanding process. It is characterized by 95% grain composition.<\/p>\n<p>CHARACTERISTICS<br \/>\nPerfect for use:<\/p>\n<ul>\n<li>For finishing the base coat treatment<\/li>\n<li>For sanding the base coat<\/li>\n<li>For shading clear varnish<\/li>\n<li>For preliminary preparation before polishing<\/li>\n<li>Dedicated to manual processing without fear of leaving an aggressive finish<\/li>\n<\/ul>\n<p>Advantages:<\/p>\n<ul>\n<li>Very fast and even sanding<\/li>\n<li>It leaves extremely shallow scratches without the fear of abrading the edges<\/li>\n<li>The flexible carrier allows you to work in hard-to-reach places<\/li>\n<li>Time savings of 50% or more<\/li>\n<li>Designed for dry grinding, it allows for better control, safety and cleanliness of work<\/li>\n<li>Abrasive on a latex base, covered with a non-clogging coating and without a sharp edge<\/li>\n<li>Unique availability on the market: both on a disc and on a flexible ribbon. For both mechanical and manual processing<\/li>\n<li>A wide range of gradations allows Assilex to be used at every stage of repair\/production<\/li>\n<li>Patented technology<\/li>\n<\/ul>\n<p>Quantity: 1 pc.<\/p>","protected":false},"excerpt":{"rendered":"<p>Innowacyjny no\u015bnik lateksowy i unikalna struktura ziarna powoduj\u0105 wyj\u0105tkowo r\u00f3wnomierne i p\u0142ytkie rysy jednocze\u015bnie zapewniaj\u0105c niezwyk\u0142\u0105 szybko\u015b\u0107 pracy. Produkty Super Assilex wspieraj\u0105 Ci\u0119 podczas codziennych prac szlifierskich dzi\u0119ki doskona\u0142ej wydajno\u015bci i szybko\u015bci ci\u0119cia. Super Assilex zapobiega potencjalnym problemom w pozosta\u0142ej cz\u0119\u015bci procesu szlifowania. Charakteryzuje si\u0119 95% sk\u0142adem ziarna. CECHY Idealny do stosowania: Do wyko\u0144czenia obr\u00f3bki&hellip;&nbsp;<a href=\"https:\/\/liquidmaster.pl\/en\/kovax-super-assilex-k1200-130x170mm-orange\/\" rel=\"bookmark\">Read More \u00bb<span class=\"screen-reader-text\">Kovax Super Assilex K1200 130x170mm Orange<\/span><\/a><\/p>","protected":false},"featured_media":1848526,"comment_status":"open","ping_status":"open","template":"","meta":{"neve_meta_sidebar":"","neve_meta_container":"","neve_meta_enable_content_width":"","neve_meta_content_width":0,"neve_meta_title_alignment":"","neve_meta_author_avatar":"","neve_post_elements_order":"","neve_meta_disable_header":"","neve_meta_disable_footer":"","neve_meta_disable_title":"","_themeisle_gutenberg_block_has_review":false},"product_brand":[],"product_cat":[876,748,874],"product_tag":[314],"class_list":{"0":"post-1805851","1":"product","2":"type-product","3":"status-publish","4":"has-post-thumbnail","6":"product_cat-papiery","7":"product_cat-polerowanie","8":"product_cat-wet-sanding","9":"product_tag-kovax","11":"first","12":"instock","13":"taxable","14":"shipping-taxable","15":"purchasable","16":"product-type-simple"},"_links":{"self":[{"href":"https:\/\/liquidmaster.pl\/en\/wp-json\/wp\/v2\/product\/1805851","targetHints":{"allow":["GET"]}}],"collection":[{"href":"https:\/\/liquidmaster.pl\/en\/wp-json\/wp\/v2\/product"}],"about":[{"href":"https:\/\/liquidmaster.pl\/en\/wp-json\/wp\/v2\/types\/product"}],"replies":[{"embeddable":true,"href":"https:\/\/liquidmaster.pl\/en\/wp-json\/wp\/v2\/comments?post=1805851"}],"wp:featuredmedia":[{"embeddable":true,"href":"https:\/\/liquidmaster.pl\/en\/wp-json\/wp\/v2\/media\/1848526"}],"wp:attachment":[{"href":"https:\/\/liquidmaster.pl\/en\/wp-json\/wp\/v2\/media?parent=1805851"}],"wp:term":[{"taxonomy":"product_brand","embeddable":true,"href":"https:\/\/liquidmaster.pl\/en\/wp-json\/wp\/v2\/product_brand?post=1805851"},{"taxonomy":"product_cat","embeddable":true,"href":"https:\/\/liquidmaster.pl\/en\/wp-json\/wp\/v2\/product_cat?post=1805851"},{"taxonomy":"product_tag","embeddable":true,"href":"https:\/\/liquidmaster.pl\/en\/wp-json\/wp\/v2\/product_tag?post=1805851"}],"curies":[{"name":"wp","href":"https:\/\/api.w.org\/{rel}","templated":true}]}}