{"id":1805847,"date":"2025-03-28T16:06:49","date_gmt":"2025-03-28T14:06:49","guid":{"rendered":"https:\/\/liquidmaster.pl\/kovax-yellow-film-p1200-152mm-15-otworow\/"},"modified":"2026-04-18T04:36:10","modified_gmt":"2026-04-18T02:36:10","slug":"kovax-yellow-film-p1200-152mm-15-otworow","status":"publish","type":"product","link":"https:\/\/liquidmaster.pl\/en\/kovax-yellow-film-p1200-152mm-15-otworow\/","title":{"rendered":"Kovax Yellow Film P1200 152mm 15 holes"},"content":{"rendered":"<p>The number 1 shading solution, with a guarantee of a perfect and invisible transition from the old to the new clear coat.<\/p>\n<p>The foil combined with an anti-overheating coating allows for a cool and safe grinding process. As a result, overheating spots can be kept to a minimum and the risk of deep scratches is significantly reduced. Yellow Film is ideal for sanding the top layer, removing imperfections and removing orange peel structure. Yellow Film&#039;s main markets are the automotive sector as well as the wood market.<\/p>\n<p>CHARACTERISTICS<\/p>\n<ul>\n<li>Sanding the top layer<\/li>\n<li>Removes the structure of the varnish<\/li>\n<li>Sanding process for shading<\/li>\n<li>Fast cutting, extraordinary durability<\/li>\n<li>Flexible foil backing<\/li>\n<li>Even finish<\/li>\n<li>Dry grinding without clogging<\/li>\n<\/ul>\n<p>Quantity: 1 pc.<\/p>","protected":false},"excerpt":{"rendered":"<p>Rozwi\u0105zanie numer 1 do cieniowania, z gwarancj\u0105 na doskona\u0142e i niewidoczne przej\u015bcie od starej do nowej pow\u0142oki lakieru bezbarwnego. Folia w po\u0142\u0105czeniu z pow\u0142ok\u0105 przeciw przegrzewaniu pozwala na ch\u0142odny i bezpieczny proces szlifowania. W rezultacie miejsca przegrzania mog\u0105 zosta\u0107 ograniczone do minimum, a ryzyko g\u0142\u0119bokich zarysowa\u0144 jest znacznie zmniejszone. Yellow Film jest idealny do szlifowania&hellip;&nbsp;<a href=\"https:\/\/liquidmaster.pl\/en\/kovax-yellow-film-p1200-152mm-15-otworow\/\" rel=\"bookmark\">Read More \u00bb<span class=\"screen-reader-text\">Kovax Yellow Film P1200 152mm 15 holes<\/span><\/a><\/p>","protected":false},"featured_media":1848517,"comment_status":"open","ping_status":"open","template":"","meta":{"neve_meta_sidebar":"","neve_meta_container":"","neve_meta_enable_content_width":"","neve_meta_content_width":0,"neve_meta_title_alignment":"","neve_meta_author_avatar":"","neve_post_elements_order":"","neve_meta_disable_header":"","neve_meta_disable_footer":"","neve_meta_disable_title":"","_themeisle_gutenberg_block_has_review":false},"product_brand":[],"product_cat":[876,748,874],"product_tag":[314],"class_list":{"0":"post-1805847","1":"product","2":"type-product","3":"status-publish","4":"has-post-thumbnail","6":"product_cat-papiery","7":"product_cat-polerowanie","8":"product_cat-wet-sanding","9":"product_tag-kovax","11":"first","12":"instock","13":"taxable","14":"shipping-taxable","15":"purchasable","16":"product-type-simple"},"_links":{"self":[{"href":"https:\/\/liquidmaster.pl\/en\/wp-json\/wp\/v2\/product\/1805847","targetHints":{"allow":["GET"]}}],"collection":[{"href":"https:\/\/liquidmaster.pl\/en\/wp-json\/wp\/v2\/product"}],"about":[{"href":"https:\/\/liquidmaster.pl\/en\/wp-json\/wp\/v2\/types\/product"}],"replies":[{"embeddable":true,"href":"https:\/\/liquidmaster.pl\/en\/wp-json\/wp\/v2\/comments?post=1805847"}],"wp:featuredmedia":[{"embeddable":true,"href":"https:\/\/liquidmaster.pl\/en\/wp-json\/wp\/v2\/media\/1848517"}],"wp:attachment":[{"href":"https:\/\/liquidmaster.pl\/en\/wp-json\/wp\/v2\/media?parent=1805847"}],"wp:term":[{"taxonomy":"product_brand","embeddable":true,"href":"https:\/\/liquidmaster.pl\/en\/wp-json\/wp\/v2\/product_brand?post=1805847"},{"taxonomy":"product_cat","embeddable":true,"href":"https:\/\/liquidmaster.pl\/en\/wp-json\/wp\/v2\/product_cat?post=1805847"},{"taxonomy":"product_tag","embeddable":true,"href":"https:\/\/liquidmaster.pl\/en\/wp-json\/wp\/v2\/product_tag?post=1805847"}],"curies":[{"name":"wp","href":"https:\/\/api.w.org\/{rel}","templated":true}]}}