{"id":1805843,"date":"2025-03-28T16:06:27","date_gmt":"2025-03-28T14:06:27","guid":{"rendered":"https:\/\/liquidmaster.pl\/kovax-maxfilm-p400-70x126mm\/"},"modified":"2026-04-18T04:36:10","modified_gmt":"2026-04-18T02:36:10","slug":"kovax-maxfilm-p400-70x126mm","status":"publish","type":"product","link":"https:\/\/liquidmaster.pl\/en\/kovax-maxfilm-p400-70x126mm\/","title":{"rendered":"Kovax Maxfilm P400 70x126mm"},"content":{"rendered":"<p>Maxfilm ensures maximum service life throughout the entire sanding process, from sanding clean metal to sanding the primer.<\/p>\n<p>The special carrier used in Maxfilm ensures even closer contact with the ground surface and prevents grains from sticking into the carrier. This carrier, combined with a double anti-clogging coating, gives the disc an extremely long life. Gradation information on the top of the disc ensures maximum ease of use.<\/p>\n<p>CHARACTERISTICS<\/p>\n<ul>\n<li>Extremely fast cutting<\/li>\n<li>Extended abrasive life<\/li>\n<li>Uniform finish<\/li>\n<li>High resistance to clogging<\/li>\n<li>Consistently high performance<\/li>\n<li>Best for sanding hard surfaces<\/li>\n<li>Product on a foil medium<\/li>\n<li>Complete product range<\/li>\n<\/ul>\n<p>Quantity: 1 pc.<\/p>","protected":false},"excerpt":{"rendered":"<p>Maxfilm zapewnia maksymaln\u0105 \u017cywotno\u015b\u0107 podczas ca\u0142ego procesu szlifowania, od szlifowania do czystego metalu po szlifowanie podk\u0142adu. Specjalny no\u015bnik wykorzystywany w Maxfilm zapewnia jeszcze bli\u017cszy kontakt z powierzchni\u0105 szlifowan\u0105 oraz zapobiega wbijaniu si\u0119 ziaren do no\u015bnika. No\u015bnik ten w po\u0142\u0105czeniu z podw\u00f3jn\u0105 pow\u0142ok\u0105 przeciw zapychaniu si\u0119 daje niezwykle d\u0142ug\u0105 \u017cywotno\u015b\u0107 kr\u0105\u017cka. Informacja o gradacji na g\u00f3rnej&hellip;&nbsp;<a href=\"https:\/\/liquidmaster.pl\/en\/kovax-maxfilm-p400-70x126mm\/\" rel=\"bookmark\">Read More \u00bb<span class=\"screen-reader-text\">Kovax Maxfilm P400 70x126mm<\/span><\/a><\/p>","protected":false},"featured_media":1848516,"comment_status":"open","ping_status":"open","template":"","meta":{"neve_meta_sidebar":"","neve_meta_container":"","neve_meta_enable_content_width":"","neve_meta_content_width":0,"neve_meta_title_alignment":"","neve_meta_author_avatar":"","neve_post_elements_order":"","neve_meta_disable_header":"","neve_meta_disable_footer":"","neve_meta_disable_title":"","_themeisle_gutenberg_block_has_review":false},"product_brand":[],"product_cat":[876,748,874],"product_tag":[314],"class_list":{"0":"post-1805843","1":"product","2":"type-product","3":"status-publish","4":"has-post-thumbnail","6":"product_cat-papiery","7":"product_cat-polerowanie","8":"product_cat-wet-sanding","9":"product_tag-kovax","11":"first","12":"outofstock","13":"taxable","14":"shipping-taxable","15":"purchasable","16":"product-type-simple"},"_links":{"self":[{"href":"https:\/\/liquidmaster.pl\/en\/wp-json\/wp\/v2\/product\/1805843","targetHints":{"allow":["GET"]}}],"collection":[{"href":"https:\/\/liquidmaster.pl\/en\/wp-json\/wp\/v2\/product"}],"about":[{"href":"https:\/\/liquidmaster.pl\/en\/wp-json\/wp\/v2\/types\/product"}],"replies":[{"embeddable":true,"href":"https:\/\/liquidmaster.pl\/en\/wp-json\/wp\/v2\/comments?post=1805843"}],"wp:featuredmedia":[{"embeddable":true,"href":"https:\/\/liquidmaster.pl\/en\/wp-json\/wp\/v2\/media\/1848516"}],"wp:attachment":[{"href":"https:\/\/liquidmaster.pl\/en\/wp-json\/wp\/v2\/media?parent=1805843"}],"wp:term":[{"taxonomy":"product_brand","embeddable":true,"href":"https:\/\/liquidmaster.pl\/en\/wp-json\/wp\/v2\/product_brand?post=1805843"},{"taxonomy":"product_cat","embeddable":true,"href":"https:\/\/liquidmaster.pl\/en\/wp-json\/wp\/v2\/product_cat?post=1805843"},{"taxonomy":"product_tag","embeddable":true,"href":"https:\/\/liquidmaster.pl\/en\/wp-json\/wp\/v2\/product_tag?post=1805843"}],"curies":[{"name":"wp","href":"https:\/\/api.w.org\/{rel}","templated":true}]}}