{"id":1805841,"date":"2025-03-28T16:06:27","date_gmt":"2025-03-28T14:06:27","guid":{"rendered":"https:\/\/liquidmaster.pl\/kovax-buflex-dry-przekladka-78x123mm\/"},"modified":"2026-04-21T08:16:59","modified_gmt":"2026-04-21T06:16:59","slug":"kovax-buflex-dry-przekladka-78x123mm","status":"publish","type":"product","link":"https:\/\/liquidmaster.pl\/en\/kovax-buflex-dry-przekladka-78x123mm\/","title":{"rendered":"Kovax Buflex Dry Spacer 78x123mm"},"content":{"rendered":"<p>Spacer with female-female Velcro for the Proma-X Assilex\/Buflex or KO-202 grinder. Dedicated to Buflex Dry ribbons.<\/p>\n<p>Size 78x123mm<\/p>","protected":false},"excerpt":{"rendered":"<p>Przek\u0142adka\u00a0z rzepem \u017ce\u0144sko-\u017ce\u0144skim pod szlifierk\u0119 Proma-X Assilex\/Buflex lub KO-202. Dedykowana do wst\u0119g Buflex Dry. Rozmiar 78x123mm<\/p>","protected":false},"featured_media":1848512,"comment_status":"open","ping_status":"open","template":"","meta":{"neve_meta_sidebar":"","neve_meta_container":"","neve_meta_enable_content_width":"","neve_meta_content_width":0,"neve_meta_title_alignment":"","neve_meta_author_avatar":"","neve_post_elements_order":"","neve_meta_disable_header":"","neve_meta_disable_footer":"","neve_meta_disable_title":"","_themeisle_gutenberg_block_has_review":false},"product_brand":[],"product_cat":[757,748,874],"product_tag":[314],"class_list":{"0":"post-1805841","1":"product","2":"type-product","3":"status-publish","4":"has-post-thumbnail","6":"product_cat-akcesoria","7":"product_cat-polerowanie","8":"product_cat-wet-sanding","9":"product_tag-kovax","11":"first","12":"instock","13":"taxable","14":"shipping-taxable","15":"purchasable","16":"product-type-simple"},"_links":{"self":[{"href":"https:\/\/liquidmaster.pl\/en\/wp-json\/wp\/v2\/product\/1805841","targetHints":{"allow":["GET"]}}],"collection":[{"href":"https:\/\/liquidmaster.pl\/en\/wp-json\/wp\/v2\/product"}],"about":[{"href":"https:\/\/liquidmaster.pl\/en\/wp-json\/wp\/v2\/types\/product"}],"replies":[{"embeddable":true,"href":"https:\/\/liquidmaster.pl\/en\/wp-json\/wp\/v2\/comments?post=1805841"}],"wp:featuredmedia":[{"embeddable":true,"href":"https:\/\/liquidmaster.pl\/en\/wp-json\/wp\/v2\/media\/1848512"}],"wp:attachment":[{"href":"https:\/\/liquidmaster.pl\/en\/wp-json\/wp\/v2\/media?parent=1805841"}],"wp:term":[{"taxonomy":"product_brand","embeddable":true,"href":"https:\/\/liquidmaster.pl\/en\/wp-json\/wp\/v2\/product_brand?post=1805841"},{"taxonomy":"product_cat","embeddable":true,"href":"https:\/\/liquidmaster.pl\/en\/wp-json\/wp\/v2\/product_cat?post=1805841"},{"taxonomy":"product_tag","embeddable":true,"href":"https:\/\/liquidmaster.pl\/en\/wp-json\/wp\/v2\/product_tag?post=1805841"}],"curies":[{"name":"wp","href":"https:\/\/api.w.org\/{rel}","templated":true}]}}